{"id":50620,"date":"2017-08-23T15:19:12","date_gmt":"2017-08-23T15:19:12","guid":{"rendered":"https:\/\/donaulife-new.ogrisdigital.at\/produkt\/actitube-aktivkohlefilter-40-stueck\/"},"modified":"2024-02-04T18:37:26","modified_gmt":"2024-02-04T18:37:26","slug":"actitube-aktivkohlefilter-40-stueck","status":"publish","type":"product","link":"https:\/\/donaulife-new.ogrisdigital.at\/it\/actitube-aktivkohlefilter-40-stueck\/","title":{"rendered":"ACTITUBE Aktivkohlefilter Regular | \u00d8 8 mm"},"content":{"rendered":"<h2>Actitube Aktivkohlefilter Regular 8 mm<\/h2>\n<p>Da die Aktivkohlefilter von Actitube einen hohen Anteil des Kondensats aus dem Rauch filtern sind diese ein absolutes Muss f\u00fcr jeden der \u00f6fter am Glimmst\u00e4ngel zieht. Dabei bleibt ein Gro\u00dfteil der Schadstoffe an der Aktivkohle haften und gemeinsam mit dem Filter entsorgt. Dadurch wird der Rauch angenehmer zu inhalieren ohne dass die Wirkung verloren geht.<\/p>\n<p>Weitere Vorteile der actiTube Aktivkohlefilter:<br \/>\n&#8211; besserer Geschmack<br \/>\n&#8211; unangenehme Kr\u00e4utermischungen schmecken viel sanfter<br \/>\n&#8211; deine Lunge wird weniger mit Schadstoffen belastet<\/p>\n<h3>\u00dcber Actitube:<\/h3>\n<p>1998 bekam der actiTube Gr\u00fcnder von einem befreundetem Mediziner den Tipp, den Rauch der Wasserpfeife durch Aktivkohle zu filtern um die Belastung der Atemwege zu reduzieren. Noch am selben Abend wurden erste Versuche mit einer Aktivkohle gefilterten Bong gemacht. Anfangs noch sehr kritisch, da er den Verlust von THC bef\u00fcrchtete, war er zwei Jahre sp\u00e4ter von den Vorz\u00fcgen der Filtration restlos \u00fcberzeugt. So kam die Idee, allen Freunden des Hanfgenusses einen die Schadstoffe verringernden und geschmacksverbessernden Filter anzubieten.<\/p>\n","protected":false},"excerpt":{"rendered":"<p>Actitube Aktivkohlefilter Regular 8 mm Da die Aktivkohlefilter von Actitube einen hohen Anteil des Kondensats aus dem Rauch filtern sind<\/p>\n","protected":false},"featured_media":15833,"comment_status":"open","ping_status":"open","template":"","meta":{"_acf_changed":false},"product_cat":[2651,2652,2489,2499,2451],"product_tag":[2653],"acf":[],"_links":{"self":[{"href":"https:\/\/donaulife-new.ogrisdigital.at\/it\/wp-json\/wp\/v2\/product\/50620"}],"collection":[{"href":"https:\/\/donaulife-new.ogrisdigital.at\/it\/wp-json\/wp\/v2\/product"}],"about":[{"href":"https:\/\/donaulife-new.ogrisdigital.at\/it\/wp-json\/wp\/v2\/types\/product"}],"replies":[{"embeddable":true,"href":"https:\/\/donaulife-new.ogrisdigital.at\/it\/wp-json\/wp\/v2\/comments?post=50620"}],"wp:featuredmedia":[{"embeddable":true,"href":"https:\/\/donaulife-new.ogrisdigital.at\/it\/wp-json\/wp\/v2\/media\/15833"}],"wp:attachment":[{"href":"https:\/\/donaulife-new.ogrisdigital.at\/it\/wp-json\/wp\/v2\/media?parent=50620"}],"wp:term":[{"taxonomy":"product_cat","embeddable":true,"href":"https:\/\/donaulife-new.ogrisdigital.at\/it\/wp-json\/wp\/v2\/product_cat?post=50620"},{"taxonomy":"product_tag","embeddable":true,"href":"https:\/\/donaulife-new.ogrisdigital.at\/it\/wp-json\/wp\/v2\/product_tag?post=50620"}],"curies":[{"name":"wp","href":"https:\/\/api.w.org\/{rel}","templated":true}]}}