{"id":50587,"date":"2016-12-08T14:05:25","date_gmt":"2016-12-08T14:05:25","guid":{"rendered":"https:\/\/donaulife-new.ogrisdigital.at\/produkt\/crafty-mobiler-vaporizer\/"},"modified":"2024-07-01T00:22:37","modified_gmt":"2024-07-01T00:22:37","slug":"crafty-mobiler-vaporizer","status":"publish","type":"product","link":"https:\/\/donaulife-new.ogrisdigital.at\/it\/crafty-mobiler-vaporizer\/","title":{"rendered":"STORZ &#038; BICKEL Crafty+ V2 | Kr\u00e4uter\/Wax"},"content":{"rendered":"<p><strong>Crafty+ V2<\/strong><br \/>\n<strong> Dein neuer bester Freund.<br \/>\n<\/strong><\/p>\n<p><strong>F\u00fcr Mobilit\u00e4t gemacht.<\/strong><\/p>\n<p>Der akkubetriebene CRAFTY+ ist der perfekte Begleiter f\u00fcr unterwegs. Der CRAFTY+ ist nicht nur handlich und kompakt, er liefert auch eine erstklassige Dampfqualit\u00e4t, einen unverf\u00e4lschten Geschmack und einen hervorragenden Luftstrom, die jede Anwendung zu einem besonderen Erlebnis machen. Qualit\u00e4t und Leistung im Kleinformat: Mit dem CRAFTY+ m\u00fcssen Sie keine Kompromisse eingehen.<\/p>\n<p><strong>Gro\u00dfz\u00fcgige F\u00fcllkammer.<\/strong><br \/>\n<strong>Noch gr\u00f6\u00dferer Ertrag.<\/strong><\/p>\n<p>Die integrierte 1,4 cm\u00b3 gro\u00dfe F\u00fcllkammer kann sowohl f\u00fcr Kr\u00e4uter und mit dem zus\u00e4tzlichem Tropfenkissen auch f\u00fcr Fl\u00fcssigkeiten verwendet werden. Die K\u00fchleinheit mit rotierbarem Mundst\u00fcck garantieren angenehmen Dampf und optimalen Geschmack.<\/p>\n<p><strong>Intuitives Design.<\/strong><\/p>\n<p>Kompakte Konstruktion. LED Indikation. Komplettiert durch eine praktische Ein-Tasten-Steuerung. Kann mit und ohne Smartphone verwendet werden.<\/p>\n<p><strong>Volle Kontrolle \u00fcber Bluetooth.<\/strong><br \/>\n<strong>Remote Control.<\/strong><\/p>\n<p>Die Remote Control App gibt dem Nutzer die volle Kontrolle \u00fcber den Crafty, um die Basis- sowie Booster-Temperatur nach den pers\u00f6nlichen Pr\u00e4ferenzen einzustellen, die LED-Helligkeit zu \u00e4ndern, die Vibrationsfunktion ein- und auszuschalten, den Ladezustand sowie die Anwendungszeit abzulesen und vieles mehr.<\/p>\n<h5>Kompatibel mit allen Android und iOS Smartphones, die Bluetooth Low Energy unterst\u00fctzen. Bitte beachten Sie: Die STORZ &amp; BICKEL App ist momentan nicht im Apple App Store erh\u00e4ltlich. Einstellungen am CRAFTY+ Verdampfer k\u00f6nnen nun auch \u00fcber\u00a0die\u00a0<a href=\"https:\/\/www.storz-bickel.com\/app\/web\" aria-describedby=\"a11y-external-message\" target=\"_blank\" rel=\"noopener\">WebApp<\/a>\u00a0vorgenommen werden.<\/h5>\n<ul>\n<li>USB-C Ladebuchse<\/li>\n<li>25 Minuten schnellere Ladezeit<\/li>\n<li>Ein-Tasten-Steuerung<\/li>\n<li>3 voreingestellte Temperaturen<\/li>\n<li>Personalisierte Einstellung via App<\/li>\n<li>keramikbeschichtete F\u00fcllkammer<\/li>\n<li>Hervorragender Luftstrom<\/li>\n<li>Unverf\u00e4lschter Geschmack<\/li>\n<\/ul>\n<p>&nbsp;<\/p>\n","protected":false},"excerpt":{"rendered":"<p>Crafty+ V2 Dein neuer bester Freund. F\u00fcr Mobilit\u00e4t gemacht. Der akkubetriebene CRAFTY+ ist der perfekte Begleiter f\u00fcr unterwegs. Der CRAFTY+<\/p>\n","protected":false},"featured_media":15473,"comment_status":"open","ping_status":"closed","template":"","meta":{"_acf_changed":false},"product_cat":[2625,2623],"product_tag":[],"acf":[],"_links":{"self":[{"href":"https:\/\/donaulife-new.ogrisdigital.at\/it\/wp-json\/wp\/v2\/product\/50587"}],"collection":[{"href":"https:\/\/donaulife-new.ogrisdigital.at\/it\/wp-json\/wp\/v2\/product"}],"about":[{"href":"https:\/\/donaulife-new.ogrisdigital.at\/it\/wp-json\/wp\/v2\/types\/product"}],"replies":[{"embeddable":true,"href":"https:\/\/donaulife-new.ogrisdigital.at\/it\/wp-json\/wp\/v2\/comments?post=50587"}],"wp:featuredmedia":[{"embeddable":true,"href":"https:\/\/donaulife-new.ogrisdigital.at\/it\/wp-json\/wp\/v2\/media\/15473"}],"wp:attachment":[{"href":"https:\/\/donaulife-new.ogrisdigital.at\/it\/wp-json\/wp\/v2\/media?parent=50587"}],"wp:term":[{"taxonomy":"product_cat","embeddable":true,"href":"https:\/\/donaulife-new.ogrisdigital.at\/it\/wp-json\/wp\/v2\/product_cat?post=50587"},{"taxonomy":"product_tag","embeddable":true,"href":"https:\/\/donaulife-new.ogrisdigital.at\/it\/wp-json\/wp\/v2\/product_tag?post=50587"}],"curies":[{"name":"wp","href":"https:\/\/api.w.org\/{rel}","templated":true}]}}