{"id":50583,"date":"2016-12-08T11:27:04","date_gmt":"2016-12-08T11:27:04","guid":{"rendered":"https:\/\/donaulife-new.ogrisdigital.at\/produkt\/volcano-classic-tischvaporizer\/"},"modified":"2024-07-01T00:22:33","modified_gmt":"2024-07-01T00:22:33","slug":"volcano-classic-tischvaporizer","status":"publish","type":"product","link":"https:\/\/donaulife-new.ogrisdigital.at\/it\/volcano-classic-tischvaporizer\/","title":{"rendered":"STORZ &#038; BICKEL Volcano Classic Tischvaporizer"},"content":{"rendered":"<h2>Storz &amp; Bickel Volcano Verdampfer<\/h2>\n<p>Die Ikone.<br \/>\nMit seiner Einf\u00fchrung im Jahr 2000 revolutionierte der VOLCANO Verdampfer den Markt und etablierte sich als Pionier der Verdampfer.<\/p>\n<p>Der Pionier. Seit jeher. VOLCANO CLASSIC.<br \/>\nDer VOLCANO CLASSIC besticht durch sein robustes und rein elektromechanisches Design. Hochwertige Materialien und Verarbeitung garantieren eine lange Lebensdauer \u2013 Made in Germany.<\/p>\n<p>Einfach einfach.<br \/>\nEASY VALVE.<br \/>\nDer EASY VALVE Ventilballon ist lebensmittelecht, hitzebest\u00e4ndig und geschmacksneutral. Er ist in zwei Gr\u00f6\u00dfen erh\u00e4ltlich: Standard und XL.<br \/>\nDas Inhalieren mit dem EASY VALVE Ventil ist besonders angenehm, da praktisch kein Zugwiderstand vorhanden ist.<br \/>\nUnd Dank der speziellen Konstruktion der F\u00fcllkammer, welche nur eine geringe Kondensation zul\u00e4sst, ist die Verdampfung mit dem EASY VALVE \u00e4u\u00dferst effizient und Wartung kaum notwendig.<\/p>\n<p>Reinheit und Dampf.<br \/>\nMit VOLCANO CLASSIC erlebst du das reinste Kr\u00e4utererlebnis.<br \/>\nDer beste Geschmack gepaart mit dem reinsten vape Erlebnis hebt dich in neue h\u00f6hen und verbraucht bis zu einem Drittel weniger Kr\u00e4utermaterial.<\/p>\n<p>Volcano Produkte\u00a0sind innerhalb von 3 Werktagen versandfertig.<\/p>\n","protected":false},"excerpt":{"rendered":"<p>Storz &amp; Bickel Volcano Verdampfer Die Ikone. Mit seiner Einf\u00fchrung im Jahr 2000 revolutionierte der VOLCANO Verdampfer den Markt und<\/p>\n","protected":false},"featured_media":15421,"comment_status":"open","ping_status":"closed","template":"","meta":{"_acf_changed":false},"product_cat":[2624,2623],"product_tag":[],"acf":[],"_links":{"self":[{"href":"https:\/\/donaulife-new.ogrisdigital.at\/it\/wp-json\/wp\/v2\/product\/50583"}],"collection":[{"href":"https:\/\/donaulife-new.ogrisdigital.at\/it\/wp-json\/wp\/v2\/product"}],"about":[{"href":"https:\/\/donaulife-new.ogrisdigital.at\/it\/wp-json\/wp\/v2\/types\/product"}],"replies":[{"embeddable":true,"href":"https:\/\/donaulife-new.ogrisdigital.at\/it\/wp-json\/wp\/v2\/comments?post=50583"}],"wp:featuredmedia":[{"embeddable":true,"href":"https:\/\/donaulife-new.ogrisdigital.at\/it\/wp-json\/wp\/v2\/media\/15421"}],"wp:attachment":[{"href":"https:\/\/donaulife-new.ogrisdigital.at\/it\/wp-json\/wp\/v2\/media?parent=50583"}],"wp:term":[{"taxonomy":"product_cat","embeddable":true,"href":"https:\/\/donaulife-new.ogrisdigital.at\/it\/wp-json\/wp\/v2\/product_cat?post=50583"},{"taxonomy":"product_tag","embeddable":true,"href":"https:\/\/donaulife-new.ogrisdigital.at\/it\/wp-json\/wp\/v2\/product_tag?post=50583"}],"curies":[{"name":"wp","href":"https:\/\/api.w.org\/{rel}","templated":true}]}}