{"id":50420,"date":"2016-09-12T20:02:02","date_gmt":"2016-09-12T20:02:02","guid":{"rendered":"https:\/\/donaulife-new.ogrisdigital.at\/produkt\/blackleaf-titan-nagel-queen-universal\/"},"modified":"2024-07-01T00:21:05","modified_gmt":"2024-07-01T00:21:05","slug":"blackleaf-titan-nagel-queen-universal","status":"publish","type":"product","link":"https:\/\/donaulife-new.ogrisdigital.at\/it\/blackleaf-titan-nagel-queen-universal\/","title":{"rendered":"BLACK LEAF Dab Nail &#8216;Queen&#8217; | Universalgr\u00f6\u00dfe"},"content":{"rendered":"<h2>Black Leaf Dab Nagel f\u00fcr W 14,5 oder W 18,8 mm Schliffe<\/h2>\n<p>Die K\u00f6nigin der Dab Nails ist perfekt dazu geeignet deine Kr\u00e4uterextrakte zu verdampfen. Dieser Nagel aus Grade 2 Titan passt auf sowohl m\u00e4nnliche 14,4 mm als auch m\u00e4nnliche 18,8 mm Schliffe.<\/p>\n<p><em>Achtung:<br \/>\nDer \u00d6l-Nagel darf nur an der Spitze erhitzt werden, da sonst die Gefahr besteht, dass der Schliff wegen Ausdehnung des Nagels bricht.<\/em><\/p>\n<h3><span style=\"font-size: 20.16px;\">\u00dcber Black Leaf:<\/span><\/h3>\n<div>\n<p>In Weed We Trust ? Smoking\u00a0<em>Paraphernalia<\/em> seit 1988: Bongs, Pfeifen, Vaporizer, Grinder, Dabbing Zubeh\u00f6r, Paper &amp; Filter, Lifestyle Produkte. Es gibt viele Innovative Produkte der Marke die auch die ein oder andere Weltneuheit erschaffen haben. Im Shop bieten wir von allen Produkten die beste Auswahl.<\/p>\n<\/div>\n","protected":false},"excerpt":{"rendered":"<p>Black Leaf Dab Nagel f\u00fcr W 14,5 oder W 18,8 mm Schliffe Die K\u00f6nigin der Dab Nails ist perfekt dazu<\/p>\n","protected":false},"featured_media":14630,"comment_status":"open","ping_status":"closed","template":"","meta":{"_acf_changed":false},"product_cat":[2459,2552,2549,2553,2460],"product_tag":[2521],"acf":[],"_links":{"self":[{"href":"https:\/\/donaulife-new.ogrisdigital.at\/it\/wp-json\/wp\/v2\/product\/50420"}],"collection":[{"href":"https:\/\/donaulife-new.ogrisdigital.at\/it\/wp-json\/wp\/v2\/product"}],"about":[{"href":"https:\/\/donaulife-new.ogrisdigital.at\/it\/wp-json\/wp\/v2\/types\/product"}],"replies":[{"embeddable":true,"href":"https:\/\/donaulife-new.ogrisdigital.at\/it\/wp-json\/wp\/v2\/comments?post=50420"}],"wp:featuredmedia":[{"embeddable":true,"href":"https:\/\/donaulife-new.ogrisdigital.at\/it\/wp-json\/wp\/v2\/media\/14630"}],"wp:attachment":[{"href":"https:\/\/donaulife-new.ogrisdigital.at\/it\/wp-json\/wp\/v2\/media?parent=50420"}],"wp:term":[{"taxonomy":"product_cat","embeddable":true,"href":"https:\/\/donaulife-new.ogrisdigital.at\/it\/wp-json\/wp\/v2\/product_cat?post=50420"},{"taxonomy":"product_tag","embeddable":true,"href":"https:\/\/donaulife-new.ogrisdigital.at\/it\/wp-json\/wp\/v2\/product_tag?post=50420"}],"curies":[{"name":"wp","href":"https:\/\/api.w.org\/{rel}","templated":true}]}}