{"id":50392,"date":"2016-09-12T20:01:48","date_gmt":"2016-09-12T20:01:48","guid":{"rendered":"https:\/\/donaulife-new.ogrisdigital.at\/produkt\/donaulife-glaspfeife-kuehlfluessigkeit-pinky\/"},"modified":"2024-07-01T00:20:39","modified_gmt":"2024-07-01T00:20:39","slug":"donaulife-glaspfeife-kuehlfluessigkeit-pinky","status":"publish","type":"product","link":"https:\/\/donaulife-new.ogrisdigital.at\/it\/donaulife-glaspfeife-kuehlfluessigkeit-pinky\/","title":{"rendered":"Glaspfeife &#8216;Pinky&#8217; mit K\u00fchlfl\u00fcssigkeit"},"content":{"rendered":"<h2>Glaspfeife mit K\u00fchlfl\u00fcssigkeit<\/h2>\n<p>Die &#8220;Pinky&#8221; ist aus klarem Glas gefertigt und mir pinker K\u00fchlfl\u00fcssigkeit gef\u00fcllt. Das macht diese au\u00dfergew\u00f6hnliche Pfeife nicht nur zum Eyecatcher, sondern verschafft dem Nutzer auch eisgek\u00fchlte Hits. Die besondere Form und die kleinen Glasnoppen machen die &#8220;Pinky&#8221; zu dem perfekt ergonomisch geformten Rauchinstrument.<\/p>\n","protected":false},"excerpt":{"rendered":"<p>Glaspfeife mit K\u00fchlfl\u00fcssigkeit Die &#8220;Pinky&#8221; ist aus klarem Glas gefertigt und mir pinker K\u00fchlfl\u00fcssigkeit gef\u00fcllt. Das macht diese au\u00dfergew\u00f6hnliche Pfeife<\/p>\n","protected":false},"featured_media":14385,"comment_status":"open","ping_status":"open","template":"","meta":{"_acf_changed":false},"product_cat":[2502,2451,2501],"product_tag":[],"acf":[],"_links":{"self":[{"href":"https:\/\/donaulife-new.ogrisdigital.at\/it\/wp-json\/wp\/v2\/product\/50392"}],"collection":[{"href":"https:\/\/donaulife-new.ogrisdigital.at\/it\/wp-json\/wp\/v2\/product"}],"about":[{"href":"https:\/\/donaulife-new.ogrisdigital.at\/it\/wp-json\/wp\/v2\/types\/product"}],"replies":[{"embeddable":true,"href":"https:\/\/donaulife-new.ogrisdigital.at\/it\/wp-json\/wp\/v2\/comments?post=50392"}],"wp:featuredmedia":[{"embeddable":true,"href":"https:\/\/donaulife-new.ogrisdigital.at\/it\/wp-json\/wp\/v2\/media\/14385"}],"wp:attachment":[{"href":"https:\/\/donaulife-new.ogrisdigital.at\/it\/wp-json\/wp\/v2\/media?parent=50392"}],"wp:term":[{"taxonomy":"product_cat","embeddable":true,"href":"https:\/\/donaulife-new.ogrisdigital.at\/it\/wp-json\/wp\/v2\/product_cat?post=50392"},{"taxonomy":"product_tag","embeddable":true,"href":"https:\/\/donaulife-new.ogrisdigital.at\/it\/wp-json\/wp\/v2\/product_tag?post=50392"}],"curies":[{"name":"wp","href":"https:\/\/api.w.org\/{rel}","templated":true}]}}