{"id":50384,"date":"2016-09-12T20:01:46","date_gmt":"2016-09-12T20:01:46","guid":{"rendered":"https:\/\/donaulife-new.ogrisdigital.at\/produkt\/blackleaf-glaspfeife-little-star\/"},"modified":"2024-07-01T00:20:31","modified_gmt":"2024-07-01T00:20:31","slug":"blackleaf-glaspfeife-little-star","status":"publish","type":"product","link":"https:\/\/donaulife-new.ogrisdigital.at\/it\/blackleaf-glaspfeife-little-star\/","title":{"rendered":"BLACK LEAF &#8216;Little Star&#8217; Bubbler  | 11,5 cm"},"content":{"rendered":"<h2>Black Leaf Bubbler in 3 Farben<\/h2>\n<p>Dieser verschieden farbige Bubbler aus dem Hause Black Leaf liegt nicht nur gut in der Hand sondern sieht in seinen unterschiedlichen Farben auch noch gut aus. Durchl\u00e4uft der Rauch erst den Bubbler wird er optimal gek\u00fchlt und verhilft zu sehr sanften Hits. Damit ist der &#8216;Little Star&#8217; der optimale Wegbegleiter f\u00fcr den kleinen &#8220;Hunger&#8221; zwischendurch.<\/p>\n<div><span style=\"font-size: 20.16px;\">\u00dcber Black Leaf:<\/span><\/div>\n<div>\n<p>In Weed We Trust ? Smoking\u00a0<em>Paraphernalia<\/em> seit 1988: Bongs, Pfeifen, Vaporizer, Grinder, Dabbing Zubeh\u00f6r, Paper &amp; Filter, Lifestyle Produkte. Es gibt viele Innovative Produkte der Marke die auch die ein oder andere Weltneuheit erschaffen haben. Im Shop bieten wir von allen Produkten die beste Auswahl.<\/p>\n<\/div>\n","protected":false},"excerpt":{"rendered":"<p>Black Leaf Bubbler in 3 Farben Dieser verschieden farbige Bubbler aus dem Hause Black Leaf liegt nicht nur gut in<\/p>\n","protected":false},"featured_media":14305,"comment_status":"open","ping_status":"open","template":"","meta":{"_acf_changed":false},"product_cat":[2459,2513,2506],"product_tag":[2521],"acf":[],"_links":{"self":[{"href":"https:\/\/donaulife-new.ogrisdigital.at\/it\/wp-json\/wp\/v2\/product\/50384"}],"collection":[{"href":"https:\/\/donaulife-new.ogrisdigital.at\/it\/wp-json\/wp\/v2\/product"}],"about":[{"href":"https:\/\/donaulife-new.ogrisdigital.at\/it\/wp-json\/wp\/v2\/types\/product"}],"replies":[{"embeddable":true,"href":"https:\/\/donaulife-new.ogrisdigital.at\/it\/wp-json\/wp\/v2\/comments?post=50384"}],"wp:featuredmedia":[{"embeddable":true,"href":"https:\/\/donaulife-new.ogrisdigital.at\/it\/wp-json\/wp\/v2\/media\/14305"}],"wp:attachment":[{"href":"https:\/\/donaulife-new.ogrisdigital.at\/it\/wp-json\/wp\/v2\/media?parent=50384"}],"wp:term":[{"taxonomy":"product_cat","embeddable":true,"href":"https:\/\/donaulife-new.ogrisdigital.at\/it\/wp-json\/wp\/v2\/product_cat?post=50384"},{"taxonomy":"product_tag","embeddable":true,"href":"https:\/\/donaulife-new.ogrisdigital.at\/it\/wp-json\/wp\/v2\/product_tag?post=50384"}],"curies":[{"name":"wp","href":"https:\/\/api.w.org\/{rel}","templated":true}]}}