{"id":50363,"date":"2016-09-12T20:01:37","date_gmt":"2016-09-12T20:01:37","guid":{"rendered":"https:\/\/donaulife-new.ogrisdigital.at\/produkt\/illex-bong-eisfach-illex\/"},"modified":"2025-01-15T07:15:59","modified_gmt":"2025-01-15T07:15:59","slug":"illex-bong-eisfach-illex","status":"publish","type":"product","link":"https:\/\/donaulife-new.ogrisdigital.at\/it\/illex-bong-eisfach-illex\/","title":{"rendered":"Illex&#8217; &#8216;Skyfall&#8217; Glasbong mit Eisfach"},"content":{"rendered":"<p>Die &#8220;Skyfall&#8221; Glasbong \u00fcberzeugt durch ihr simples Design. Sie kommt mit einem 14,5 mm Schliff und Eiskerben f\u00fcr eisgek\u00fchlte Smokesessions. Mit ihrem Rundbauch und dem gro\u00dfen Kickloch wird das durchziehen mit der &#8220;Skyfall&#8221; zum wahren Vergn\u00fcgen.<\/p>\n","protected":false},"excerpt":{"rendered":"<p>Die &#8220;Skyfall&#8221; Glasbong \u00fcberzeugt durch ihr simples Design. Sie kommt mit einem 14,5 mm Schliff und Eiskerben f\u00fcr eisgek\u00fchlte Smokesessions.<\/p>\n","protected":false},"featured_media":14103,"comment_status":"open","ping_status":"open","template":"","meta":{"_acf_changed":false},"product_cat":[2459,2464,2463],"product_tag":[2466],"acf":[],"_links":{"self":[{"href":"https:\/\/donaulife-new.ogrisdigital.at\/it\/wp-json\/wp\/v2\/product\/50363"}],"collection":[{"href":"https:\/\/donaulife-new.ogrisdigital.at\/it\/wp-json\/wp\/v2\/product"}],"about":[{"href":"https:\/\/donaulife-new.ogrisdigital.at\/it\/wp-json\/wp\/v2\/types\/product"}],"replies":[{"embeddable":true,"href":"https:\/\/donaulife-new.ogrisdigital.at\/it\/wp-json\/wp\/v2\/comments?post=50363"}],"wp:featuredmedia":[{"embeddable":true,"href":"https:\/\/donaulife-new.ogrisdigital.at\/it\/wp-json\/wp\/v2\/media\/14103"}],"wp:attachment":[{"href":"https:\/\/donaulife-new.ogrisdigital.at\/it\/wp-json\/wp\/v2\/media?parent=50363"}],"wp:term":[{"taxonomy":"product_cat","embeddable":true,"href":"https:\/\/donaulife-new.ogrisdigital.at\/it\/wp-json\/wp\/v2\/product_cat?post=50363"},{"taxonomy":"product_tag","embeddable":true,"href":"https:\/\/donaulife-new.ogrisdigital.at\/it\/wp-json\/wp\/v2\/product_tag?post=50363"}],"curies":[{"name":"wp","href":"https:\/\/api.w.org\/{rel}","templated":true}]}}