{"id":50355,"date":"2016-09-12T20:01:35","date_gmt":"2016-09-12T20:01:35","guid":{"rendered":"https:\/\/donaulife-new.ogrisdigital.at\/produkt\/illex-glasbong-curved-bow-gebogen\/"},"modified":"2025-01-15T07:16:01","modified_gmt":"2025-01-15T07:16:01","slug":"illex-glasbong-curved-bow-gebogen","status":"publish","type":"product","link":"https:\/\/donaulife-new.ogrisdigital.at\/it\/illex-glasbong-curved-bow-gebogen\/","title":{"rendered":"Illex &#8216;Curved Bow&#8217; gebogen | 42 cm"},"content":{"rendered":"<p>Die Illex &#8220;Curved Bow&#8221; Glasbong liegt dank ihrem ergonomisch geformten Hals optimal in der Hand. Mit ihrem Rundfu\u00df steht sie stabil auf jedem Couchstisch ohne leicht umzukippen. Sie kommt mit einem 18,8 mm Schliff und einem H\u00fctchen mit Rollstop Funktion. Auf der Vorderseite befindet sich das Illex Logo in Gr\u00fcn.<\/p>\n","protected":false},"excerpt":{"rendered":"<p>Die Illex &#8220;Curved Bow&#8221; Glasbong liegt dank ihrem ergonomisch geformten Hals optimal in der Hand. Mit ihrem Rundfu\u00df steht sie<\/p>\n","protected":false},"featured_media":14023,"comment_status":"open","ping_status":"open","template":"","meta":{"_acf_changed":false},"product_cat":[2459,2464,2463],"product_tag":[2466],"acf":[],"_links":{"self":[{"href":"https:\/\/donaulife-new.ogrisdigital.at\/it\/wp-json\/wp\/v2\/product\/50355"}],"collection":[{"href":"https:\/\/donaulife-new.ogrisdigital.at\/it\/wp-json\/wp\/v2\/product"}],"about":[{"href":"https:\/\/donaulife-new.ogrisdigital.at\/it\/wp-json\/wp\/v2\/types\/product"}],"replies":[{"embeddable":true,"href":"https:\/\/donaulife-new.ogrisdigital.at\/it\/wp-json\/wp\/v2\/comments?post=50355"}],"wp:featuredmedia":[{"embeddable":true,"href":"https:\/\/donaulife-new.ogrisdigital.at\/it\/wp-json\/wp\/v2\/media\/14023"}],"wp:attachment":[{"href":"https:\/\/donaulife-new.ogrisdigital.at\/it\/wp-json\/wp\/v2\/media?parent=50355"}],"wp:term":[{"taxonomy":"product_cat","embeddable":true,"href":"https:\/\/donaulife-new.ogrisdigital.at\/it\/wp-json\/wp\/v2\/product_cat?post=50355"},{"taxonomy":"product_tag","embeddable":true,"href":"https:\/\/donaulife-new.ogrisdigital.at\/it\/wp-json\/wp\/v2\/product_tag?post=50355"}],"curies":[{"name":"wp","href":"https:\/\/api.w.org\/{rel}","templated":true}]}}