{"id":50347,"date":"2016-09-12T20:01:32","date_gmt":"2016-09-12T20:01:32","guid":{"rendered":"https:\/\/donaulife-new.ogrisdigital.at\/produkt\/raw-12-inch-papers\/"},"modified":"2025-01-15T07:16:05","modified_gmt":"2025-01-15T07:16:05","slug":"raw-12-inch-papers","status":"publish","type":"product","link":"https:\/\/donaulife-new.ogrisdigital.at\/it\/raw-12-inch-papers\/","title":{"rendered":"RAW Riesenpapers 30cm | 20 Blatt"},"content":{"rendered":"<h2>RAW Riesenpapers 30 cm<\/h2>\n<p>RAW 12 Inch Riesenpapes sind das richtige Zigarettenpapier wenn du etwas gr\u00f6\u00dferes vor hast.<br \/>\nDas Zigarettenpapier besteht aus einer Mischung von chlorfreien, nat\u00fcrlichen Rohfasern und haben eine Hanf-Gummierung.<br \/>\nUm gleichm\u00e4\u00dfiges Abbrennen sicherzustellen, ist das Papier mit dem original &#8216;RAW&#8217; Wasserzeichen mit Kreuzlinien versehen.<\/p>\n<p>o Herstellung mit Windkraft gewonnener Energie<br \/>\no Ohne genetisch modifizierte Organismen<br \/>\no Glutenfrei<br \/>\no Veganer-freundliches Produkt<\/p>\n<h3>\u00dcber RAW:<\/h3>\n<p>RAW \u2013 Die nat\u00fcrliche Art zu rollen.<\/p>\n<p>Seit dem 1. Tag hat RAW den Auftrag, die F\u00fchrungsrolle in der Papierrollenindustrie zu \u00fcbernehmen. RAW hat die Welt des Rauchens revolutioniert, indem sie Produkte geschaffen hat, die von Natur aus genial gestaltet sind, um das Raucherlebnis zu verbessern.<\/p>\n<p>RAW stellt nur qualitativ hochwertige und umweltfreundliche Produkte her, die Ihr Raucherlebnis verbessern, und wir werden das wof\u00fcr wir stehen niemals \u00e4ndern. Wir genie\u00dfen es, unser unraffiniertes Papier jeden Tag zu rauchen, und wir werden es immer komplett rein also \u201cRAW\u201d belassen \u2013 f\u00fcr dich und uns!<\/p>\n","protected":false},"excerpt":{"rendered":"<p>RAW Riesenpapers 30 cm RAW 12 Inch Riesenpapes sind das richtige Zigarettenpapier wenn du etwas gr\u00f6\u00dferes vor hast. Das Zigarettenpapier<\/p>\n","protected":false},"featured_media":13957,"comment_status":"open","ping_status":"open","template":"","meta":{"_acf_changed":false},"product_cat":[2489,2451,2452,2490,2491,2492],"product_tag":[2493],"acf":[],"_links":{"self":[{"href":"https:\/\/donaulife-new.ogrisdigital.at\/it\/wp-json\/wp\/v2\/product\/50347"}],"collection":[{"href":"https:\/\/donaulife-new.ogrisdigital.at\/it\/wp-json\/wp\/v2\/product"}],"about":[{"href":"https:\/\/donaulife-new.ogrisdigital.at\/it\/wp-json\/wp\/v2\/types\/product"}],"replies":[{"embeddable":true,"href":"https:\/\/donaulife-new.ogrisdigital.at\/it\/wp-json\/wp\/v2\/comments?post=50347"}],"wp:featuredmedia":[{"embeddable":true,"href":"https:\/\/donaulife-new.ogrisdigital.at\/it\/wp-json\/wp\/v2\/media\/13957"}],"wp:attachment":[{"href":"https:\/\/donaulife-new.ogrisdigital.at\/it\/wp-json\/wp\/v2\/media?parent=50347"}],"wp:term":[{"taxonomy":"product_cat","embeddable":true,"href":"https:\/\/donaulife-new.ogrisdigital.at\/it\/wp-json\/wp\/v2\/product_cat?post=50347"},{"taxonomy":"product_tag","embeddable":true,"href":"https:\/\/donaulife-new.ogrisdigital.at\/it\/wp-json\/wp\/v2\/product_tag?post=50347"}],"curies":[{"name":"wp","href":"https:\/\/api.w.org\/{rel}","templated":true}]}}