{"id":57420,"date":"2024-07-05T04:41:43","date_gmt":"2024-07-05T04:41:43","guid":{"rendered":"https:\/\/donaulife-new.ogrisdigital.at\/heisenberg-diffusorchillum-huell-292188mm\/"},"modified":"2024-07-05T04:41:43","modified_gmt":"2024-07-05T04:41:43","slug":"heisenberg-diffusorchillum-huell-292188mm","status":"publish","type":"product","link":"https:\/\/donaulife-new.ogrisdigital.at\/fi\/heisenberg-diffusorchillum-huell-292188mm\/","title":{"rendered":"HEISENBERG Diffusorchillum \u2018Huell\u2019 | 29,2>18,8mm"},"content":{"rendered":"<h2>Heisenberg Diffusorchillum, jossa 29,2 >18,8 mm ydin<\/h2>\n<p>Matriisidiffuusiochillum, jossa 29,2 mm ja 18,8 mm ydin. Putkeen on painettu musta Heisenberg-logo. Huell tuottaa aina parhaat tulokset.<\/p>\n<h3>Tietoja Heisenbergista:<\/h3>\n<div>\n<p>Heisenberg &#8211; ei vain Breaking Badin ansiosta ilmi\u00f6. Heisenberg-tuotemerkki on tullut tunnetuksi muun muassa lasibongeistaan. Heisenberg-sarjan bongit eiv\u00e4t ole kesken\u00e4\u00e4n samanlaisia. Tarjolla on erilaisia muotoiluelementtej\u00e4, kuten v\u00e4rikk\u00e4\u00e4t s\u00e4vyt tai hohdontatoiminta, paikkoja LED-valaistuksen asettamiseen ja muita lis\u00e4ominaisuuksia.<\/p>\n<\/div>\n<p>\u00a0<\/p>\n","protected":false},"excerpt":{"rendered":"<p>Heisenberg Diffusorchillum, jossa 29,2 >18,8 mm ydin Matriisidiffuusiochillum, jossa 29,2 mm ja 18,8 mm ydin. Putkeen on painettu musta Heisenberg-logo.<\/p>\n","protected":false},"featured_media":41860,"comment_status":"open","ping_status":"closed","template":"","meta":{"_acf_changed":false},"product_cat":[],"product_tag":[],"acf":[],"_links":{"self":[{"href":"https:\/\/donaulife-new.ogrisdigital.at\/fi\/wp-json\/wp\/v2\/product\/57420"}],"collection":[{"href":"https:\/\/donaulife-new.ogrisdigital.at\/fi\/wp-json\/wp\/v2\/product"}],"about":[{"href":"https:\/\/donaulife-new.ogrisdigital.at\/fi\/wp-json\/wp\/v2\/types\/product"}],"replies":[{"embeddable":true,"href":"https:\/\/donaulife-new.ogrisdigital.at\/fi\/wp-json\/wp\/v2\/comments?post=57420"}],"wp:featuredmedia":[{"embeddable":true,"href":"https:\/\/donaulife-new.ogrisdigital.at\/fi\/wp-json\/wp\/v2\/media\/41860"}],"wp:attachment":[{"href":"https:\/\/donaulife-new.ogrisdigital.at\/fi\/wp-json\/wp\/v2\/media?parent=57420"}],"wp:term":[{"taxonomy":"product_cat","embeddable":true,"href":"https:\/\/donaulife-new.ogrisdigital.at\/fi\/wp-json\/wp\/v2\/product_cat?post=57420"},{"taxonomy":"product_tag","embeddable":true,"href":"https:\/\/donaulife-new.ogrisdigital.at\/fi\/wp-json\/wp\/v2\/product_tag?post=57420"}],"curies":[{"name":"wp","href":"https:\/\/api.w.org\/{rel}","templated":true}]}}