{"id":57415,"date":"2024-07-05T04:40:45","date_gmt":"2024-07-05T04:40:45","guid":{"rendered":"https:\/\/donaulife-new.ogrisdigital.at\/silikon-zylinderbong-stanley-35-cm-2\/"},"modified":"2024-07-05T04:40:45","modified_gmt":"2024-07-05T04:40:45","slug":"silikon-zylinderbong-stanley-35-cm-2","status":"publish","type":"product","link":"https:\/\/donaulife-new.ogrisdigital.at\/fi\/silikon-zylinderbong-stanley-35-cm-2\/","title":{"rendered":"Silikon Zylinderbong &#8216;Stanley&#8217; | 35 cm"},"content":{"rendered":"<h2>Silikon Zylinderbong &#8216;Stanley&#8217; 18,8 mm hionta<\/h2>\n<div class=\"flex-1 overflow-hidden\">\n<div class=\"react-scroll-to-bottom--css-decsl-79elbk h-full dark:bg-gray-800\">\n<div class=\"react-scroll-to-bottom--css-decsl-1n7m0yu\">\n<div class=\"flex flex-col text-sm dark:bg-gray-800\">\n<div class=\"group w-full text-token-text-primary border-b border-black\/10 dark:border-gray-900\/50 bg-gray-50 dark:bg-[#444654]\" data-testid=\"conversation-turn-29\">\n<div class=\"p-4 justify-center text-base md:gap-6 md:py-6 m-auto\">\n<div class=\"flex flex-1 gap-4 text-base mx-auto md:gap-6 md:max-w-2xl lg:max-w-[38rem] xl:max-w-3xl}\">\n<div class=\"relatiivinen joustava w-[calc(100%-50px)] flex-col gap-1 md:gap-3 lg:w-[calc(100%-115px)]\">\n<div class=\"joustava kasvaa flex-col gap-3 max-w-full\">\n<div class=\"min-h-[20px] joustava flex-col kohdat alkavat gap-3 ylitse x-auto valign-y-space break-words\">\n<div class=\"markdown proosaa w-full break-words dark:prose-invert light\">\n<p>Suora silikonisylinteribongi nimelt\u00e4\u00e4n Stanley on kest\u00e4v\u00e4 ja k\u00e4yt\u00e4nn\u00f6llinen bongi. Sen korkeus on 35 cm ja halkaisija 50 mm, tarjoaa loistavan savukokemuksen. Mukana toimitettu silikonikarahka mahdollistaa saumattoman siirtymisen 18,8 mm:st\u00e4 14,5 mm:een, tekev\u00e4t siit\u00e4 eritt\u00e4in monipuolisen. Stanley on t\u00e4ydellinen valinta kest\u00e4v\u00e4\u00e4n ja mutkattomaan savutteluun.<\/p>\n<\/div>\n<\/div>\n<\/div>\n<\/div>\n<\/div>\n<\/div>\n<\/div>\n<\/div>\n<\/div>\n<\/div>\n<\/div>\n<\/div>\n<\/div>\n<div>\n<div>\n<p>\u00a0<\/p>\n<\/div>\n<\/div>\n","protected":false},"excerpt":{"rendered":"<p>Silikon Zylinderbong &#8216;Stanley&#8217; 18,8 mm hionta Suora silikonisylinteribongi nimelt\u00e4\u00e4n Stanley on kest\u00e4v\u00e4 ja k\u00e4yt\u00e4nn\u00f6llinen bongi. Sen korkeus on 35 cm<\/p>\n","protected":false},"featured_media":41821,"comment_status":"open","ping_status":"closed","template":"","meta":{"_acf_changed":false},"product_cat":[],"product_tag":[],"acf":[],"_links":{"self":[{"href":"https:\/\/donaulife-new.ogrisdigital.at\/fi\/wp-json\/wp\/v2\/product\/57415"}],"collection":[{"href":"https:\/\/donaulife-new.ogrisdigital.at\/fi\/wp-json\/wp\/v2\/product"}],"about":[{"href":"https:\/\/donaulife-new.ogrisdigital.at\/fi\/wp-json\/wp\/v2\/types\/product"}],"replies":[{"embeddable":true,"href":"https:\/\/donaulife-new.ogrisdigital.at\/fi\/wp-json\/wp\/v2\/comments?post=57415"}],"wp:featuredmedia":[{"embeddable":true,"href":"https:\/\/donaulife-new.ogrisdigital.at\/fi\/wp-json\/wp\/v2\/media\/41821"}],"wp:attachment":[{"href":"https:\/\/donaulife-new.ogrisdigital.at\/fi\/wp-json\/wp\/v2\/media?parent=57415"}],"wp:term":[{"taxonomy":"product_cat","embeddable":true,"href":"https:\/\/donaulife-new.ogrisdigital.at\/fi\/wp-json\/wp\/v2\/product_cat?post=57415"},{"taxonomy":"product_tag","embeddable":true,"href":"https:\/\/donaulife-new.ogrisdigital.at\/fi\/wp-json\/wp\/v2\/product_tag?post=57415"}],"curies":[{"name":"wp","href":"https:\/\/api.w.org\/{rel}","templated":true}]}}