{"id":57394,"date":"2024-07-04T22:42:00","date_gmt":"2024-07-04T22:42:00","guid":{"rendered":"https:\/\/donaulife-new.ogrisdigital.at\/best-buds-tuhkakuppi-ak-47\/"},"modified":"2024-07-04T22:42:00","modified_gmt":"2024-07-04T22:42:00","slug":"best-buds-tuhkakuppi-ak-47","status":"publish","type":"product","link":"https:\/\/donaulife-new.ogrisdigital.at\/fi\/best-buds-tuhkakuppi-ak-47\/","title":{"rendered":"BEST BUDS tuhkakuppi | &#8216;AK-47&#8217;"},"content":{"rendered":"<h2>Best Buds tuhkakuppi AK-47<\/h2>\n<p>Best Buds -tuhkakuppisarja metallinen, ja se erottuu uniikeilla kuvioillaan. Siirry tulitaisteluun. Oletko ottanut t\u00e4n\u00e4\u00e4n jo p\u00f6ss\u00f6n?<\/p>\n<h3>Tietoa Best Buds -tuotteista:<\/h3>\n<p>Best Buds -tuotemerkki tulee Alankomaista ja suuntautuu nuorelle ja trendikk\u00e4\u00e4lle yleis\u00f6lle. Merkki on sitoutunut tarjoamaan siistej\u00e4 designeja kohtuuhintaan. Valikoima sis\u00e4lt\u00e4\u00e4 rullattavia alustoja, murskaimia sek\u00e4 s\u00e4ilytys- tai suurennuslaseja.<\/p>\n","protected":false},"excerpt":{"rendered":"<p>Best Buds tuhkakuppi AK-47 Best Buds -tuhkakuppisarja metallinen, ja se erottuu uniikeilla kuvioillaan. Siirry tulitaisteluun. Oletko ottanut t\u00e4n\u00e4\u00e4n jo p\u00f6ss\u00f6n?<\/p>\n","protected":false},"featured_media":0,"comment_status":"open","ping_status":"closed","template":"","meta":{"_acf_changed":false},"product_cat":[],"product_tag":[],"acf":[],"_links":{"self":[{"href":"https:\/\/donaulife-new.ogrisdigital.at\/fi\/wp-json\/wp\/v2\/product\/57394"}],"collection":[{"href":"https:\/\/donaulife-new.ogrisdigital.at\/fi\/wp-json\/wp\/v2\/product"}],"about":[{"href":"https:\/\/donaulife-new.ogrisdigital.at\/fi\/wp-json\/wp\/v2\/types\/product"}],"replies":[{"embeddable":true,"href":"https:\/\/donaulife-new.ogrisdigital.at\/fi\/wp-json\/wp\/v2\/comments?post=57394"}],"wp:attachment":[{"href":"https:\/\/donaulife-new.ogrisdigital.at\/fi\/wp-json\/wp\/v2\/media?parent=57394"}],"wp:term":[{"taxonomy":"product_cat","embeddable":true,"href":"https:\/\/donaulife-new.ogrisdigital.at\/fi\/wp-json\/wp\/v2\/product_cat?post=57394"},{"taxonomy":"product_tag","embeddable":true,"href":"https:\/\/donaulife-new.ogrisdigital.at\/fi\/wp-json\/wp\/v2\/product_tag?post=57394"}],"curies":[{"name":"wp","href":"https:\/\/api.w.org\/{rel}","templated":true}]}}