{"id":57379,"date":"2024-07-04T17:47:46","date_gmt":"2024-07-04T17:47:46","guid":{"rendered":"https:\/\/donaulife-new.ogrisdigital.at\/elements-cones-ks-pink-3-kpl\/"},"modified":"2024-07-04T17:47:49","modified_gmt":"2024-07-04T17:47:49","slug":"elements-cones-ks-pink-3-kpl","status":"publish","type":"product","link":"https:\/\/donaulife-new.ogrisdigital.at\/fi\/elements-cones-ks-pink-3-kpl\/","title":{"rendered":"ELEMENTS Cones KS pink | 3 kpl"},"content":{"rendered":"<h2>Elements Kingsize Cones 3 kpl vaaleanpunainen<\/h2>\n<div><\/div>\n<div>Elements Rolling Papers ovat luonnonmukaisia. N\u00e4m\u00e4 vaaleanpunaiset Cones tulevat 3 kappaleen paketissa ja ovat 110 mm pitki\u00e4.<\/div>\n<div>\n<p>\u00a0<\/p>\n<\/div>\n<div class=\"std\">[rivi][sarake span=&#8221;1\/4&#8243; ]<br \/>\n<img decoding=\"async\" class=\"alignnone size-full wp-image-20681\" style=\"color: #333333; font-size: 14.4px;\" src=\"https:\/\/www.donaulife.com\/wp-content\/uploads\/2020\/03\/icon_home_col1.png\" alt=\"\" width=\"185\" height=\"130\" \/>Elements Rolling Papers valmistetaan luonnonmateriaaleista. Ne palavat l\u00e4hes ilman tuhkaa, lukuun ottamatta luonnollista sokeria, joka palamisen aikana muuttuu karamelliksi. Tulos? Parhaat k\u00e4\u00e4repaperit, mit\u00e4 ihminen on koskaan n\u00e4hnyt.[\/sarake]<br \/>\n[sarake span=&#8221;1\/4&#8243; ]<br \/>\n<img decoding=\"async\" class=\"alignnone size-full wp-image-20683\" style=\"font-size: 14.4px;\" src=\"https:\/\/www.donaulife.com\/wp-content\/uploads\/2020\/03\/icon_home_col3.png\" alt=\"\" width=\"185\" height=\"130\" \/>Elements Rolling Papers sis\u00e4lt\u00e4v\u00e4t my\u00f6s elementin tuuli. N\u00e4m\u00e4 kauniit paperit valmistetaan Espanjan Alcoy-nimisell\u00e4 alueella, Alicanten pohjoispuolella sijaitsevassa vuoristossa. Alcoy on tunnettu Rolling Papersin syntypaikkana (noin 1700-luvulla).[\/sarake]<br \/>\n[sarake span=&#8221;1\/4&#8243; ]<br \/>\n<img decoding=\"async\" class=\"alignnone size-full wp-image-20682\" src=\"https:\/\/www.donaulife.com\/wp-content\/uploads\/2020\/03\/icon_home_col2.png\" alt=\"\" width=\"185\" height=\"130\" \/>Jokainen arkki on painettu yrityksen omalla, ristisell\u00e4 vesileimalla. T\u00e4m\u00e4 vesileima mahdollistaa tasaisen palamisen. Pid\u00e4 yksi arkinpalanen Elements Rolling Papersia valoa vasten ja n\u00e4et, miten kaunis vesileima on painettu jokaiseen paperiin.[\/sarake]<br \/>\n[sarake span=&#8221;1\/4&#8243; ]<br \/>\n<img loading=\"lazy\" decoding=\"async\" class=\"alignnone size-full wp-image-20684\" src=\"https:\/\/www.donaulife.com\/wp-content\/uploads\/2020\/03\/icon_home_col4.png\" alt=\"\" width=\"185\" height=\"130\" \/>Elements Rolling Papers on suunniteltu tulelle, ja valitettavasti ne palavat l\u00e4hes t\u00e4ydellisesti j\u00e4tt\u00e4m\u00e4tt\u00e4 tuhkaa. Paperit on suunniteltu palamaan eritt\u00e4in puhtaasti eik\u00e4 muuttamaan savusi makua.[\/sarake][\/rivi]<\/div>\n","protected":false},"excerpt":{"rendered":"<p>Elements Kingsize Cones 3 kpl vaaleanpunainen Elements Rolling Papers ovat luonnonmukaisia. N\u00e4m\u00e4 vaaleanpunaiset Cones tulevat 3 kappaleen paketissa ja ovat<\/p>\n","protected":false},"featured_media":43405,"comment_status":"open","ping_status":"closed","template":"","meta":{"_acf_changed":false},"product_cat":[],"product_tag":[],"acf":[],"_links":{"self":[{"href":"https:\/\/donaulife-new.ogrisdigital.at\/fi\/wp-json\/wp\/v2\/product\/57379"}],"collection":[{"href":"https:\/\/donaulife-new.ogrisdigital.at\/fi\/wp-json\/wp\/v2\/product"}],"about":[{"href":"https:\/\/donaulife-new.ogrisdigital.at\/fi\/wp-json\/wp\/v2\/types\/product"}],"replies":[{"embeddable":true,"href":"https:\/\/donaulife-new.ogrisdigital.at\/fi\/wp-json\/wp\/v2\/comments?post=57379"}],"wp:featuredmedia":[{"embeddable":true,"href":"https:\/\/donaulife-new.ogrisdigital.at\/fi\/wp-json\/wp\/v2\/media\/43405"}],"wp:attachment":[{"href":"https:\/\/donaulife-new.ogrisdigital.at\/fi\/wp-json\/wp\/v2\/media?parent=57379"}],"wp:term":[{"taxonomy":"product_cat","embeddable":true,"href":"https:\/\/donaulife-new.ogrisdigital.at\/fi\/wp-json\/wp\/v2\/product_cat?post=57379"},{"taxonomy":"product_tag","embeddable":true,"href":"https:\/\/donaulife-new.ogrisdigital.at\/fi\/wp-json\/wp\/v2\/product_tag?post=57379"}],"curies":[{"name":"wp","href":"https:\/\/api.w.org\/{rel}","templated":true}]}}