{"id":57374,"date":"2024-07-04T17:41:48","date_gmt":"2024-07-04T17:41:48","guid":{"rendered":"https:\/\/donaulife-new.ogrisdigital.at\/raw-classic-1-1-4-paperit-ja-vihjeet-50-arkkia\/"},"modified":"2024-07-04T17:41:48","modified_gmt":"2024-07-04T17:41:48","slug":"raw-classic-1-1-4-paperit-ja-vihjeet-50-arkkia","status":"publish","type":"product","link":"https:\/\/donaulife-new.ogrisdigital.at\/fi\/raw-classic-1-1-4-paperit-ja-vihjeet-50-arkkia\/","title":{"rendered":"RAW Classic 1 1\/4 -paperit ja vihjeet | 50 arkkia"},"content":{"rendered":"<h2>RAW Classic 1 1\/4 -paperit ja 50 vihjett\u00e4<\/h2>\n<div>RAW Classic 1 1\/4 on niille meist\u00e4, jotka pit\u00e4v\u00e4t luonnollisista k\u00e4\u00e4reist\u00e4. Paperit ovat 84 mm pitki\u00e4 ja 45 mm korkeita. RAW Classic on t\u00e4ydellinen valinta kauniisti tasaisesti palavaan jointtiin.<\/div>\n<div><\/div>\n<div>50 arkkia per pakkaus<\/div>\n<div>50 vihjett\u00e4 per pakkaus<\/div>\n<h3>Tietoa RAW:sta:<\/h3>\n<p>RAW &#8211; Luonnollinen tapa kiert\u00e4\u00e4.<\/p>\n<p>Ensimm\u00e4isest\u00e4 p\u00e4iv\u00e4st\u00e4 l\u00e4htien RAW on ottanut teht\u00e4v\u00e4kseen johtaa paperikierukkateollisuutta. RAW on mullistanut tupakoinnin maailmaa luomalla tuotteita, jotka ovat luonnostaan nerokkaasti suunniteltuja parantamaan tupakointikokemusta.<\/p>\n<p>RAW valmistaa vain laadukkaita ja ymp\u00e4rist\u00f6yst\u00e4v\u00e4llisi\u00e4 tuotteita, jotka parantavat tupakointikokemustasi, eik\u00e4 se tule ikin\u00e4 muuttumaan. Nautimme polttamasta raakapaperiamme joka p\u00e4iv\u00e4, ja tulemme aina pit\u00e4m\u00e4\u00e4n sen t\u00e4ysin luonnollisena eli &#8220;raakana&#8221; &#8211; sinulle ja meille!<\/p>\n","protected":false},"excerpt":{"rendered":"<p>RAW Classic 1 1\/4 -paperit ja 50 vihjett\u00e4 RAW Classic 1 1\/4 on niille meist\u00e4, jotka pit\u00e4v\u00e4t luonnollisista k\u00e4\u00e4reist\u00e4. Paperit<\/p>\n","protected":false},"featured_media":43545,"comment_status":"open","ping_status":"closed","template":"","meta":{"_acf_changed":false},"product_cat":[],"product_tag":[],"acf":[],"_links":{"self":[{"href":"https:\/\/donaulife-new.ogrisdigital.at\/fi\/wp-json\/wp\/v2\/product\/57374"}],"collection":[{"href":"https:\/\/donaulife-new.ogrisdigital.at\/fi\/wp-json\/wp\/v2\/product"}],"about":[{"href":"https:\/\/donaulife-new.ogrisdigital.at\/fi\/wp-json\/wp\/v2\/types\/product"}],"replies":[{"embeddable":true,"href":"https:\/\/donaulife-new.ogrisdigital.at\/fi\/wp-json\/wp\/v2\/comments?post=57374"}],"wp:featuredmedia":[{"embeddable":true,"href":"https:\/\/donaulife-new.ogrisdigital.at\/fi\/wp-json\/wp\/v2\/media\/43545"}],"wp:attachment":[{"href":"https:\/\/donaulife-new.ogrisdigital.at\/fi\/wp-json\/wp\/v2\/media?parent=57374"}],"wp:term":[{"taxonomy":"product_cat","embeddable":true,"href":"https:\/\/donaulife-new.ogrisdigital.at\/fi\/wp-json\/wp\/v2\/product_cat?post=57374"},{"taxonomy":"product_tag","embeddable":true,"href":"https:\/\/donaulife-new.ogrisdigital.at\/fi\/wp-json\/wp\/v2\/product_tag?post=57374"}],"curies":[{"name":"wp","href":"https:\/\/api.w.org\/{rel}","templated":true}]}}