{"id":57369,"date":"2024-07-04T17:39:36","date_gmt":"2024-07-04T17:39:36","guid":{"rendered":"https:\/\/donaulife-new.ogrisdigital.at\/best-buds-tuhkakuppi-dab-bud\/"},"modified":"2024-07-04T17:39:36","modified_gmt":"2024-07-04T17:39:36","slug":"best-buds-tuhkakuppi-dab-bud","status":"publish","type":"product","link":"https:\/\/donaulife-new.ogrisdigital.at\/fi\/best-buds-tuhkakuppi-dab-bud\/","title":{"rendered":"BEST BUDS tuhkakuppi | &#8216;Dab Bud&#8217;"},"content":{"rendered":"<h2>Best Buds tuhkakuppi Dab Bud<\/h2>\n<p>Best Buds tuhkakuppisarja metallista on ainutlaatuisilla kuvilla varustettu. N\u00e4ytt\u00e4\u00e4 todella maukkaalta. Oletko ottanut jo t\u00e4n\u00e4\u00e4n Dabin?<\/p>\n<h3>Tietoja Best Budsista:<\/h3>\n<p>Best Buds -br\u00e4ndi tulee Alankomaista ja on suunnattu nuorelle ja trendikk\u00e4\u00e4lle yleis\u00f6lle. Br\u00e4ndin tavoitteena on tarjota hienoja suunnitteluja kohtuulliseen hintaan. Valikoima sis\u00e4lt\u00e4\u00e4 rulla-alustoja, jauhajia sek\u00e4 s\u00e4ilytys- ja laajentamislaseja.<\/p>\n","protected":false},"excerpt":{"rendered":"<p>Best Buds tuhkakuppi Dab Bud Best Buds tuhkakuppisarja metallista on ainutlaatuisilla kuvilla varustettu. N\u00e4ytt\u00e4\u00e4 todella maukkaalta. Oletko ottanut jo t\u00e4n\u00e4\u00e4n<\/p>\n","protected":false},"featured_media":43622,"comment_status":"open","ping_status":"closed","template":"","meta":{"_acf_changed":false},"product_cat":[],"product_tag":[],"acf":[],"_links":{"self":[{"href":"https:\/\/donaulife-new.ogrisdigital.at\/fi\/wp-json\/wp\/v2\/product\/57369"}],"collection":[{"href":"https:\/\/donaulife-new.ogrisdigital.at\/fi\/wp-json\/wp\/v2\/product"}],"about":[{"href":"https:\/\/donaulife-new.ogrisdigital.at\/fi\/wp-json\/wp\/v2\/types\/product"}],"replies":[{"embeddable":true,"href":"https:\/\/donaulife-new.ogrisdigital.at\/fi\/wp-json\/wp\/v2\/comments?post=57369"}],"wp:featuredmedia":[{"embeddable":true,"href":"https:\/\/donaulife-new.ogrisdigital.at\/fi\/wp-json\/wp\/v2\/media\/43622"}],"wp:attachment":[{"href":"https:\/\/donaulife-new.ogrisdigital.at\/fi\/wp-json\/wp\/v2\/media?parent=57369"}],"wp:term":[{"taxonomy":"product_cat","embeddable":true,"href":"https:\/\/donaulife-new.ogrisdigital.at\/fi\/wp-json\/wp\/v2\/product_cat?post=57369"},{"taxonomy":"product_tag","embeddable":true,"href":"https:\/\/donaulife-new.ogrisdigital.at\/fi\/wp-json\/wp\/v2\/product_tag?post=57369"}],"curies":[{"name":"wp","href":"https:\/\/api.w.org\/{rel}","templated":true}]}}