{"id":57364,"date":"2024-07-04T17:35:01","date_gmt":"2024-07-04T17:35:01","guid":{"rendered":"https:\/\/donaulife-new.ogrisdigital.at\/bulldog-musta-1-1-4-paperit-50-arkkia\/"},"modified":"2024-07-04T17:35:01","modified_gmt":"2024-07-04T17:35:01","slug":"bulldog-musta-1-1-4-paperit-50-arkkia","status":"publish","type":"product","link":"https:\/\/donaulife-new.ogrisdigital.at\/fi\/bulldog-musta-1-1-4-paperit-50-arkkia\/","title":{"rendered":"BULLDOG Musta 1 1\/4 Paperit | 50 arkkia"},"content":{"rendered":"<h2>Bulldog Musta 1 1\/4 Paperit, joissa 50 arkia<\/h2>\n<p>N\u00e4m\u00e4 King Size Slim -paperit ovat per\u00e4isin &#8216;Bulldog&#8217;-talon valikoimasta ja sis\u00e4lt\u00e4v\u00e4t 50 arkkia. Ne muistuttavat sinua jopa kun paperit alkavat olla lopussa.<\/p>\n<h3>Tietoa Bulldogista:<\/h3>\n<p>&#8216;Bulldog&#8217;-br\u00e4ndin perustaja ja keksij\u00e4 Henk de Vries oli edell\u00e4k\u00e4vij\u00e4 ensimm\u00e4isess\u00e4 kodinomaisessa coffeeshopissa Amsterdamissa. Lukemattomat ihmiset virtaavat edelleen eri coffeeshoppeihin, hotelliin tai myym\u00e4l\u00f6ihin Amsterdamissa. Nyky\u00e4\u00e4n br\u00e4ndi on tunnettu ymp\u00e4ri maailmaa, ja l\u00f6yd\u00e4t Bulldog-tuotteita melkein jokaisesta maasta.<\/p>\n","protected":false},"excerpt":{"rendered":"<p>Bulldog Musta 1 1\/4 Paperit, joissa 50 arkia N\u00e4m\u00e4 King Size Slim -paperit ovat per\u00e4isin &#8216;Bulldog&#8217;-talon valikoimasta ja sis\u00e4lt\u00e4v\u00e4t 50<\/p>\n","protected":false},"featured_media":43730,"comment_status":"open","ping_status":"closed","template":"","meta":{"_acf_changed":false},"product_cat":[],"product_tag":[],"acf":[],"_links":{"self":[{"href":"https:\/\/donaulife-new.ogrisdigital.at\/fi\/wp-json\/wp\/v2\/product\/57364"}],"collection":[{"href":"https:\/\/donaulife-new.ogrisdigital.at\/fi\/wp-json\/wp\/v2\/product"}],"about":[{"href":"https:\/\/donaulife-new.ogrisdigital.at\/fi\/wp-json\/wp\/v2\/types\/product"}],"replies":[{"embeddable":true,"href":"https:\/\/donaulife-new.ogrisdigital.at\/fi\/wp-json\/wp\/v2\/comments?post=57364"}],"wp:featuredmedia":[{"embeddable":true,"href":"https:\/\/donaulife-new.ogrisdigital.at\/fi\/wp-json\/wp\/v2\/media\/43730"}],"wp:attachment":[{"href":"https:\/\/donaulife-new.ogrisdigital.at\/fi\/wp-json\/wp\/v2\/media?parent=57364"}],"wp:term":[{"taxonomy":"product_cat","embeddable":true,"href":"https:\/\/donaulife-new.ogrisdigital.at\/fi\/wp-json\/wp\/v2\/product_cat?post=57364"},{"taxonomy":"product_tag","embeddable":true,"href":"https:\/\/donaulife-new.ogrisdigital.at\/fi\/wp-json\/wp\/v2\/product_tag?post=57364"}],"curies":[{"name":"wp","href":"https:\/\/api.w.org\/{rel}","templated":true}]}}