{"id":57358,"date":"2024-07-04T17:21:21","date_gmt":"2024-07-04T17:21:21","guid":{"rendered":"https:\/\/donaulife-new.ogrisdigital.at\/best-buds-tuhkakuppi-pineapple-express\/"},"modified":"2024-07-04T17:21:21","modified_gmt":"2024-07-04T17:21:21","slug":"best-buds-tuhkakuppi-pineapple-express","status":"publish","type":"product","link":"https:\/\/donaulife-new.ogrisdigital.at\/fi\/best-buds-tuhkakuppi-pineapple-express\/","title":{"rendered":"BEST BUDS Tuhkakuppi | \u2018Pineapple Express\u2019"},"content":{"rendered":"<h2>Best Buds Tuotemerkki Pineapple Express<\/h2>\n<p>Best Buds -metallinen tuhkakupposarja erottuu ainutlaatuisilla kuvioillaan. Menossa maanantille. Oletko polttanut jo t\u00e4n\u00e4\u00e4n jay-ruohon?<\/p>\n<h3>Tietoja Best Buds:sta<\/h3>\n<p>Best Buds -br\u00e4ndi on per\u00e4isin Alankomaista ja on suunnattu nuorelle ja trendikk\u00e4\u00e4lle yleis\u00f6lle. Br\u00e4ndin tavoitteena on tarjota hienoja designeja kohtuulliseen hintaan. Valikoima kattaa rullaustrayt, grinderit, sek\u00e4 s\u00e4ilytys- ja suurentamislasiyhdistelm\u00e4t.<\/p>\n","protected":false},"excerpt":{"rendered":"<p>Best Buds Tuotemerkki Pineapple Express Best Buds -metallinen tuhkakupposarja erottuu ainutlaatuisilla kuvioillaan. Menossa maanantille. Oletko polttanut jo t\u00e4n\u00e4\u00e4n jay-ruohon? Tietoja<\/p>\n","protected":false},"featured_media":43620,"comment_status":"open","ping_status":"closed","template":"","meta":{"_acf_changed":false},"product_cat":[],"product_tag":[],"acf":[],"_links":{"self":[{"href":"https:\/\/donaulife-new.ogrisdigital.at\/fi\/wp-json\/wp\/v2\/product\/57358"}],"collection":[{"href":"https:\/\/donaulife-new.ogrisdigital.at\/fi\/wp-json\/wp\/v2\/product"}],"about":[{"href":"https:\/\/donaulife-new.ogrisdigital.at\/fi\/wp-json\/wp\/v2\/types\/product"}],"replies":[{"embeddable":true,"href":"https:\/\/donaulife-new.ogrisdigital.at\/fi\/wp-json\/wp\/v2\/comments?post=57358"}],"wp:featuredmedia":[{"embeddable":true,"href":"https:\/\/donaulife-new.ogrisdigital.at\/fi\/wp-json\/wp\/v2\/media\/43620"}],"wp:attachment":[{"href":"https:\/\/donaulife-new.ogrisdigital.at\/fi\/wp-json\/wp\/v2\/media?parent=57358"}],"wp:term":[{"taxonomy":"product_cat","embeddable":true,"href":"https:\/\/donaulife-new.ogrisdigital.at\/fi\/wp-json\/wp\/v2\/product_cat?post=57358"},{"taxonomy":"product_tag","embeddable":true,"href":"https:\/\/donaulife-new.ogrisdigital.at\/fi\/wp-json\/wp\/v2\/product_tag?post=57358"}],"curies":[{"name":"wp","href":"https:\/\/api.w.org\/{rel}","templated":true}]}}