{"id":57354,"date":"2024-07-04T17:16:06","date_gmt":"2024-07-04T17:16:06","guid":{"rendered":"https:\/\/donaulife-new.ogrisdigital.at\/cookies-baggie-musta-s-xl\/"},"modified":"2024-07-04T17:16:06","modified_gmt":"2024-07-04T17:16:06","slug":"cookies-baggie-musta-s-xl","status":"publish","type":"product","link":"https:\/\/donaulife-new.ogrisdigital.at\/fi\/cookies-baggie-musta-s-xl\/","title":{"rendered":"COOKIES Baggie musta | S-XL"},"content":{"rendered":"<h2>Cookies Baggies<\/h2>\n<p>Korkealaatuiset Cookies-pussit tarjoavat monia etuja perinteisiin pusseihin verrattuna. Kaksoissuljin pit\u00e4\u00e4 hajun sis\u00e4ll\u00e4, miss\u00e4 sen kuuluukin olla &#8211; sis\u00e4ll\u00e4. Lis\u00e4ksi pussit ovat my\u00f6s vesitiiviit\u00e4. Yhdess\u00e4 n\u00e4m\u00e4 ominaisuudet blickdichten ja pistosuojatun muovin kanssa tekev\u00e4t pusseista erinomaisen valinnan k\u00e4ytt\u00f6\u00f6n oman asunnon ulkopuolella.<\/p>\n<p>Kaksisuljin ja korkealaatuinen valmistus tekev\u00e4t Cookies-pusseista kest\u00e4v\u00e4n ja luotettavan kumppanin.<\/p>\n<p>Tarpeen mukaan Cookies-pusseja on saatavana 4 eri koossa:<\/p>\n<p>Pieni: 102 mm x 76 mm (12 kpl)<br \/>\nKeskikokoinen: 102 mm x 152 mm (12 kpl)<br \/>\nIso: 190 mm x 178 mm (6 kpl)<br \/>\nEritt\u00e4in iso: 215 mm x 255 mm (6 kpl)<\/p>\n<h3>Tietoja Cookiesista:<\/h3>\n<div>Cookies Los Angeles Maywoodissa, Kaliforniassa, Los Angeles Countyn syd\u00e4mess\u00e4 perustettiin ainutlaatuisella visiolla tuottaa maailmanluokan kannabista ja kannabis tuotteita. Cookies on aina edustanut el\u00e4m\u00e4ntapaa, joka on t\u00e4ynn\u00e4 huippuosaamista, laatua ja makua.<\/div>\n<div><\/div>\n<div>Cookies Los Angeles on vaatemerkki- ja asustemerkki Cookies. Cookies Clothing, taiteilijan ja yritt\u00e4j\u00e4n Bernerin (Gilbert Milam) idea tuottaa eksklusiivisia designeja Cookies Maywoodille, edustaa LA:n ainutlaatuista monikulttuurista el\u00e4m\u00e4ntapaa muodin, kannabiksen, urheilun ja musiikin kautta. Tulemme yhdist\u00e4m\u00e4\u00e4n katumuodin, urbaanin el\u00e4m\u00e4ntyylin, kannabiksen, hip-hop-musiikin sek\u00e4 monikulttuurisen yhteiskunnan ja viem\u00e4\u00e4n Cookiesin uudelle tasolle.<\/div>\n","protected":false},"excerpt":{"rendered":"<p>Cookies Baggies Korkealaatuiset Cookies-pussit tarjoavat monia etuja perinteisiin pusseihin verrattuna. Kaksoissuljin pit\u00e4\u00e4 hajun sis\u00e4ll\u00e4, miss\u00e4 sen kuuluukin olla &#8211; sis\u00e4ll\u00e4.<\/p>\n","protected":false},"featured_media":43862,"comment_status":"open","ping_status":"closed","template":"","meta":{"_acf_changed":false},"product_cat":[],"product_tag":[],"acf":[],"_links":{"self":[{"href":"https:\/\/donaulife-new.ogrisdigital.at\/fi\/wp-json\/wp\/v2\/product\/57354"}],"collection":[{"href":"https:\/\/donaulife-new.ogrisdigital.at\/fi\/wp-json\/wp\/v2\/product"}],"about":[{"href":"https:\/\/donaulife-new.ogrisdigital.at\/fi\/wp-json\/wp\/v2\/types\/product"}],"replies":[{"embeddable":true,"href":"https:\/\/donaulife-new.ogrisdigital.at\/fi\/wp-json\/wp\/v2\/comments?post=57354"}],"wp:featuredmedia":[{"embeddable":true,"href":"https:\/\/donaulife-new.ogrisdigital.at\/fi\/wp-json\/wp\/v2\/media\/43862"}],"wp:attachment":[{"href":"https:\/\/donaulife-new.ogrisdigital.at\/fi\/wp-json\/wp\/v2\/media?parent=57354"}],"wp:term":[{"taxonomy":"product_cat","embeddable":true,"href":"https:\/\/donaulife-new.ogrisdigital.at\/fi\/wp-json\/wp\/v2\/product_cat?post=57354"},{"taxonomy":"product_tag","embeddable":true,"href":"https:\/\/donaulife-new.ogrisdigital.at\/fi\/wp-json\/wp\/v2\/product_tag?post=57354"}],"curies":[{"name":"wp","href":"https:\/\/api.w.org\/{rel}","templated":true}]}}