{"id":57345,"date":"2024-07-04T17:07:20","date_gmt":"2024-07-04T17:07:20","guid":{"rendered":"https:\/\/donaulife-new.ogrisdigital.at\/dlx-deluxe-1-1-4-papers-50-arkkia\/"},"modified":"2024-07-04T17:07:20","modified_gmt":"2024-07-04T17:07:20","slug":"dlx-deluxe-1-1-4-papers-50-arkkia","status":"publish","type":"product","link":"https:\/\/donaulife-new.ogrisdigital.at\/fi\/dlx-deluxe-1-1-4-papers-50-arkkia\/","title":{"rendered":"DLX Deluxe 1 1\/4 Papers | 50 arkkia"},"content":{"rendered":"<h2>DLX Deluxe 1 1\/4 Papers<\/h2>\n<p>Me kaikki tied\u00e4mme, ett\u00e4 savuke on vain niin hyv\u00e4 kuin se paperi, johon se on k\u00e4\u00e4ritty. DLX\u00ae 1 1\/4 -paperia valmistetaan ainutlaatuisesta hitaasti palavasta ristikkopintaisesta paperista, ja siin\u00e4 on magneettilukko.<\/p>\n<h3>Tietoja DLX:sta<\/h3>\n<div>1 1\/4 -paperit ovat 78 mm pitki\u00e4. King Size -paperit ovat 110 mm pitki\u00e4. Mutta standardikokoinen savuke on 84 mm pitk\u00e4! Vuosien varrella olemme kuulleet tupakoitsijoilta, ett\u00e4 1 1\/4 on heid\u00e4n suosikkikokonsa, mutta he haluaisivat jotain pidemp\u00e4\u00e4. Kokeiltuamme monia eri kokoja p\u00e4\u00e4dymme lopulta siihen, ett\u00e4 valtaosa savukkeista on 84 mm pitki\u00e4, koska se on t\u00e4ydellinen pituus savukkeelle! T\u00e4st\u00e4 syyst\u00e4 DLX\u00ae 84mm syntyi.<\/div>\n","protected":false},"excerpt":{"rendered":"<p>DLX Deluxe 1 1\/4 Papers Me kaikki tied\u00e4mme, ett\u00e4 savuke on vain niin hyv\u00e4 kuin se paperi, johon se on<\/p>\n","protected":false},"featured_media":35213,"comment_status":"open","ping_status":"closed","template":"","meta":{"_acf_changed":false},"product_cat":[],"product_tag":[],"acf":[],"_links":{"self":[{"href":"https:\/\/donaulife-new.ogrisdigital.at\/fi\/wp-json\/wp\/v2\/product\/57345"}],"collection":[{"href":"https:\/\/donaulife-new.ogrisdigital.at\/fi\/wp-json\/wp\/v2\/product"}],"about":[{"href":"https:\/\/donaulife-new.ogrisdigital.at\/fi\/wp-json\/wp\/v2\/types\/product"}],"replies":[{"embeddable":true,"href":"https:\/\/donaulife-new.ogrisdigital.at\/fi\/wp-json\/wp\/v2\/comments?post=57345"}],"wp:featuredmedia":[{"embeddable":true,"href":"https:\/\/donaulife-new.ogrisdigital.at\/fi\/wp-json\/wp\/v2\/media\/35213"}],"wp:attachment":[{"href":"https:\/\/donaulife-new.ogrisdigital.at\/fi\/wp-json\/wp\/v2\/media?parent=57345"}],"wp:term":[{"taxonomy":"product_cat","embeddable":true,"href":"https:\/\/donaulife-new.ogrisdigital.at\/fi\/wp-json\/wp\/v2\/product_cat?post=57345"},{"taxonomy":"product_tag","embeddable":true,"href":"https:\/\/donaulife-new.ogrisdigital.at\/fi\/wp-json\/wp\/v2\/product_tag?post=57345"}],"curies":[{"name":"wp","href":"https:\/\/api.w.org\/{rel}","templated":true}]}}