{"id":57329,"date":"2024-07-04T14:59:00","date_gmt":"2024-07-04T14:59:00","guid":{"rendered":"https:\/\/donaulife-new.ogrisdigital.at\/heisenberg-quarz-terp-slurper-banger-188-mm-2\/"},"modified":"2025-01-15T07:02:08","modified_gmt":"2025-01-15T07:02:08","slug":"heisenberg-quarz-terp-slurper-banger-188-mm-2","status":"publish","type":"product","link":"https:\/\/donaulife-new.ogrisdigital.at\/fi\/heisenberg-quarz-terp-slurper-banger-188-mm-2\/","title":{"rendered":"HEISENBERG Quarz Terp Slurper Banger | 18,8 mm"},"content":{"rendered":"<h2>HNBG Bangerista kvartsiter\u00e4kapseloija | 18,8 mm<\/h2>\n<p>Terp Slurper -banger-\u00e4\u00e4n kvartsilasista sopii tiivisteiden h\u00f6yryst\u00e4miseen. Siin\u00e4 on uros 18,8 liit\u00e4n\u00e4 90 asteen kulmassa. Se soveltuu parhaiten dab-rigeille ja pienille vesipiipuille, joissa on vastaava pystysuora liit\u00e4nn\u00e4n kohdistus.<\/p>\n<p>Koppi toimitetaan 3-osaisella lis\u00e4varustepaketilla, joka sis\u00e4lt\u00e4\u00e4 Terp Pillin ja 2 Terp Ballia, joista suurempi toimii Carb Capina.<\/p>\n<h3>Miksi tarvitaan Terp Ballia ja Terp Pilli\u00e4?<\/h3>\n<p><strong>Terp Pill<\/strong> &#8211; Pillerim\u00e4inen tanko alkaa py\u00f6ri\u00e4 bangerin hengitt\u00e4misen aikana, muodostaen siten suuremman pinta-alan, jolla \u00f6ljy ja tiiviste voivat h\u00f6yrysty\u00e4 ja lis\u00e4t\u00e4 h\u00f6yryn tuotantoa. Lis\u00e4\u00e4ntyneen ilmavirran ja lis\u00e4\u00e4ntyneen h\u00f6yryn tuotannon lis\u00e4ksi positiivinen sivuvaikutus on, ett\u00e4 h\u00f6yry hieman j\u00e4\u00e4hdytt\u00e4\u00e4 ja tekee siit\u00e4 miellytt\u00e4v\u00e4mm\u00e4n.<\/p>\n<p><strong>Terp Ball<\/strong> &#8211; Normaalikokoisia Terp-balleja k\u00e4ytet\u00e4\u00e4n tiivisteen tasaisen jakautumisen varmistamiseen bangerissa. T\u00e4ss\u00e4 p\u00e4\u00e4ss\u00e4 pallon halkaisija on \u00d811,5 mm, ja se py\u00f6rii hengitett\u00e4ess\u00e4 ympyr\u00e4\u00e4, auttaen sek\u00e4 pit\u00e4m\u00e4\u00e4n l\u00e4mp\u00f6\u00e4 ett\u00e4 suurentamaan h\u00f6yrystett\u00e4v\u00e4\u00e4 pintaa ja siten lis\u00e4\u00e4m\u00e4\u00e4n h\u00f6yryn tuotantoa.<\/p>\n<h3>Miten Terp Slurper toimii<\/h3>\n<p>Aseta kaikki pallot ja Terp Pilli bangeriin. Kuumenna Terp Slurperia alhaalta kaasupolttimella tai Jet-sytyttimell\u00e4 20-30 sekuntia, kunnes se alkaa hehkua. Anna sen j\u00e4\u00e4hty\u00e4 hieman (voit esimerkiksi tarkistaa l\u00e4mp\u00f6tilan optisella l\u00e4mp\u00f6mittarilla.*) Jaa tiiviste dabberilla alempaan pannuun ja ala hengitt\u00e4\u00e4 samanaikaisesti. H\u00f6yrystyv\u00e4 tiiviste imeytyy lasipannun viistojen urien l\u00e4pi ja kulkeutuu lasipallojen ohi vesipiippuun.<\/p>\n<p>*Matala l\u00e4mp\u00f6tila dab (157-232\u00b0C), keskil\u00e4mp\u00f6tila dab (232-315\u00b0C), korkea l\u00e4mp\u00f6tila dab (315-482\u00b0C)<\/p>\n<h3>Tietoja Heisenbergist\u00e4:<\/h3>\n<div>\nHeisenberg &#8211; Breaking Badin lis\u00e4ksi ilmi\u00f6. Heisenberg-br\u00e4ndi tunnetaan muun muassa lasivesoistaan. Yksik\u00e4\u00e4n Heisenberg-sarjan vesipiippu ei ole samanlainen. T\u00e4\u00e4ll\u00e4 tarjotaan erilaisia muotoiluelementtej\u00e4, kuten pop-v\u00e4rej\u00e4 tai glow-in-the-dark-toimintoja, paikkoja LED-valojen asettamiseen ja muita ekstroja.<\/p>\n<p>Mielenkiintoisessa lasivesivalikoimassa on varmasti jotain juuri sinulle!<\/p>\n<\/div>\n","protected":false},"excerpt":{"rendered":"<p>HNBG Bangerista kvartsiter\u00e4kapseloija | 18,8 mm Terp Slurper -banger-\u00e4\u00e4n kvartsilasista sopii tiivisteiden h\u00f6yryst\u00e4miseen. Siin\u00e4 on uros 18,8 liit\u00e4n\u00e4 90 asteen<\/p>\n","protected":false},"featured_media":56248,"comment_status":"open","ping_status":"closed","template":"","meta":{"_acf_changed":false},"product_cat":[],"product_tag":[],"acf":[],"_links":{"self":[{"href":"https:\/\/donaulife-new.ogrisdigital.at\/fi\/wp-json\/wp\/v2\/product\/57329"}],"collection":[{"href":"https:\/\/donaulife-new.ogrisdigital.at\/fi\/wp-json\/wp\/v2\/product"}],"about":[{"href":"https:\/\/donaulife-new.ogrisdigital.at\/fi\/wp-json\/wp\/v2\/types\/product"}],"replies":[{"embeddable":true,"href":"https:\/\/donaulife-new.ogrisdigital.at\/fi\/wp-json\/wp\/v2\/comments?post=57329"}],"wp:featuredmedia":[{"embeddable":true,"href":"https:\/\/donaulife-new.ogrisdigital.at\/fi\/wp-json\/wp\/v2\/media\/56248"}],"wp:attachment":[{"href":"https:\/\/donaulife-new.ogrisdigital.at\/fi\/wp-json\/wp\/v2\/media?parent=57329"}],"wp:term":[{"taxonomy":"product_cat","embeddable":true,"href":"https:\/\/donaulife-new.ogrisdigital.at\/fi\/wp-json\/wp\/v2\/product_cat?post=57329"},{"taxonomy":"product_tag","embeddable":true,"href":"https:\/\/donaulife-new.ogrisdigital.at\/fi\/wp-json\/wp\/v2\/product_tag?post=57329"}],"curies":[{"name":"wp","href":"https:\/\/api.w.org\/{rel}","templated":true}]}}