{"id":57321,"date":"2024-07-04T14:55:07","date_gmt":"2024-07-04T14:55:07","guid":{"rendered":"https:\/\/donaulife-new.ogrisdigital.at\/heisenberg-zylinderbong-old-school-with-3-fold-honeycomb-56-cm\/"},"modified":"2024-07-04T14:55:07","modified_gmt":"2024-07-04T14:55:07","slug":"heisenberg-zylinderbong-old-school-with-3-fold-honeycomb-56-cm","status":"publish","type":"product","link":"https:\/\/donaulife-new.ogrisdigital.at\/fi\/heisenberg-zylinderbong-old-school-with-3-fold-honeycomb-56-cm\/","title":{"rendered":"HEISENBERG Zylinderbong &#8216;Old School&#8217; with 3-fold Honeycomb | 56 cm"},"content":{"rendered":"<h2>Vanhan koulukunnan muotoilu ja toiminta<\/h2>\n<p>Heisenbergin vanhan koulun lasibongi palauttaa historiaa kotiisi. Vanhan koulun muotoilu on yht\u00e4 vanhanaikaista kuin se itse. T\u00e4m\u00e4 on Color-Line-bongi, joka tarjoaa runsaasti v\u00e4rillisi\u00e4 elementtej\u00e4. Esimerkiksi HEISENBERG-teksti etenee sinisen, keltaisen ja vihre\u00e4n v\u00e4rimuutoksen kautta, mutta erityiset katseet kiinnittyv\u00e4t kolmeen v\u00e4rikk\u00e4\u00e4seen j\u00e4\u00e4j\u00e4\u00e4hn ja punaiseen, vihre\u00e4\u00e4n ja siniseen hunajakennoon, jotka viimeistelev\u00e4t bongin ulkon\u00e4\u00f6n.<\/p>\n<p>Tarjotaksemme sinulle parhaan mahdollisen savunautinnon olemme suunnitelleet 5 mm paksun ja 56 cm korkean Bongin, joka on t\u00e4ynn\u00e4 perkolaatiota. Savu kulkee ensin kaksinkertaisen levyn l\u00e4pi ja siirtyy sitten kiinte\u00e4\u00e4n leikkaukseen. T\u00e4\u00e4ll\u00e4 savu valmistetaan ei yht\u00e4, ei kahta, vaan kolmea(!) hunajakenshell\u00e4 varustettua ennen kuin se saa ensimm\u00e4isen puhdistusprosessinsa. Kaksi per\u00e4kk\u00e4ist\u00e4 hunajakenno-diffuusiolevy\u00e4, jotka seuraavat v\u00e4litt\u00f6m\u00e4sti kaksinkertaista levy\u00e4, luovat lukuisia eritt\u00e4in pieni\u00e4 kuplia ja takaavat optimaalisen diffuusion ja nautinnollisen maun.<\/p>\n<p>Voit vet\u00e4\u00e4 sit\u00e4 rajoittamatta ilman, ett\u00e4 roiskuva vesi osuu kasvoihisi. Vaikka se onkin kokonsa puolesta suuri, vanhan koulun Color-Line Bong on eritt\u00e4in lempe\u00e4 savuke, joka ei kuormita keuhkojasi. Joten: Mukava laite vanhan koulun tupakoitsijoille \ud83d\ude09<\/p>\n<div>\n<div><\/div>\n<\/div>\n","protected":false},"excerpt":{"rendered":"<p>Vanhan koulukunnan muotoilu ja toiminta Heisenbergin vanhan koulun lasibongi palauttaa historiaa kotiisi. Vanhan koulun muotoilu on yht\u00e4 vanhanaikaista kuin se<\/p>\n","protected":false},"featured_media":48889,"comment_status":"open","ping_status":"closed","template":"","meta":{"_acf_changed":false},"product_cat":[],"product_tag":[],"acf":[],"_links":{"self":[{"href":"https:\/\/donaulife-new.ogrisdigital.at\/fi\/wp-json\/wp\/v2\/product\/57321"}],"collection":[{"href":"https:\/\/donaulife-new.ogrisdigital.at\/fi\/wp-json\/wp\/v2\/product"}],"about":[{"href":"https:\/\/donaulife-new.ogrisdigital.at\/fi\/wp-json\/wp\/v2\/types\/product"}],"replies":[{"embeddable":true,"href":"https:\/\/donaulife-new.ogrisdigital.at\/fi\/wp-json\/wp\/v2\/comments?post=57321"}],"wp:featuredmedia":[{"embeddable":true,"href":"https:\/\/donaulife-new.ogrisdigital.at\/fi\/wp-json\/wp\/v2\/media\/48889"}],"wp:attachment":[{"href":"https:\/\/donaulife-new.ogrisdigital.at\/fi\/wp-json\/wp\/v2\/media?parent=57321"}],"wp:term":[{"taxonomy":"product_cat","embeddable":true,"href":"https:\/\/donaulife-new.ogrisdigital.at\/fi\/wp-json\/wp\/v2\/product_cat?post=57321"},{"taxonomy":"product_tag","embeddable":true,"href":"https:\/\/donaulife-new.ogrisdigital.at\/fi\/wp-json\/wp\/v2\/product_tag?post=57321"}],"curies":[{"name":"wp","href":"https:\/\/api.w.org\/{rel}","templated":true}]}}