{"id":57317,"date":"2024-07-04T14:51:08","date_gmt":"2024-07-04T14:51:08","guid":{"rendered":"https:\/\/donaulife-new.ogrisdigital.at\/hieno-pieni-pesae-ruostumattomasta-teraeksestae-valmistetulle-aktiivihiilisuodattimelle-6-mm\/"},"modified":"2024-07-04T14:51:08","modified_gmt":"2024-07-04T14:51:08","slug":"hieno-pieni-pesae-ruostumattomasta-teraeksestae-valmistetulle-aktiivihiilisuodattimelle-6-mm","status":"publish","type":"product","link":"https:\/\/donaulife-new.ogrisdigital.at\/fi\/hieno-pieni-pesae-ruostumattomasta-teraeksestae-valmistetulle-aktiivihiilisuodattimelle-6-mm\/","title":{"rendered":"Hieno &#8216;pieni pes\u00e4&#8217; ruostumattomasta ter\u00e4ksest\u00e4 valmistetulle aktiivihiilisuodattimelle 6 mm"},"content":{"rendered":"<h2>Hieno pes\u00e4 ruostumattomasta ter\u00e4ksest\u00e4 valmistetulle aktiivihiilisuodattimelle 6 mm<\/h2>\n<p><strong>Pieni pes\u00e4 on s\u00e4ilytyslaatikko ja puhdistuslaitteisto Feniksille.<\/strong><\/p>\n<p>Pes\u00e4 helpottaa puhdistusta.<\/p>\n<p>T\u00e4h\u00e4n pes\u00e4\u00e4n voi s\u00e4il\u00f6\u00e4 Feniks Z6 aktiivihiilisuodattimen.<\/p>\n<p>Pylv\u00e4s on valmistettu alumiinista.<\/p>\n<p>Perusmateriaaliksi voit valita erilaisia puulajeja.<\/p>\n<table>\n<tbody>\n<tr>\n<td><strong>Kirahvi<\/strong><\/td>\n<td>vaalea, yksinkertainen puu<\/td>\n<\/tr>\n<tr>\n<td><strong>Tammi<\/strong><\/td>\n<td>vaalea- ja keskiruskea, selv\u00e4sti rakenteinen<\/td>\n<\/tr>\n<tr>\n<td><strong>P\u00e4hkin\u00e4puu<\/strong><\/td>\n<td>Ruskehtava v\u00e4ri, eritt\u00e4in kaunis syykuviointi. Ainoa tumma puulaji t\u00e4\u00e4ll\u00e4 p\u00e4in<\/td>\n<\/tr>\n<tr>\n<td><strong>Kirsikka<\/strong><\/td>\n<td>Hennon punaruskea puu harmonisella hienolla rakenteella<\/td>\n<\/tr>\n<tr>\n<td><strong>\u00a0<\/strong><\/td>\n<td>Lis\u00e4\u00e4 puulajeja on saatavilla pyynn\u00f6st\u00e4.<\/td>\n<\/tr>\n<\/tbody>\n<\/table>\n<p><strong>Mitat:\u00a0<\/strong>20x20x55m<\/p>\n<hr class=\"wp-block-separator has-alpha-channel-opacity is-style-wide\" \/>\n<p><strong>Sis\u00e4lt\u00f6:<\/strong><\/p>\n<ul>\n<li>1x pieni pes\u00e4<\/li>\n<\/ul>\n<h3>Kuinka hiili uusitaan tai miten suodatin poltetaan puhtaaksi?<\/h3>\n<p><iframe title=\"Poltto\" src=\"https:\/\/www.youtube.com\/embed\/HJaEEe5buNs\" width=\"410\" height=\"728\" frameborder=\"0\" allowfullscreen=\"allowfullscreen\"><\/iframe><\/p>\n<div class=\"elementor-element elementor-element-131fd42 elementor-widget elementor-widget-heading\" data-id=\"131fd42\" data-element_type=\"widget\" data-widget_type=\"heading.default\">\n<div class=\"elementor-widget-container\">\n<h2 class=\"elementor-heading-title elementor-size-default\">Innovatiivinen reaktivoituminen<\/h2>\n<\/div>\n<\/div>\n<div class=\"elementor-element elementor-element-a18b39a elementor-widget elementor-widget-text-editor\" data-id=\"a18b39a\" data-element_type=\"widget\" data-widget_type=\"text-editor.default\">\n<div class=\"elementor-widget-container\">\n<p>Fenikselle (ei sis\u00e4lly) voidaan tehd\u00e4 puhdistus jopa 1000\u00b0C l\u00e4mp\u00f6tilassa aiheuttamatta vahinkoa, jolloin savustuksen aikana muodostuneet ja suodatetut aineet ty\u00f6nnet\u00e4\u00e4n ulos suodattimen kotelosta ja erityisesti aktiivihiilest\u00e4. Koska hylsy ei p\u00e4\u00e4se happiin, aktiivihiilen rakenne s\u00e4ilyy.<\/p>\n<p>T\u00e4t\u00e4 prosessia kutsutaan pyrolyysiksi.<\/p>\n<p>3\u201310 puhdistuskerran j\u00e4lkeen aktiivihiili on tukkeutunut ei-haihtuvilla aineilla ja se on vaihdettava.<\/p>\n<p>Suodattimen kotelo s\u00e4ilyy t\u00e4ysin ehj\u00e4n\u00e4. Se muuttuu pitk\u00e4ll\u00e4 aikav\u00e4lill\u00e4 vain himme\u00e4n mustaksi.<\/p>\n<p>Jotta reaktivoituminen olisi my\u00f6s hauskaa, tarjoamme t\u00e4ydellisen ja tehokkaan Mini Bunsenin palavia liekkej\u00e4.<\/p>\n<p><img fetchpriority=\"high\" decoding=\"async\" class=\"alignnone wp-image-53871\" src=\"https:\/\/www.donaulife.com\/wp-content\/uploads\/2024\/01\/FL_2023-09-17-HUN-03431-2-1-scaled-1-300x142.webp\" alt=\"\" width=\"499\" height=\"236\" \/><\/p>\n<div class=\"elementor-element elementor-element-6c7069bf elementor-widget elementor-widget-heading\" data-id=\"6c7069bf\" data-element_type=\"widget\" data-widget_type=\"heading.default\">\n<div class=\"elementor-widget-container\"><\/div>\n<\/div>\n<div class=\"elementor-element elementor-element-77b913e1 elementor-widget elementor-widget-text-editor\" data-id=\"77b913e1\" data-element_type=\"widget\" data-widget_type=\"text-editor.default\">\n<div class=\"elementor-widget-container\">\n<p>\u00a0<\/p>\n<p><span style=\"color: #333333; font-size: 20.16px;\">\u00dcber Finom Metall:<\/span><\/p>\n<\/div>\n<\/div>\n<\/div>\n<\/div>\n<div class=\"elementor-element elementor-element-3d48d6c6 elementor-widget elementor-widget-heading\" data-id=\"3d48d6c6\" data-element_type=\"widget\" data-widget_type=\"heading.default\">\n<div class=\"elementor-widget-container\">\n<p class=\"elementor-heading-title elementor-size-default\"><strong>Ensimm\u00e4inen t\u00e4ysin uudelleenk\u00e4ytett\u00e4v\u00e4 aktiivihiilisuodatin<\/strong><\/p>\n<\/div>\n<\/div>\n<div class=\"elementor-element elementor-element-1dbcba06 elementor-widget elementor-widget-text-editor\" data-id=\"1dbcba06\" data-element_type=\"widget\" data-widget_type=\"text-editor.default\">\n<div class=\"elementor-widget-container\">\n<p class=\"wp-block-heading has-text-align-left has-small-font-size\">Feniks on myyttinen lintu, joka palaa elinkaarensa lopussa uudelleensynty\u00e4kseen tuhkasta.<br \/>\nJuuri n\u00e4in suodatin uudistuu tulen avulla.<\/p>\n<p><img decoding=\"async\" class=\"alignnone size-full wp-image-53874\" src=\"https:\/\/www.donaulife.com\/wp-content\/uploads\/2024\/01\/Phoenix-neu.webp\" alt=\"\" width=\"300\" height=\"300\" \/><\/p>\n<\/div>\n<\/div>\n","protected":false},"excerpt":{"rendered":"<p>Hieno pes\u00e4 ruostumattomasta ter\u00e4ksest\u00e4 valmistetulle aktiivihiilisuodattimelle 6 mm Pieni pes\u00e4 on s\u00e4ilytyslaatikko ja puhdistuslaitteisto Feniksille. Pes\u00e4 helpottaa puhdistusta. T\u00e4h\u00e4n pes\u00e4\u00e4n<\/p>\n","protected":false},"featured_media":48913,"comment_status":"open","ping_status":"closed","template":"","meta":{"_acf_changed":false},"product_cat":[],"product_tag":[],"acf":[],"_links":{"self":[{"href":"https:\/\/donaulife-new.ogrisdigital.at\/fi\/wp-json\/wp\/v2\/product\/57317"}],"collection":[{"href":"https:\/\/donaulife-new.ogrisdigital.at\/fi\/wp-json\/wp\/v2\/product"}],"about":[{"href":"https:\/\/donaulife-new.ogrisdigital.at\/fi\/wp-json\/wp\/v2\/types\/product"}],"replies":[{"embeddable":true,"href":"https:\/\/donaulife-new.ogrisdigital.at\/fi\/wp-json\/wp\/v2\/comments?post=57317"}],"wp:featuredmedia":[{"embeddable":true,"href":"https:\/\/donaulife-new.ogrisdigital.at\/fi\/wp-json\/wp\/v2\/media\/48913"}],"wp:attachment":[{"href":"https:\/\/donaulife-new.ogrisdigital.at\/fi\/wp-json\/wp\/v2\/media?parent=57317"}],"wp:term":[{"taxonomy":"product_cat","embeddable":true,"href":"https:\/\/donaulife-new.ogrisdigital.at\/fi\/wp-json\/wp\/v2\/product_cat?post=57317"},{"taxonomy":"product_tag","embeddable":true,"href":"https:\/\/donaulife-new.ogrisdigital.at\/fi\/wp-json\/wp\/v2\/product_tag?post=57317"}],"curies":[{"name":"wp","href":"https:\/\/api.w.org\/{rel}","templated":true}]}}