{"id":57312,"date":"2024-07-04T14:49:15","date_gmt":"2024-07-04T14:49:15","guid":{"rendered":"https:\/\/donaulife-new.ogrisdigital.at\/heisenberg-vorkuehler-u2018riddleu2019-mit-showerheadperc-188188-mm\/"},"modified":"2024-07-04T14:49:15","modified_gmt":"2024-07-04T14:49:15","slug":"heisenberg-vorkuehler-u2018riddleu2019-mit-showerheadperc-188188-mm","status":"publish","type":"product","link":"https:\/\/donaulife-new.ogrisdigital.at\/fi\/heisenberg-vorkuehler-u2018riddleu2019-mit-showerheadperc-188188-mm\/","title":{"rendered":"HEISENBERG Vork\u00fchler u2018Riddleu2019 mit Showerheadperc | 18,8>18,8 mm"},"content":{"rendered":"<h2>Heisenberg HNBG Riddle Vork\u00fchler mit integriertem Showerhead Percolator<\/h2>\n<p> Der HNBG Riddle Vor-K\u00fchler f\u00fcr Glasbongs hat eine Schleifengr\u00f6\u00dfe von 18,8>18,8. Der Verbindungsteil f\u00fcr Bong Bowls ist weiblich (Muffe), die Verbindung zur Bong ist m\u00e4nnlich (Kern). Das m\u00e4nnliche Verbindungsst\u00fcck ist nach unten abgewinkelt und eignet sich daher gut f\u00fcr Bongs, die im seitlichen Verbindungsbereich einen Winkel von etwa 40-45\u00b0 haben. Die offene Schleifenverbindung sowie das kompakte Design der Wasserkammer machen den Percolator f\u00fcr eine Vielzahl verschiedener Becher und Standard-Bongs geeignet. K\u00fchl und filtert den Rauch zuverl\u00e4ssig &#8211; der Showerhead Percolator. Der HNBG Riddle Vor-K\u00fchler ist mit einem Showerhead Percolator ausgestattet. Der konische Showerhead Percolator ist die ausgestellte Struktur innerhalb der Wasserkammer. Der untere Teil des Percolators weist kleine Schlitze entlang des u00e4uu00dferen Randes auf. Der Rauch wird durch die Schlitze gezogen und w\u00e4hrend des Einatmens aufgespalten. Dies gew\u00e4hrleistet einen gleichmu00e4u00dfigen und kru00e4ftigen Wirbel innerhalb der Kammer, sodass die ersten Ascheru00fcckstu00e4nde und Schadstoffe fru00fchzeitig abgefangen werden und das Aroma beim Rauchen vollstu00e4ndig entfalten kann. Der Zug ist angenehm und wirkt beim Ziehen nicht anstrengend.<\/p>\n","protected":false},"excerpt":{"rendered":"<p>Heisenberg HNBG Riddle Vork\u00fchler mit integriertem Showerhead Percolator Der HNBG Riddle Vor-K\u00fchler f\u00fcr Glasbongs hat eine Schleifengr\u00f6\u00dfe von 18,8>18,8. Der<\/p>\n","protected":false},"featured_media":48878,"comment_status":"open","ping_status":"closed","template":"","meta":{"_acf_changed":false},"product_cat":[],"product_tag":[],"acf":[],"_links":{"self":[{"href":"https:\/\/donaulife-new.ogrisdigital.at\/fi\/wp-json\/wp\/v2\/product\/57312"}],"collection":[{"href":"https:\/\/donaulife-new.ogrisdigital.at\/fi\/wp-json\/wp\/v2\/product"}],"about":[{"href":"https:\/\/donaulife-new.ogrisdigital.at\/fi\/wp-json\/wp\/v2\/types\/product"}],"replies":[{"embeddable":true,"href":"https:\/\/donaulife-new.ogrisdigital.at\/fi\/wp-json\/wp\/v2\/comments?post=57312"}],"wp:featuredmedia":[{"embeddable":true,"href":"https:\/\/donaulife-new.ogrisdigital.at\/fi\/wp-json\/wp\/v2\/media\/48878"}],"wp:attachment":[{"href":"https:\/\/donaulife-new.ogrisdigital.at\/fi\/wp-json\/wp\/v2\/media?parent=57312"}],"wp:term":[{"taxonomy":"product_cat","embeddable":true,"href":"https:\/\/donaulife-new.ogrisdigital.at\/fi\/wp-json\/wp\/v2\/product_cat?post=57312"},{"taxonomy":"product_tag","embeddable":true,"href":"https:\/\/donaulife-new.ogrisdigital.at\/fi\/wp-json\/wp\/v2\/product_tag?post=57312"}],"curies":[{"name":"wp","href":"https:\/\/api.w.org\/{rel}","templated":true}]}}