{"id":57298,"date":"2024-07-03T18:18:18","date_gmt":"2024-07-03T18:18:18","guid":{"rendered":"https:\/\/donaulife-new.ogrisdigital.at\/higher-standards-dot-wipes-1-kpl\/"},"modified":"2024-07-03T18:18:18","modified_gmt":"2024-07-03T18:18:18","slug":"higher-standards-dot-wipes-1-kpl","status":"publish","type":"product","link":"https:\/\/donaulife-new.ogrisdigital.at\/fi\/higher-standards-dot-wipes-1-kpl\/","title":{"rendered":"HIGHER STANDARDS Dot Wipes | 1 kpl"},"content":{"rendered":"<h2>Higher Standards Dot Wipes 1 kpl<\/h2>\n<p>Yksi laatikko, jossa 30 yksitt\u00e4ispakattua Higher Standards -merkin Dot Wipes -pyyhett\u00e4. N\u00e4m\u00e4 70 % isopropyylialkoholiliinat ovat kaksipuolisia. Pilkkukuvioinen puoli antaa lis\u00e4rakennetta poistaakseen voimakkaat j\u00e4\u00e4m\u00e4t, kun taas sile\u00e4 puoli on tarkoitettu lasi-, metalli- ja silikoniosien kiillottamiseen h\u00f6yrytt\u00e4j\u00e4ss\u00e4si tai vesipiipussasi.<\/p>\n<p>https:\/\/www.youtube.com\/watch?v=rlpIgoQJqhQ<\/p>\n<h3>Tietoa Higher Standardsista:<\/h3>\n<div>Higher Standards on perustettu tarjoamaan todellisille harrastajille ty\u00f6kaluja parhaan mahdollisen tupakointikokemuksen saavuttamiseksi, aina huippuluokan hoitotuotteista, jotka tehostavat materiaalin parasta makua, korkean suorituskyvyn lasista ja tavoitelluista rajoitetuista erikoisversioista.<\/p>\n<\/div>\n<div><\/div>\n<div>Kokoelmaamme kuuluu k\u00e4sintehty\u00e4 huippulaatuista lasia, ensiluokkaisia hoito- ja yll\u00e4pitotuotteita ja rajoitettuja yhteisty\u00f6projekteja, jotka on suunniteltu todellista nautiskelijaa varten, joka asettaa maun etusijalle.<\/div>\n","protected":false},"excerpt":{"rendered":"<p>Higher Standards Dot Wipes 1 kpl Yksi laatikko, jossa 30 yksitt\u00e4ispakattua Higher Standards -merkin Dot Wipes -pyyhett\u00e4. N\u00e4m\u00e4 70 %<\/p>\n","protected":false},"featured_media":29827,"comment_status":"open","ping_status":"closed","template":"","meta":{"_acf_changed":false},"product_cat":[],"product_tag":[],"acf":[],"_links":{"self":[{"href":"https:\/\/donaulife-new.ogrisdigital.at\/fi\/wp-json\/wp\/v2\/product\/57298"}],"collection":[{"href":"https:\/\/donaulife-new.ogrisdigital.at\/fi\/wp-json\/wp\/v2\/product"}],"about":[{"href":"https:\/\/donaulife-new.ogrisdigital.at\/fi\/wp-json\/wp\/v2\/types\/product"}],"replies":[{"embeddable":true,"href":"https:\/\/donaulife-new.ogrisdigital.at\/fi\/wp-json\/wp\/v2\/comments?post=57298"}],"wp:featuredmedia":[{"embeddable":true,"href":"https:\/\/donaulife-new.ogrisdigital.at\/fi\/wp-json\/wp\/v2\/media\/29827"}],"wp:attachment":[{"href":"https:\/\/donaulife-new.ogrisdigital.at\/fi\/wp-json\/wp\/v2\/media?parent=57298"}],"wp:term":[{"taxonomy":"product_cat","embeddable":true,"href":"https:\/\/donaulife-new.ogrisdigital.at\/fi\/wp-json\/wp\/v2\/product_cat?post=57298"},{"taxonomy":"product_tag","embeddable":true,"href":"https:\/\/donaulife-new.ogrisdigital.at\/fi\/wp-json\/wp\/v2\/product_tag?post=57298"}],"curies":[{"name":"wp","href":"https:\/\/api.w.org\/{rel}","templated":true}]}}