{"id":57293,"date":"2024-07-03T16:51:00","date_gmt":"2024-07-03T16:51:00","guid":{"rendered":"https:\/\/donaulife-new.ogrisdigital.at\/best-buds-lasinen-tuhkakuppi-oe-85-10-cm\/"},"modified":"2024-07-03T16:51:00","modified_gmt":"2024-07-03T16:51:00","slug":"best-buds-lasinen-tuhkakuppi-oe-85-10-cm","status":"publish","type":"product","link":"https:\/\/donaulife-new.ogrisdigital.at\/fi\/best-buds-lasinen-tuhkakuppi-oe-85-10-cm\/","title":{"rendered":"BEST BUDS Lasinen tuhkakuppi | \u00d8 8,5\/10 cm"},"content":{"rendered":"<div>\n<h2>Best Buds -lasinen tuhkakuppi<\/h2>\n<p><strong>AK-47<\/strong><\/p>\n<p>T\u00e4m\u00e4 tuhkakuppi esitt\u00e4\u00e4 vihaiseksi tekeytyv\u00e4\u00e4 &#8220;Budia&#8221;, joka kantaa kahta AK47-kiv\u00e4\u00e4ri\u00e4 ammuksineen. Suussa on valtava savuava sikari, ja taustalla n\u00e4et Amnesia Haze ja Jack Herer -lajikkeille omistettuja hautakivi\u00e4.<\/p>\n<p><img fetchpriority=\"high\" decoding=\"async\" class=\"alignnone size-medium wp-image-53704\" src=\"https:\/\/www.donaulife.com\/wp-content\/uploads\/2024\/01\/wholesale-best-buds-ak47-ashtray-300x300.jpg\" alt=\"\" width=\"300\" height=\"300\" \/><\/p>\n<p><strong>Pineapple Express<\/strong><\/p>\n<p>T\u00e4m\u00e4 ananas pit\u00e4\u00e4 yll\u00e4 pinkki\u00e4 aurinkolaseja, ratsastaa raketilla nimelt\u00e4\u00e4n &#8216;PINEAPPLE EXPRESS&#8217;. Pullea blunt k\u00e4dess\u00e4\u00e4n. Ehdottomasti katseenvangitsija p\u00f6yd\u00e4ll\u00e4.<\/p>\n<p><img decoding=\"async\" class=\"alignnone size-medium wp-image-53705\" src=\"https:\/\/www.donaulife.com\/wp-content\/uploads\/2024\/01\/wholesale-best-buds-pineapple-express-ashtray-300x300.jpg\" alt=\"\" width=\"300\" height=\"300\" \/><\/p>\n<p><strong>Purple Haze<\/strong><\/p>\n<p>Best Buds Purple Haze -tuhkakuppi esitt\u00e4\u00e4 erilaisia sieni- ja nuppuhahmoja sumuisessa taustassa hengailemassa.<\/p>\n<p><img decoding=\"async\" class=\"alignnone size-medium wp-image-53703\" style=\"font-size: 14.4px;\" src=\"https:\/\/www.donaulife.com\/wp-content\/uploads\/2024\/01\/wholesale-best-buds-purple-haze-ashtray-300x300.jpg\" alt=\"\" width=\"300\" height=\"300\" \/><\/p>\n<p><strong>Pizza Bud<\/strong><\/p>\n<p>Onko pikku Budilla j\u00e4lleen n\u00e4lk\u00e4? H\u00e4mmentyneen\u00e4 h\u00e4n vet\u00e4\u00e4 jointtiaan ja sy\u00f6 pizzaa samalla \ud83d\ude42<\/p>\n<p><img loading=\"lazy\" decoding=\"async\" class=\"alignnone size-medium wp-image-53706\" style=\"font-size: 14.4px;\" src=\"https:\/\/www.donaulife.com\/wp-content\/uploads\/2024\/01\/wholesale-best-buds-pizza-ashtray-300x300.jpg\" alt=\"\" width=\"300\" height=\"300\" \/><\/p>\n<\/div>\n<div>Halkaisija L: 100 mm<\/div>\n<div>Halkaisija S: 85 mm<\/div>\n<h3>Tietoa Best Budsista:<\/h3>\n<p>Best Buds -br\u00e4ndi tulee Alankomaista ja edustaa nuorta ja trendik\u00e4st\u00e4 kohderyhm\u00e4\u00e4. Br\u00e4ndi on omistautunut tarjoamaan hienoja design-tuotteita edulliseen hintaan. Valikoimaan kuuluu vetolaatikot, jauhottimet, s\u00e4ilytysastiat ja suurennuslasit.<\/p>\n","protected":false},"excerpt":{"rendered":"<p>Best Buds -lasinen tuhkakuppi AK-47 T\u00e4m\u00e4 tuhkakuppi esitt\u00e4\u00e4 vihaiseksi tekeytyv\u00e4\u00e4 &#8220;Budia&#8221;, joka kantaa kahta AK47-kiv\u00e4\u00e4ri\u00e4 ammuksineen. Suussa on valtava savuava<\/p>\n","protected":false},"featured_media":44025,"comment_status":"open","ping_status":"closed","template":"","meta":{"_acf_changed":false},"product_cat":[],"product_tag":[],"acf":[],"_links":{"self":[{"href":"https:\/\/donaulife-new.ogrisdigital.at\/fi\/wp-json\/wp\/v2\/product\/57293"}],"collection":[{"href":"https:\/\/donaulife-new.ogrisdigital.at\/fi\/wp-json\/wp\/v2\/product"}],"about":[{"href":"https:\/\/donaulife-new.ogrisdigital.at\/fi\/wp-json\/wp\/v2\/types\/product"}],"replies":[{"embeddable":true,"href":"https:\/\/donaulife-new.ogrisdigital.at\/fi\/wp-json\/wp\/v2\/comments?post=57293"}],"wp:featuredmedia":[{"embeddable":true,"href":"https:\/\/donaulife-new.ogrisdigital.at\/fi\/wp-json\/wp\/v2\/media\/44025"}],"wp:attachment":[{"href":"https:\/\/donaulife-new.ogrisdigital.at\/fi\/wp-json\/wp\/v2\/media?parent=57293"}],"wp:term":[{"taxonomy":"product_cat","embeddable":true,"href":"https:\/\/donaulife-new.ogrisdigital.at\/fi\/wp-json\/wp\/v2\/product_cat?post=57293"},{"taxonomy":"product_tag","embeddable":true,"href":"https:\/\/donaulife-new.ogrisdigital.at\/fi\/wp-json\/wp\/v2\/product_tag?post=57293"}],"curies":[{"name":"wp","href":"https:\/\/api.w.org\/{rel}","templated":true}]}}