{"id":57220,"date":"2024-07-02T21:43:37","date_gmt":"2024-07-02T21:43:37","guid":{"rendered":"https:\/\/donaulife-new.ogrisdigital.at\/bulldog-lasi-tuhka-astia-valkoinen-oe-105-mm\/"},"modified":"2024-07-02T21:43:37","modified_gmt":"2024-07-02T21:43:37","slug":"bulldog-lasi-tuhka-astia-valkoinen-oe-105-mm","status":"publish","type":"product","link":"https:\/\/donaulife-new.ogrisdigital.at\/fi\/bulldog-lasi-tuhka-astia-valkoinen-oe-105-mm\/","title":{"rendered":"BULLDOG lasi tuhka-astia valkoinen | \u00d8 105 mm"},"content":{"rendered":"<div>\n<h2>Bulldog lasituoppi, jossa Bulldog-logolla<\/h2>\n<p>Rakastatko hollantilaisia Weed Vibes? Ikoninen bulldoggi v\u00e4riss\u00e4 muuttaa jokaisen tilan rentouttavaksi bulldog-kahvilaksi. Lis\u00e4ksi se on eritt\u00e4in kest\u00e4v\u00e4 ja hyvin pest\u00e4v\u00e4.<\/p>\n<\/div>\n<div>Halkaisija: 105 mm<\/div>\n<h3>Tietoa Bulldogista:<\/h3>\n<div>Olemme Amsterdamiin sijoittuva yritys, jolla on kahviloita, baareja, merchandise-kauppoja ja hotelli Amsterdamissa. Kansainv\u00e4lisiin sijainteihimme kuuluvat cocktail-lounge ja ravintola Roomassa, sosiaalikerhot Barcelonassa ja Ibizalla, hotelli Grand Caf\u00e9\/Ravintola ja loma-asunnot Silver Star Mountainilla (Kanadassa) sek\u00e4 trooppinen cocktail-baari Aruballa.<\/div>\n","protected":false},"excerpt":{"rendered":"<p>Bulldog lasituoppi, jossa Bulldog-logolla Rakastatko hollantilaisia Weed Vibes? Ikoninen bulldoggi v\u00e4riss\u00e4 muuttaa jokaisen tilan rentouttavaksi bulldog-kahvilaksi. Lis\u00e4ksi se on eritt\u00e4in<\/p>\n","protected":false},"featured_media":0,"comment_status":"open","ping_status":"closed","template":"","meta":{"_acf_changed":false},"product_cat":[],"product_tag":[],"acf":[],"_links":{"self":[{"href":"https:\/\/donaulife-new.ogrisdigital.at\/fi\/wp-json\/wp\/v2\/product\/57220"}],"collection":[{"href":"https:\/\/donaulife-new.ogrisdigital.at\/fi\/wp-json\/wp\/v2\/product"}],"about":[{"href":"https:\/\/donaulife-new.ogrisdigital.at\/fi\/wp-json\/wp\/v2\/types\/product"}],"replies":[{"embeddable":true,"href":"https:\/\/donaulife-new.ogrisdigital.at\/fi\/wp-json\/wp\/v2\/comments?post=57220"}],"wp:attachment":[{"href":"https:\/\/donaulife-new.ogrisdigital.at\/fi\/wp-json\/wp\/v2\/media?parent=57220"}],"wp:term":[{"taxonomy":"product_cat","embeddable":true,"href":"https:\/\/donaulife-new.ogrisdigital.at\/fi\/wp-json\/wp\/v2\/product_cat?post=57220"},{"taxonomy":"product_tag","embeddable":true,"href":"https:\/\/donaulife-new.ogrisdigital.at\/fi\/wp-json\/wp\/v2\/product_tag?post=57220"}],"curies":[{"name":"wp","href":"https:\/\/api.w.org\/{rel}","templated":true}]}}