{"id":55215,"date":"2023-12-06T17:52:08","date_gmt":"2023-12-06T17:52:08","guid":{"rendered":"https:\/\/donaulife-new.ogrisdigital.at\/produkt\/winnie-blunts-rose-ks-cones-3-stueck\/"},"modified":"2024-07-01T01:13:37","modified_gmt":"2024-07-01T01:13:37","slug":"winnie-blunts-rose-ks-cones-3-stueck","status":"publish","type":"product","link":"https:\/\/donaulife-new.ogrisdigital.at\/fi\/winnie-blunts-rose-ks-cones-3-stueck\/","title":{"rendered":"WINNIE BLUNTS &#8216;Rose&#8217; KS Cones | 3 St\u00fcck"},"content":{"rendered":"<h2>Winnie Blunts Rosenblatt Kingsize Cones im 3er Pack<\/h2>\n<p>Steh auf und schnupper den Duft der Rosen!<\/p>\n<p>Wir pr\u00e4sentieren stolz die exklusiven Premium-Roseblunts. Dank unserer Zusammenarbeit mit unterschiedlichen Rosenfarmen bieten wir bei Winnie Blunts eine nat\u00fcrliche und bequeme M\u00f6glichkeit, ein erstklassiges Raucherlebnis ohne Tabak zu genie\u00dfen.<\/p>\n<p>Jeder handgefertigte Roseblunt beginnt sein Leben als wundersch\u00f6ne Rosenknospe aus der Natur. Sorgf\u00e4ltig werden diese Knospen nach h\u00f6chster Qualit\u00e4t ihrer Bl\u00fctenbl\u00e4tter selektiert, um anschlie\u00dfend kunstvoll um einen hauchd\u00fcnnen King-Size-Pape gewickelt zu werden. So entsteht die perfekte Form zum Verpacken und Anz\u00fcnden des Blunts \u2013 praktisch und einfach zugleich. Steigt ein und fliegt ne Runde mit unseren Roseblunts<\/p>\n<p>Smoke the most natural way!<\/p>\n<h3>\u00dcber Winnie Blunts:<\/h3>\n<p>Unsere Blunts, die Tabakfrei kommen, sind ma\u00dfgeschneidert f\u00fcr alle die ein hochwertiges und nat\u00fcrliches Raucherlebnis suchen.<br \/>\nDie Blunts entwickeln ein geschmeidiges Raucherlebnis und sind au\u00dferdem ein absoluter Hingucker. Nat\u00fcrlich biologisch abbaubar und ohne jegliche Zusatzstoffe.<\/p>\n<p>&nbsp;<\/p>\n","protected":false},"excerpt":{"rendered":"<p>Winnie Blunts Rosenblatt Kingsize Cones im 3er Pack Steh auf und schnupper den Duft der Rosen! Wir pr\u00e4sentieren stolz die<\/p>\n","protected":false},"featured_media":42782,"comment_status":"open","ping_status":"open","template":"","meta":{"_acf_changed":false},"product_cat":[2489,2451,2452,2724],"product_tag":[],"acf":[],"_links":{"self":[{"href":"https:\/\/donaulife-new.ogrisdigital.at\/fi\/wp-json\/wp\/v2\/product\/55215"}],"collection":[{"href":"https:\/\/donaulife-new.ogrisdigital.at\/fi\/wp-json\/wp\/v2\/product"}],"about":[{"href":"https:\/\/donaulife-new.ogrisdigital.at\/fi\/wp-json\/wp\/v2\/types\/product"}],"replies":[{"embeddable":true,"href":"https:\/\/donaulife-new.ogrisdigital.at\/fi\/wp-json\/wp\/v2\/comments?post=55215"}],"wp:featuredmedia":[{"embeddable":true,"href":"https:\/\/donaulife-new.ogrisdigital.at\/fi\/wp-json\/wp\/v2\/media\/42782"}],"wp:attachment":[{"href":"https:\/\/donaulife-new.ogrisdigital.at\/fi\/wp-json\/wp\/v2\/media?parent=55215"}],"wp:term":[{"taxonomy":"product_cat","embeddable":true,"href":"https:\/\/donaulife-new.ogrisdigital.at\/fi\/wp-json\/wp\/v2\/product_cat?post=55215"},{"taxonomy":"product_tag","embeddable":true,"href":"https:\/\/donaulife-new.ogrisdigital.at\/fi\/wp-json\/wp\/v2\/product_tag?post=55215"}],"curies":[{"name":"wp","href":"https:\/\/api.w.org\/{rel}","templated":true}]}}