{"id":55204,"date":"2023-12-06T11:21:22","date_gmt":"2023-12-06T11:21:22","guid":{"rendered":"https:\/\/donaulife-new.ogrisdigital.at\/produkt\/stash-book-versteckbuch-aus-holz-mit-bauhilfe\/"},"modified":"2024-07-01T01:13:32","modified_gmt":"2024-07-01T01:13:32","slug":"stash-book-versteckbuch-aus-holz-mit-bauhilfe","status":"publish","type":"product","link":"https:\/\/donaulife-new.ogrisdigital.at\/fi\/stash-book-versteckbuch-aus-holz-mit-bauhilfe\/","title":{"rendered":"STASH BOOK Versteckbuch aus Holz mit Bauhilfe"},"content":{"rendered":"<h2>Stash Book Versteckbuch aus Holz<\/h2>\n<p>Das Stash Book Versteckbuch aus Holz pr\u00e4sentiert sich als diskrete und vielseitige L\u00f6sung zur Aufbewahrung deiner Wertsachen. Mit den Ma\u00dfen von 18 cm x 13 cm x 5 cm bietet es ausreichend Platz f\u00fcr pers\u00f6nliche Gegenst\u00e4nde.<\/p>\n<p>Es kommt in neun faszinierenden Designs: Alien Visitor, Amsterdam, Canna Leaves, Coffeeshop, D\u00f6ner Haze, Love &amp; Peace, Starry Night, Why drink? oder Alien Buddha, um deinen individuellen Stil zu finden.<\/p>\n<p>Dieses Versteckbuch ist nicht nur ein funktionaler Aufbewahrungsort, sondern auch ein \u00e4sthetisches Accessoire in deinem B\u00fccherregal. Hergestellt aus hochwertigem Holz, gew\u00e4hrleistet es Langlebigkeit und Tarnung zugleich.<\/p>\n<p>Sein unauff\u00e4lliges \u00c4u\u00dferes tarnt den eigentlichen Zweck des Buches als sichereren Ort f\u00fcr deinen Stash. Im innern befindet sich noch ein Drehkkreuz zum einfachen bauen.<\/p>\n","protected":false},"excerpt":{"rendered":"<p>Stash Book Versteckbuch aus Holz Das Stash Book Versteckbuch aus Holz pr\u00e4sentiert sich als diskrete und vielseitige L\u00f6sung zur Aufbewahrung<\/p>\n","protected":false},"featured_media":42732,"comment_status":"open","ping_status":"open","template":"","meta":{"_acf_changed":false},"product_cat":[2607,2451,2678,2768],"product_tag":[],"acf":[],"_links":{"self":[{"href":"https:\/\/donaulife-new.ogrisdigital.at\/fi\/wp-json\/wp\/v2\/product\/55204"}],"collection":[{"href":"https:\/\/donaulife-new.ogrisdigital.at\/fi\/wp-json\/wp\/v2\/product"}],"about":[{"href":"https:\/\/donaulife-new.ogrisdigital.at\/fi\/wp-json\/wp\/v2\/types\/product"}],"replies":[{"embeddable":true,"href":"https:\/\/donaulife-new.ogrisdigital.at\/fi\/wp-json\/wp\/v2\/comments?post=55204"}],"wp:featuredmedia":[{"embeddable":true,"href":"https:\/\/donaulife-new.ogrisdigital.at\/fi\/wp-json\/wp\/v2\/media\/42732"}],"wp:attachment":[{"href":"https:\/\/donaulife-new.ogrisdigital.at\/fi\/wp-json\/wp\/v2\/media?parent=55204"}],"wp:term":[{"taxonomy":"product_cat","embeddable":true,"href":"https:\/\/donaulife-new.ogrisdigital.at\/fi\/wp-json\/wp\/v2\/product_cat?post=55204"},{"taxonomy":"product_tag","embeddable":true,"href":"https:\/\/donaulife-new.ogrisdigital.at\/fi\/wp-json\/wp\/v2\/product_tag?post=55204"}],"curies":[{"name":"wp","href":"https:\/\/api.w.org\/{rel}","templated":true}]}}