{"id":55201,"date":"2023-11-23T14:46:27","date_gmt":"2023-11-23T14:46:27","guid":{"rendered":"https:\/\/donaulife-new.ogrisdigital.at\/produkt\/raw-black-classic-1-1-4-papers-50-blatt\/"},"modified":"2025-01-15T07:06:05","modified_gmt":"2025-01-15T07:06:05","slug":"raw-black-classic-1-1-4-papers-50-blatt","status":"publish","type":"product","link":"https:\/\/donaulife-new.ogrisdigital.at\/fi\/raw-black-classic-1-1-4-papers-50-blatt\/","title":{"rendered":"RAW Black Classic 1 1\/4  Papers | 50 Blatt"},"content":{"rendered":"<h2>RAW Black Classic Papers 1 1\/4<\/h2>\n<p>&#8216;RAW&#8217; Natural Papers im 1 1\/4 Format aus reinsten Naturfasern mit nat\u00fcrlicher Gummierung.<\/p>\n<p>Gleichm\u00e4\u00dfige und langsame, sowie fast r\u00fcckstandsfreie Verbrennung.<br \/>\nDie Black Edition ist das d\u00fcnnste ungebleichte Papier das RAW jemals hergestellt hat und bietet damit unvergleichlichen Genuss!<\/p>\n<h3>\u00dcber RAW:<\/h3>\n<p>RAW &#8211; Die nat\u00fcrliche Art zu rollen.<\/p>\n<p>Seit dem 1. Tag hat RAW den Auftrag, die F\u00fchrungsrolle in der Papierrollenindustrie zu \u00fcbernehmen. RAW hat die Welt des Rauchens revolutioniert, indem sie Produkte geschaffen hat, die von Natur aus genial gestaltet sind, um das Raucherlebnis zu verbessern.<\/p>\n<p>RAW stellt nur qualitativ hochwertige und umweltfreundliche Produkte her, die Ihr Raucherlebnis verbessern, und wir werden das wof\u00fcr wir stehen niemals \u00e4ndern. Wir genie\u00dfen es, unser unraffiniertes Papier jeden Tag zu rauchen, und wir werden es immer komplett rein also &#8220;RAW&#8221; belassen &#8211; f\u00fcr dich und uns!<\/p>\n","protected":false},"excerpt":{"rendered":"<p>RAW Black Classic Papers 1 1\/4 &#8216;RAW&#8217; Natural Papers im 1 1\/4 Format aus reinsten Naturfasern mit nat\u00fcrlicher Gummierung. Gleichm\u00e4\u00dfige<\/p>\n","protected":false},"featured_media":42725,"comment_status":"open","ping_status":"open","template":"","meta":{"_acf_changed":false},"product_cat":[2489,2451,2452,2490,2754,2492],"product_tag":[2493],"acf":[],"_links":{"self":[{"href":"https:\/\/donaulife-new.ogrisdigital.at\/fi\/wp-json\/wp\/v2\/product\/55201"}],"collection":[{"href":"https:\/\/donaulife-new.ogrisdigital.at\/fi\/wp-json\/wp\/v2\/product"}],"about":[{"href":"https:\/\/donaulife-new.ogrisdigital.at\/fi\/wp-json\/wp\/v2\/types\/product"}],"replies":[{"embeddable":true,"href":"https:\/\/donaulife-new.ogrisdigital.at\/fi\/wp-json\/wp\/v2\/comments?post=55201"}],"wp:featuredmedia":[{"embeddable":true,"href":"https:\/\/donaulife-new.ogrisdigital.at\/fi\/wp-json\/wp\/v2\/media\/42725"}],"wp:attachment":[{"href":"https:\/\/donaulife-new.ogrisdigital.at\/fi\/wp-json\/wp\/v2\/media?parent=55201"}],"wp:term":[{"taxonomy":"product_cat","embeddable":true,"href":"https:\/\/donaulife-new.ogrisdigital.at\/fi\/wp-json\/wp\/v2\/product_cat?post=55201"},{"taxonomy":"product_tag","embeddable":true,"href":"https:\/\/donaulife-new.ogrisdigital.at\/fi\/wp-json\/wp\/v2\/product_tag?post=55201"}],"curies":[{"name":"wp","href":"https:\/\/api.w.org\/{rel}","templated":true}]}}