{"id":55184,"date":"2023-11-17T10:46:27","date_gmt":"2023-11-17T10:46:27","guid":{"rendered":"https:\/\/donaulife-new.ogrisdigital.at\/produkt\/dexso-organisches-gas-zur-extrakion-h-c-s\/"},"modified":"2025-01-15T07:06:11","modified_gmt":"2025-01-15T07:06:11","slug":"dexso-organisches-gas-zur-extrakion-h-c-s","status":"publish","type":"product","link":"https:\/\/donaulife-new.ogrisdigital.at\/fi\/dexso-organisches-gas-zur-extrakion-h-c-s\/","title":{"rendered":"DEXSO organisches Gas zur Extrakion | H.C.S."},"content":{"rendered":"<h2>Dexso Extraktionsgas H.C.S.<\/h2>\n<p>Neues von\u00a0<strong>Dexso<\/strong>: Das H.C.S.-Gas (Hydro-Carbon-L\u00f6sungsmittel) ist eine Mischung aus den Kohlenwasserstoffgasen N-Butan, Iso-Butan und Propan. Es ist ein Feuerzeuggas, kann aber genauso auch sehr gut zur Extraktion von Cannabinoiden benutzt werden. Denn es \u00fcberzeugt mit sehr hohem Reinheitsgrad mit selektiver \u00dcberlegenheit, so dass man die reichhaltigsten Cannabinoidwerte ohne Verunreinigungen extrahieren kann.<\/p>\n<p>\u2714\ufe0f zum Bef\u00fcllen von Feuerzeugen &amp; zur Extraktion verwendbar<\/p>\n<p>\u2714\ufe0f Reinheitsgrad \u00fcber 99,9999%<\/p>\n<p>\u2714\ufe0f Metallnadel f\u00fcr maximale Reinheit<\/p>\n<p>\u2714\ufe0f unpolare L\u00f6sungsmittelextraktion<\/p>\n<p>\u2714\ufe0f zusammen mit CZU-Universit\u00e4t in Prag Redecann gepr\u00fcft<\/p>\n<p>Allerdings sollte man beim H.C.S.-Gas aufgrund der hohen Explosionsgefahr geschlossene Systeme und Extraktoren von hoher, gepr\u00fcfter Qualit\u00e4t inklusive Funkenschutz benutzen. Und bitte\u00a0<strong>UNBEDINGT!<\/strong>\u00a0die angegebenen Sicherheitshinweisen auf der Dose beachten!<\/p>\n<p><a href=\"https:\/\/www.neardark.de\/NAVfiles\/502413_de_en-dat.pdf\" target=\"_blank\" rel=\"noopener\"><strong>Datenblatt<\/strong><\/a><\/p>\n<p><a href=\"https:\/\/www.neardark.de\/NAVfiles\/502413_hcs-selling-points.pdf\" target=\"_blank\" rel=\"noopener\"><strong>Gebrauchsanweisung<\/strong><\/a><\/p>\n<div style=\"width: 1000px;\" class=\"wp-video\"><!--[if lt IE 9]><script>document.createElement('video');<\/script><![endif]-->\n<video class=\"wp-video-shortcode\" id=\"video-55184-1\" width=\"1000\" height=\"1000\" preload=\"metadata\" controls=\"controls\"><source type=\"video\/mp4\" src=\"https:\/\/www.donaulife.com\/wp-content\/uploads\/2023\/11\/dexso_hcs_animation.mp4?_=1\" \/><a href=\"https:\/\/www.donaulife.com\/wp-content\/uploads\/2023\/11\/dexso_hcs_animation.mp4\" target=\"_blank\" rel=\"noopener\">https:\/\/www.donaulife.com\/wp-content\/uploads\/2023\/11\/dexso_hcs_animation.mp4<\/a><\/video><\/div>\n<h3>\u00dcber Dexso:<\/h3>\n<p>Die Vision von Dexso ist es, &#8220;Swissness&#8221; auf den weltweiten Markt der Pflanzenextrakte zu bringen. Auf diese Weise fungiert Dexso als Br\u00fccke zwischen dem Kleinen und dem Grossen, zwischen dem privaten Anwender und der Industrie. Deshalb produziert Dexso mehrere Produktlinien, angepasst an die Bed\u00fcrfnisse der verschiedenen Kundengruppen, immer mit dem allgemeinen Ziel, Qualit\u00e4tsf\u00fchrer zu sein.<\/p>\n","protected":false},"excerpt":{"rendered":"<p>Dexso Extraktionsgas H.C.S. Neues von\u00a0Dexso: Das H.C.S.-Gas (Hydro-Carbon-L\u00f6sungsmittel) ist eine Mischung aus den Kohlenwasserstoffgasen N-Butan, Iso-Butan und Propan. Es ist<\/p>\n","protected":false},"featured_media":42594,"comment_status":"open","ping_status":"closed","template":"","meta":{"_acf_changed":false},"product_cat":[2549,2720],"product_tag":[],"acf":[],"_links":{"self":[{"href":"https:\/\/donaulife-new.ogrisdigital.at\/fi\/wp-json\/wp\/v2\/product\/55184"}],"collection":[{"href":"https:\/\/donaulife-new.ogrisdigital.at\/fi\/wp-json\/wp\/v2\/product"}],"about":[{"href":"https:\/\/donaulife-new.ogrisdigital.at\/fi\/wp-json\/wp\/v2\/types\/product"}],"replies":[{"embeddable":true,"href":"https:\/\/donaulife-new.ogrisdigital.at\/fi\/wp-json\/wp\/v2\/comments?post=55184"}],"wp:featuredmedia":[{"embeddable":true,"href":"https:\/\/donaulife-new.ogrisdigital.at\/fi\/wp-json\/wp\/v2\/media\/42594"}],"wp:attachment":[{"href":"https:\/\/donaulife-new.ogrisdigital.at\/fi\/wp-json\/wp\/v2\/media?parent=55184"}],"wp:term":[{"taxonomy":"product_cat","embeddable":true,"href":"https:\/\/donaulife-new.ogrisdigital.at\/fi\/wp-json\/wp\/v2\/product_cat?post=55184"},{"taxonomy":"product_tag","embeddable":true,"href":"https:\/\/donaulife-new.ogrisdigital.at\/fi\/wp-json\/wp\/v2\/product_tag?post=55184"}],"curies":[{"name":"wp","href":"https:\/\/api.w.org\/{rel}","templated":true}]}}