{"id":55154,"date":"2023-10-27T13:10:01","date_gmt":"2023-10-27T13:10:01","guid":{"rendered":"https:\/\/donaulife-new.ogrisdigital.at\/produkt\/black-leaf-diffusorbong-arty-45-cm\/"},"modified":"2025-01-15T07:06:16","modified_gmt":"2025-01-15T07:06:16","slug":"black-leaf-diffusorbong-arty-45-cm","status":"publish","type":"product","link":"https:\/\/donaulife-new.ogrisdigital.at\/fi\/black-leaf-diffusorbong-arty-45-cm\/","title":{"rendered":"BLACK LEAF Diffusorbong &#8216;Arty&#8217; | 45 cm"},"content":{"rendered":"<h2>Black Leaf Diffusorbong<\/h2>\n<p>Die robuste &#8216;Arty&#8217; Diffusorbong von\u00a0<strong>Black Leaf\u00ae<\/strong>\u00a0erinnert an ein Kunstwerk &#8211; ein Hauch von Gaudi gew\u00fcrzt mit einer Prise Mir\u00f3. Oder so \u00e4hnlich. Auf jeden Fall ist es eine auff\u00e4llige und au\u00dfergew\u00f6hnliche Glasbong, die mit der Mosaikkugel alle Blicke auf sich zieht. Aber was noch wichtiger ist: Die Bong tut, was eine Bong tun muss! Und das heftigst\u2026<\/p>\n<p>\u2714\ufe0f\ufe0f Doppeldiffusor und verl\u00e4ngerte Rauchwege f\u00fcr optimale Rauchabk\u00fchlung<\/p>\n<p>\u2714\ufe0f\ufe0f schwere, stabile Qualit\u00e4t<\/p>\n<p>\u2714\ufe0f\ufe0f interessantes Eyecatcher-Design<\/p>\n<p>Durch die verl\u00e4ngerte F\u00fchrung durch unterschiedliche Kammern, Verengungen, Erweiterungen sowie durch die Diffusorl\u00f6cher wird der Rauch optimal gek\u00fchlt und gefiltert. Standsicher steht das schwere Prachtst\u00fcck auf dem massiven Rundfu\u00df. Der blaue Kr\u00e4uterkopf zum Hochziehen hat einen kleinen Durchlass.<\/p>\n<h3><span style=\"font-size: 20.16px;\">\u00dcber Black Leaf:<\/span><\/h3>\n<div>\n<p>In Weed We Trust ? Smoking\u00a0<em>Paraphernalia<\/em> seit 1988: Bongs, Pfeifen, Vaporizer, Grinder, Dabbing Zubeh\u00f6r, Paper &amp; Filter, Lifestyle Produkte. Es gibt viele Innovative Produkte der Marke die auch die ein oder andere Weltneuheit erschaffen haben. Im Shop bieten wir von allen Produkten die beste Auswahl.<\/p>\n<\/div>\n","protected":false},"excerpt":{"rendered":"<p>Black Leaf Diffusorbong Die robuste &#8216;Arty&#8217; Diffusorbong von\u00a0Black Leaf\u00ae\u00a0erinnert an ein Kunstwerk &#8211; ein Hauch von Gaudi gew\u00fcrzt mit einer<\/p>\n","protected":false},"featured_media":42350,"comment_status":"open","ping_status":"open","template":"","meta":{"_acf_changed":false},"product_cat":[2514,2548,2459,2577,2506,2463,2520],"product_tag":[2521],"acf":[],"_links":{"self":[{"href":"https:\/\/donaulife-new.ogrisdigital.at\/fi\/wp-json\/wp\/v2\/product\/55154"}],"collection":[{"href":"https:\/\/donaulife-new.ogrisdigital.at\/fi\/wp-json\/wp\/v2\/product"}],"about":[{"href":"https:\/\/donaulife-new.ogrisdigital.at\/fi\/wp-json\/wp\/v2\/types\/product"}],"replies":[{"embeddable":true,"href":"https:\/\/donaulife-new.ogrisdigital.at\/fi\/wp-json\/wp\/v2\/comments?post=55154"}],"wp:featuredmedia":[{"embeddable":true,"href":"https:\/\/donaulife-new.ogrisdigital.at\/fi\/wp-json\/wp\/v2\/media\/42350"}],"wp:attachment":[{"href":"https:\/\/donaulife-new.ogrisdigital.at\/fi\/wp-json\/wp\/v2\/media?parent=55154"}],"wp:term":[{"taxonomy":"product_cat","embeddable":true,"href":"https:\/\/donaulife-new.ogrisdigital.at\/fi\/wp-json\/wp\/v2\/product_cat?post=55154"},{"taxonomy":"product_tag","embeddable":true,"href":"https:\/\/donaulife-new.ogrisdigital.at\/fi\/wp-json\/wp\/v2\/product_tag?post=55154"}],"curies":[{"name":"wp","href":"https:\/\/api.w.org\/{rel}","templated":true}]}}