{"id":55116,"date":"2023-10-16T14:19:51","date_gmt":"2023-10-16T14:19:51","guid":{"rendered":"https:\/\/donaulife-new.ogrisdigital.at\/produkt\/jumbo-original-dutch-ks-cones-34-stueck\/"},"modified":"2024-07-01T01:12:33","modified_gmt":"2024-07-01T01:12:33","slug":"jumbo-original-dutch-ks-cones-34-stueck","status":"publish","type":"product","link":"https:\/\/donaulife-new.ogrisdigital.at\/fi\/jumbo-original-dutch-ks-cones-34-stueck\/","title":{"rendered":"JUMBO Original Dutch KS Cones | 34 St\u00fcck"},"content":{"rendered":"<h2>Jumbo Kingsize Cones im 34er Pack<\/h2>\n<p>Mit 34 vorgerollten Cones in jeder Packung hast du gen\u00fcgend Zeit, dich deiner Reise hinzugeben.<\/p>\n<p>Mit diesen rosafarbenen vorgerollten Cones bist du noch entspannter. Aber auch in gr\u00fcn ist ein Genuss.<\/p>\n<p>Diese superd\u00fcnnen und praktische Jumbo Pink\/green Cones Box (34 Cones\/Packung) passt in fast jede Tasche.<\/p>\n<h3>\u00dcber Jumbo:<\/h3>\n<p>Jumbo Dutch Cones ist eine angesehene Marke f\u00fcr hochwertige Zigarettenh\u00fclsen. Mit authentischem holl\u00e4ndischem Design und einer breiten Auswahl an Gr\u00f6\u00dfen und d\u00fcnnem Papier sind sie die Wahl f\u00fcr anspruchsvolle Raucher. Qualit\u00e4t und Vielfalt machen Jumbo Dutch Cones zur bevorzugten Marke f\u00fcr Tabakgenie\u00dfer.<\/p>\n<p>&nbsp;<\/p>\n","protected":false},"excerpt":{"rendered":"<p>Jumbo Kingsize Cones im 34er Pack Mit 34 vorgerollten Cones in jeder Packung hast du gen\u00fcgend Zeit, dich deiner Reise<\/p>\n","protected":false},"featured_media":42161,"comment_status":"open","ping_status":"open","template":"","meta":{"_acf_changed":false},"product_cat":[2489,2451,2452,2724],"product_tag":[3736],"acf":[],"_links":{"self":[{"href":"https:\/\/donaulife-new.ogrisdigital.at\/fi\/wp-json\/wp\/v2\/product\/55116"}],"collection":[{"href":"https:\/\/donaulife-new.ogrisdigital.at\/fi\/wp-json\/wp\/v2\/product"}],"about":[{"href":"https:\/\/donaulife-new.ogrisdigital.at\/fi\/wp-json\/wp\/v2\/types\/product"}],"replies":[{"embeddable":true,"href":"https:\/\/donaulife-new.ogrisdigital.at\/fi\/wp-json\/wp\/v2\/comments?post=55116"}],"wp:featuredmedia":[{"embeddable":true,"href":"https:\/\/donaulife-new.ogrisdigital.at\/fi\/wp-json\/wp\/v2\/media\/42161"}],"wp:attachment":[{"href":"https:\/\/donaulife-new.ogrisdigital.at\/fi\/wp-json\/wp\/v2\/media?parent=55116"}],"wp:term":[{"taxonomy":"product_cat","embeddable":true,"href":"https:\/\/donaulife-new.ogrisdigital.at\/fi\/wp-json\/wp\/v2\/product_cat?post=55116"},{"taxonomy":"product_tag","embeddable":true,"href":"https:\/\/donaulife-new.ogrisdigital.at\/fi\/wp-json\/wp\/v2\/product_tag?post=55116"}],"curies":[{"name":"wp","href":"https:\/\/api.w.org\/{rel}","templated":true}]}}