{"id":55098,"date":"2023-10-04T14:09:12","date_gmt":"2023-10-04T14:09:12","guid":{"rendered":"https:\/\/donaulife-new.ogrisdigital.at\/produkt\/lauren-rose-the-collection-snapback-trucker-cap-girl-scout-cookies\/"},"modified":"2024-07-01T01:12:20","modified_gmt":"2024-07-01T01:12:20","slug":"lauren-rose-the-collection-snapback-trucker-cap-girl-scout-cookies","status":"publish","type":"product","link":"https:\/\/donaulife-new.ogrisdigital.at\/fi\/lauren-rose-the-collection-snapback-trucker-cap-girl-scout-cookies\/","title":{"rendered":"LAUREN ROSE The Collection Snapback Trucker Cap | Girl Scout Cookies"},"content":{"rendered":"<h2>Lauren Rose Trucker Snapback Cap<\/h2>\n<p>Dieser allover bedruckte rosa-schwarze Girl Scout Cookies-Strapback-Cap mit seinen einzigartigen bunten Designs ist wie eine S\u00fc\u00dfigkeit. Lauren Rose wollte diese junge einzigartige Cannabis-Sorte mit ihrem eigenen Design zu ehren. Diese Cap macht Lust auf mehr Cookies oder Weed. Oder beides.<\/p>\n<p>Dein Gras in einer stilvollen Tasche verschwinden zu sehen, ist definitiv eine der besten M\u00f6glichkeiten, es zu verstecken. Das ist dank der versteckten Tasche im Inneren der M\u00fctze m\u00f6glich.<\/p>\n<p>Die beiden vorderen Innenseiten sind mit einem farbenfrohen Girl Scout Cookies-Stick versehen, der diesen Hut zu einem exklusiven High-End Lauren Rose Snapback macht!<br \/>\nAuf der R\u00fcckseite ist ein rosa Schriftzug &#8220;Westcoast Originals&#8221; aufgestickt!<\/p>\n<p>Wir f\u00fcgen unserer Kollektion regelm\u00e4\u00dfig neue 420 H\u00fcte hinzu, so dass es schwierig sein kann, mit allen neuen Cannabis-Trends Schritt zu halten. Besonderes Merkmal: Eine versteckte Innentasche zum Verstauen von 1 Gramm Girl Scout Cookies!!!!<\/p>\n<p>Wenn Du ein Hardcore-Cannabis-Sammler oder Kiffer bist, darfst Du Dir diesen tollen Hut auf keinen Fall entgehen lassen. Unterst\u00fctze deinen Kiffer-Stil mit diesem unangefochtenen Girl Scout Cookies-Hut der 420er-Szene. Auch in diesem all over print Hut OG Kush, Big Buddha Cheese, Amnesia Haze, AK 47 erh\u00e4ltlich,<\/p>\n<p><strong>Hut:<\/strong> Schwarz, pinker Schrim, normale Passform<br \/>\n<strong>Vorderseite Logo:<\/strong> 3D gesticktes Girl Scout Cookies-Logo mit echtem Stoner-Effekt<br \/>\n<strong>Seitliches Logo:<\/strong> Das ber\u00fchmte Lauren Rose ovale 420 rosa Logo auf dem Etikett, das eine M\u00fcnze oder einen Spliff halten kann.<br \/>\n<strong>Besonderes Merkmal:<\/strong> Versteckte Innentasche zum Verstauen von 1 Gramm Zkittles<br \/>\n<strong>R\u00fcckseite der M\u00fctze:<\/strong> Aufgestickter Text &#8221; Westcoast Originals &#8220;, ein Schnappverschluss<br \/>\n<strong>Visier:<\/strong> Gebogene Krempe<\/p>\n<p>Innenseite des Hutes: Die Innenseite besteht aus einem farbenfrohen Girl Scout Cookies-Seidenstoff, der f\u00fcr zus\u00e4tzlichen Komfort beim Tragen des Hutes sorgt. Dies macht diesen Hut zu einem exklusiven High-End Lauren Rose strapback!<\/p>\n<h3>\u00dcber Lauren Rose:<\/h3>\n<p>Das Label Lauren Rose wurde in Amsterdam gegr\u00fcndet. Das LR Unternehmen startete eine kleine Eigenmarke. Ihr Ursprung liegt im BMX-, Skateboard- und Snowboard-Lifestyle und sie f\u00fchrten Performance-Basics wie T-Shirts, Crew&#8217;s und Hoody&#8217;s sowie kreative Headwear.<br \/>\nAus diesem Schmelztiegel aus Clubszene, Rennstrecken und Attit\u00fcde entstand 2009 die LR-Bewegung, die den Stil der Lauren Rose Styles entwickelte, wie wir ihn heute kennen.<br \/>\nUm den Erwartungen an hochwertige Kopfbedeckungen gerecht zu werden, gr\u00fcndeten sie eine junge Gruppe von Designern, die ihrem Image gerecht werden und unsere Gesellschaft und gemischten Kulturen widerspiegeln.<br \/>\nDie Designs, die Auswahl der Materialien und die Passform sprechen viele junge Leute an. Die Kollektionen sind vielf\u00e4ltig, wechselnd und richtungsweisend.<\/p>\n","protected":false},"excerpt":{"rendered":"<p>Lauren Rose Trucker Snapback Cap Dieser allover bedruckte rosa-schwarze Girl Scout Cookies-Strapback-Cap mit seinen einzigartigen bunten Designs ist wie eine<\/p>\n","protected":false},"featured_media":42043,"comment_status":"open","ping_status":"closed","template":"","meta":{"_acf_changed":false},"product_cat":[3180],"product_tag":[3652],"acf":[],"_links":{"self":[{"href":"https:\/\/donaulife-new.ogrisdigital.at\/fi\/wp-json\/wp\/v2\/product\/55098"}],"collection":[{"href":"https:\/\/donaulife-new.ogrisdigital.at\/fi\/wp-json\/wp\/v2\/product"}],"about":[{"href":"https:\/\/donaulife-new.ogrisdigital.at\/fi\/wp-json\/wp\/v2\/types\/product"}],"replies":[{"embeddable":true,"href":"https:\/\/donaulife-new.ogrisdigital.at\/fi\/wp-json\/wp\/v2\/comments?post=55098"}],"wp:featuredmedia":[{"embeddable":true,"href":"https:\/\/donaulife-new.ogrisdigital.at\/fi\/wp-json\/wp\/v2\/media\/42043"}],"wp:attachment":[{"href":"https:\/\/donaulife-new.ogrisdigital.at\/fi\/wp-json\/wp\/v2\/media?parent=55098"}],"wp:term":[{"taxonomy":"product_cat","embeddable":true,"href":"https:\/\/donaulife-new.ogrisdigital.at\/fi\/wp-json\/wp\/v2\/product_cat?post=55098"},{"taxonomy":"product_tag","embeddable":true,"href":"https:\/\/donaulife-new.ogrisdigital.at\/fi\/wp-json\/wp\/v2\/product_tag?post=55098"}],"curies":[{"name":"wp","href":"https:\/\/api.w.org\/{rel}","templated":true}]}}