{"id":55090,"date":"2023-09-28T08:56:48","date_gmt":"2023-09-28T08:56:48","guid":{"rendered":"https:\/\/donaulife-new.ogrisdigital.at\/produkt\/kicklochstopfen-aus-gummi-fuer-glasbongs\/"},"modified":"2024-07-01T01:12:14","modified_gmt":"2024-07-01T01:12:14","slug":"kicklochstopfen-aus-gummi-fuer-glasbongs","status":"publish","type":"product","link":"https:\/\/donaulife-new.ogrisdigital.at\/fi\/kicklochstopfen-aus-gummi-fuer-glasbongs\/","title":{"rendered":"Kicklochstopfen aus Gummi f\u00fcr Glasbongs"},"content":{"rendered":"<h2>Kicklochstopfenstopfen aus Gummi-Kunststoff<\/h2>\n<p>Der Stopfen ist f\u00fcr alle Kickl\u00f6cher mit 11-12mm Durchmesser geeignet. Da der Stopfen innen hohl ist, l\u00e4sst es sich gut hereindr\u00fccken.<\/p>\n<p>&nbsp;<\/p>\n","protected":false},"excerpt":{"rendered":"<p>Kicklochstopfenstopfen aus Gummi-Kunststoff Der Stopfen ist f\u00fcr alle Kickl\u00f6cher mit 11-12mm Durchmesser geeignet. Da der Stopfen innen hohl ist, l\u00e4sst<\/p>\n","protected":false},"featured_media":42011,"comment_status":"open","ping_status":"closed","template":"","meta":{"_acf_changed":false},"product_cat":[2459,2786,2460],"product_tag":[2521],"acf":[],"_links":{"self":[{"href":"https:\/\/donaulife-new.ogrisdigital.at\/fi\/wp-json\/wp\/v2\/product\/55090"}],"collection":[{"href":"https:\/\/donaulife-new.ogrisdigital.at\/fi\/wp-json\/wp\/v2\/product"}],"about":[{"href":"https:\/\/donaulife-new.ogrisdigital.at\/fi\/wp-json\/wp\/v2\/types\/product"}],"replies":[{"embeddable":true,"href":"https:\/\/donaulife-new.ogrisdigital.at\/fi\/wp-json\/wp\/v2\/comments?post=55090"}],"wp:featuredmedia":[{"embeddable":true,"href":"https:\/\/donaulife-new.ogrisdigital.at\/fi\/wp-json\/wp\/v2\/media\/42011"}],"wp:attachment":[{"href":"https:\/\/donaulife-new.ogrisdigital.at\/fi\/wp-json\/wp\/v2\/media?parent=55090"}],"wp:term":[{"taxonomy":"product_cat","embeddable":true,"href":"https:\/\/donaulife-new.ogrisdigital.at\/fi\/wp-json\/wp\/v2\/product_cat?post=55090"},{"taxonomy":"product_tag","embeddable":true,"href":"https:\/\/donaulife-new.ogrisdigital.at\/fi\/wp-json\/wp\/v2\/product_tag?post=55090"}],"curies":[{"name":"wp","href":"https:\/\/api.w.org\/{rel}","templated":true}]}}