{"id":55076,"date":"2023-09-27T12:17:13","date_gmt":"2023-09-27T12:17:13","guid":{"rendered":"https:\/\/donaulife-new.ogrisdigital.at\/produkt\/grindnation-premium-grinder-smiley-63-mm\/"},"modified":"2024-07-01T01:12:05","modified_gmt":"2024-07-01T01:12:05","slug":"grindnation-premium-grinder-smiley-63-mm","status":"publish","type":"product","link":"https:\/\/donaulife-new.ogrisdigital.at\/fi\/grindnation-premium-grinder-smiley-63-mm\/","title":{"rendered":"GRINDNATION Premium Grinder &#8216;Smiley&#8217; | 63 mm"},"content":{"rendered":"<h1 class=\"title\">Grindnation Grinder Smiley Series<\/h1>\n<div>\n<h4>Design Studio \u2013 Mit K\u00fcnstlern aus der ganzen Welt erschaffen wir einzigartige Design Produkte, um euch die Sessions zu versch\u00f6nern<\/h4>\n<p>Set \u2013 bestehend aus Grinder, Hanf-Aufbewahrungsbeutel, Pinsel und Pollenschaber<\/p>\n<p>Qualit\u00e4t \u2013 Bei der Erstellung unseres Grinders haben wir auf alle Details geachtet: Den idealen Mahlgrad, einen starken Magneten und ein ertragreiches Pollensieb<\/p>\n<p>Garantie \u2013 Auf all unseren Grindern sind 5 Jahre Garantie bei ordnungsgem\u00e4\u00dfer Benutzung<\/p>\n<div>\n<p>&nbsp;<\/p>\n<p><img fetchpriority=\"high\" decoding=\"async\" class=\"size-medium wp-image-50507 alignright\" style=\"font-size: 14.4px;\" src=\"https:\/\/www.donaulife.com\/wp-content\/uploads\/2023\/09\/PNG-Rainbow-Pill-Logo_1920x1920-300x225.png\" alt=\"\" width=\"300\" height=\"225\" \/><\/p>\n<\/div>\n<div>\n<div>\n<p><strong>Mehr als nur ein Grinder<\/strong><br \/>\nIn Collaboration mit Designern aus der ganzen Welt entstehen besondere Kunstwerke.<\/p>\n<p><strong>F\u00fcr jeden etwas dabei<\/strong><br \/>\nUnsere Grinder sind das perfekte Geschenk zu jedem Anlass.<\/p>\n<p><strong>Deine bevorzugte Zahlungsmethode<\/strong><br \/>\nWir akzeptieren alle \u00fcblichen Zahlungsmethoden, damit Deinem Einkauf nichts im Wege steht.<\/p>\n<p><strong>Versand &amp; Zustellung<\/strong><br \/>\nBei uns erh\u00e4ltst Du schnellen Versand. Wir liefern in 2-4 Tagen.<\/p>\n<\/div>\n<\/div>\n<\/div>\n<div><strong>Abmessungen<\/strong><\/div>\n<div><\/div>\n<div>Durchmesser: 6,3 cm<br \/>\nH\u00f6he: 4,7 cm<\/div>\n<div><\/div>\n<div><img decoding=\"async\" class=\"alignnone wp-image-36065\" src=\"https:\/\/www.donaulife.com\/wp-content\/uploads\/2021\/10\/Gruen-Desktop_1920x1920-300x102.jpg\" alt=\"\" width=\"879\" height=\"299\" \/><\/div>\n<h3>\u00dcber Grindnation:<\/h3>\n<div>\n<p><span style=\"font-size: 14.4px;\">In unseren Grindern steckt viel &#8220;Liebe &amp; Leidenschaft&#8221;. Zusammen mit Designern aus der ganzen Welt arbeiten wir daran, allen Stonern ihre Sessions zu versch\u00f6nern.<\/span><\/p>\n<\/div>\n<p>PHILOSOPHIE<\/p>\n<p>F\u00fcr viele Unternehmen ist es schwierig politische Haltung anzunehmen, f\u00fcr uns war es nie leichter &#8211; wir stehen klar hinter der Legalisierungspolitik und halten diese f\u00fcr den einzig richtigen Weg. Die Diskriminierung und Verfolgung von Konsumenten ist nicht mehr zeitgem\u00e4\u00df und hat in einer liberalen Demokratie keinen Platz.<br \/>\nIn unserer heutigen Welt sollte es keine Kultur des Schweigens mehr geben, sondern eine Kultur in der Aufkl\u00e4rung, Umgang und Jugendschutz fest verankert sind. Mit unseren Produkten m\u00f6chten wir einen Beitrag leisten und die Kultur positiv mit beeinflussen, um Stigmas und Vorurteile abzubauen.<\/p>\n<p><img decoding=\"async\" class=\"size-medium wp-image-36337 aligncenter\" src=\"https:\/\/www.donaulife.com\/wp-content\/uploads\/2021\/11\/GN-x-PAP_Graphic_PNG_D5_Grindonia_02_400x400-300x110.png\" alt=\"\" width=\"300\" height=\"110\" \/><\/p>\n","protected":false},"excerpt":{"rendered":"<p>Grindnation Grinder Smiley Series Design Studio \u2013 Mit K\u00fcnstlern aus der ganzen Welt erschaffen wir einzigartige Design Produkte, um euch<\/p>\n","protected":false},"featured_media":41923,"comment_status":"open","ping_status":"open","template":"","meta":{"_acf_changed":false},"product_cat":[2481,2482,2480,2451,2483],"product_tag":[],"acf":[],"_links":{"self":[{"href":"https:\/\/donaulife-new.ogrisdigital.at\/fi\/wp-json\/wp\/v2\/product\/55076"}],"collection":[{"href":"https:\/\/donaulife-new.ogrisdigital.at\/fi\/wp-json\/wp\/v2\/product"}],"about":[{"href":"https:\/\/donaulife-new.ogrisdigital.at\/fi\/wp-json\/wp\/v2\/types\/product"}],"replies":[{"embeddable":true,"href":"https:\/\/donaulife-new.ogrisdigital.at\/fi\/wp-json\/wp\/v2\/comments?post=55076"}],"wp:featuredmedia":[{"embeddable":true,"href":"https:\/\/donaulife-new.ogrisdigital.at\/fi\/wp-json\/wp\/v2\/media\/41923"}],"wp:attachment":[{"href":"https:\/\/donaulife-new.ogrisdigital.at\/fi\/wp-json\/wp\/v2\/media?parent=55076"}],"wp:term":[{"taxonomy":"product_cat","embeddable":true,"href":"https:\/\/donaulife-new.ogrisdigital.at\/fi\/wp-json\/wp\/v2\/product_cat?post=55076"},{"taxonomy":"product_tag","embeddable":true,"href":"https:\/\/donaulife-new.ogrisdigital.at\/fi\/wp-json\/wp\/v2\/product_tag?post=55076"}],"curies":[{"name":"wp","href":"https:\/\/api.w.org\/{rel}","templated":true}]}}