{"id":55071,"date":"2023-09-27T10:26:18","date_gmt":"2023-09-27T10:26:18","guid":{"rendered":"https:\/\/donaulife-new.ogrisdigital.at\/produkt\/actitube-slim-aktivkohlefilter-extra-slim-10-stueck-full-flavor\/"},"modified":"2025-01-15T07:06:29","modified_gmt":"2025-01-15T07:06:29","slug":"actitube-slim-aktivkohlefilter-extra-slim-10-stueck-full-flavor","status":"publish","type":"product","link":"https:\/\/donaulife-new.ogrisdigital.at\/fi\/actitube-slim-aktivkohlefilter-extra-slim-10-stueck-full-flavor\/","title":{"rendered":"ACTITUBE Slim Aktivkohlefilter Extra Slim 10 St\u00fcck | Full Flavor"},"content":{"rendered":"<h2>Actitube Aktivkohlefilter slim<\/h2>\n<p>Aktivkohlefilter sind f\u00fcr jeden der \u00f6fter mal am Glimmst\u00e4ngel zieht ein absolutes Muss. Durch die Aktivkohle innerhalb des Filters wird ein hoher Anteil des Kondensats aus dem Rauch gefiltert. An der Aktivkohle bleibt ein gro\u00dfer Teil der Schadstoffe haften und wird gemeinsam mit dem Filter entsorgt. Dadurch wird das Inhalieren des Rauchs wesentlich angenehmer ohne das Wirkung verloren geht.<\/p>\n<p>Vorteile eines Aktivkohlefilters:<br \/>\n&#8211; besserer Geschmack<br \/>\n&#8211; unangenehme Kr\u00e4utermischungen schmecken viel sanfter<br \/>\n&#8211; deine Lunge wird weniger mit Schadstoffen belastet<br \/>\n&#8211; Full Flavor bietet weniger Kohle und noch mehr Geschmack<\/p>\n<h3>\u00dcber Actitube:<\/h3>\n<p>1998 bekam der actiTube Gr\u00fcnder von einem befreundetem Mediziner den Tipp, den Rauch der Wasserpfeife durch Aktivkohle zu filtern um die Belastung der Atemwege zu reduzieren. Noch am selben Abend wurden erste Versuche mit einer Aktivkohle gefilterten Bong gemacht. Anfangs noch sehr kritisch, da er den Verlust von THC bef\u00fcrchtete, war er zwei Jahre sp\u00e4ter von den Vorz\u00fcgen der Filtration restlos \u00fcberzeugt. So kam die Idee, allen Freunden des Hanfgenusses einen die Schadstoffe verringernden und geschmacksverbessernden Filter anzubieten.<\/p>\n","protected":false},"excerpt":{"rendered":"<p>Actitube Aktivkohlefilter slim Aktivkohlefilter sind f\u00fcr jeden der \u00f6fter mal am Glimmst\u00e4ngel zieht ein absolutes Muss. Durch die Aktivkohle innerhalb<\/p>\n","protected":false},"featured_media":41906,"comment_status":"open","ping_status":"open","template":"","meta":{"_acf_changed":false},"product_cat":[2651,2652,2489,2499,2451],"product_tag":[2653],"acf":[],"_links":{"self":[{"href":"https:\/\/donaulife-new.ogrisdigital.at\/fi\/wp-json\/wp\/v2\/product\/55071"}],"collection":[{"href":"https:\/\/donaulife-new.ogrisdigital.at\/fi\/wp-json\/wp\/v2\/product"}],"about":[{"href":"https:\/\/donaulife-new.ogrisdigital.at\/fi\/wp-json\/wp\/v2\/types\/product"}],"replies":[{"embeddable":true,"href":"https:\/\/donaulife-new.ogrisdigital.at\/fi\/wp-json\/wp\/v2\/comments?post=55071"}],"wp:featuredmedia":[{"embeddable":true,"href":"https:\/\/donaulife-new.ogrisdigital.at\/fi\/wp-json\/wp\/v2\/media\/41906"}],"wp:attachment":[{"href":"https:\/\/donaulife-new.ogrisdigital.at\/fi\/wp-json\/wp\/v2\/media?parent=55071"}],"wp:term":[{"taxonomy":"product_cat","embeddable":true,"href":"https:\/\/donaulife-new.ogrisdigital.at\/fi\/wp-json\/wp\/v2\/product_cat?post=55071"},{"taxonomy":"product_tag","embeddable":true,"href":"https:\/\/donaulife-new.ogrisdigital.at\/fi\/wp-json\/wp\/v2\/product_tag?post=55071"}],"curies":[{"name":"wp","href":"https:\/\/api.w.org\/{rel}","templated":true}]}}