{"id":55016,"date":"2023-09-14T13:22:10","date_gmt":"2023-09-14T13:22:10","guid":{"rendered":"https:\/\/donaulife-new.ogrisdigital.at\/produkt\/pax-plus-pax-3-maintenance-kit\/"},"modified":"2024-07-01T01:11:26","modified_gmt":"2024-07-01T01:11:26","slug":"pax-plus-pax-3-maintenance-kit","status":"publish","type":"product","link":"https:\/\/donaulife-new.ogrisdigital.at\/fi\/pax-plus-pax-3-maintenance-kit\/","title":{"rendered":"PAX Plus \/ Pax 3 | Maintenance Kit"},"content":{"rendered":"<h2 class=\"h-large\"><strong>PAX Wartungskit<\/strong><\/h2>\n<p>Das PAX Wartungskit ist ein Werkzeugset f\u00fcr alle PAX Besitzer, die die Leistung und Langlebigkeit des Ger\u00e4ts erhalten m\u00f6chten. Dieses Kit wurde entwickelt, um die Wartung deines PAX Vaporizers zu vereinfachen und sicherzustellen, dass er stets in erstklassigem Zustand ist.<\/p>\n<p>Das Kit enth\u00e4lt alle wesentlichen Werkzeuge, die du ben\u00f6tigst, um den PAX Vaporizer zu pflegen und zu reinigen. Dazu geh\u00f6rt die Reinigungsb\u00fcrste und ein 3er Pack Siebe.<\/p>\n<h3>Lieferumfang<\/h3>\n<ul>\n<li>1x Pax Reinigungsb\u00fcrste<\/li>\n<li>3x Pax Screens<\/li>\n<\/ul>\n<h3>\u00dcber Pax Labs:<\/h3>\n<p>UNSERE MISSION IST ES, DAS LEBEN DER MENSCHEN ZU VERBESSERN<\/p>\n<p>Unsere Gemeinschaften sind f\u00fcr ihr Wohlbefinden auf Cannabis angewiesen. Deshalb arbeiten wir jeden Tag daran, das Beste aus der Blume herauszuholen, damit sie das Beste aus uns herausholen kann.<\/p>\n<p>Es treibt unsere unerm\u00fcdliche Innovation und unseren Respekt f\u00fcr die zeitlosen Vorteile von Cannabis an.<\/p>\n<p>Das ist der Grund, warum PAX-Ger\u00e4te erhitzen und niemals verbrennen, damit jede Session, jedes Mal, bl\u00fctengetreu und besser f\u00fcr Sie ist. Und es ist der Grund, warum alles, was wir machen, mit reinem, nat\u00fcrlichem, 100%igem Cannabis beginnt.<\/p>\n","protected":false},"excerpt":{"rendered":"<p>PAX Wartungskit Das PAX Wartungskit ist ein Werkzeugset f\u00fcr alle PAX Besitzer, die die Leistung und Langlebigkeit des Ger\u00e4ts erhalten<\/p>\n","protected":false},"featured_media":41518,"comment_status":"open","ping_status":"closed","template":"","meta":{"_acf_changed":false},"product_cat":[2489,2566,2625,3664,2623],"product_tag":[3665],"acf":[],"_links":{"self":[{"href":"https:\/\/donaulife-new.ogrisdigital.at\/fi\/wp-json\/wp\/v2\/product\/55016"}],"collection":[{"href":"https:\/\/donaulife-new.ogrisdigital.at\/fi\/wp-json\/wp\/v2\/product"}],"about":[{"href":"https:\/\/donaulife-new.ogrisdigital.at\/fi\/wp-json\/wp\/v2\/types\/product"}],"replies":[{"embeddable":true,"href":"https:\/\/donaulife-new.ogrisdigital.at\/fi\/wp-json\/wp\/v2\/comments?post=55016"}],"wp:featuredmedia":[{"embeddable":true,"href":"https:\/\/donaulife-new.ogrisdigital.at\/fi\/wp-json\/wp\/v2\/media\/41518"}],"wp:attachment":[{"href":"https:\/\/donaulife-new.ogrisdigital.at\/fi\/wp-json\/wp\/v2\/media?parent=55016"}],"wp:term":[{"taxonomy":"product_cat","embeddable":true,"href":"https:\/\/donaulife-new.ogrisdigital.at\/fi\/wp-json\/wp\/v2\/product_cat?post=55016"},{"taxonomy":"product_tag","embeddable":true,"href":"https:\/\/donaulife-new.ogrisdigital.at\/fi\/wp-json\/wp\/v2\/product_tag?post=55016"}],"curies":[{"name":"wp","href":"https:\/\/api.w.org\/{rel}","templated":true}]}}