{"id":55015,"date":"2023-09-14T13:14:42","date_gmt":"2023-09-14T13:14:42","guid":{"rendered":"https:\/\/donaulife-new.ogrisdigital.at\/produkt\/pax-plus-pax-3-bong-adapter\/"},"modified":"2025-01-15T07:06:39","modified_gmt":"2025-01-15T07:06:39","slug":"pax-plus-pax-3-bong-adapter","status":"publish","type":"product","link":"https:\/\/donaulife-new.ogrisdigital.at\/fi\/pax-plus-pax-3-bong-adapter\/","title":{"rendered":"PAX Plus \/ Pax 3 | Bong Adapter"},"content":{"rendered":"<h2 class=\"h-large\"><strong>PAX Bong Adapter<\/strong><\/h2>\n<p>Der PAX Bong Adapter ist ein bahnbrechendes Zubeh\u00f6rteil f\u00fcr alle PAX Vaporizer-Besitzer, das die Verbindung zwischen dem PAX und der Lieblingsbong erm\u00f6glicht. Dieses hochwertige Adapterst\u00fcck wurde mit Pr\u00e4zision entwickelt, um ein nahtloses und effizientes Raucherlebnis zu schaffen.<\/p>\n<p>Mit dem PAX Bong Adapter kannst du deinen PAX problemlos mit einer Vielzahl von Bongs verbinden, um das Beste aus beiden Welten zu genie\u00dfen. Dieser Adapter sorgt f\u00fcr eine sichere und luftdichte Verbindung, wodurch der Dampf deines PAX Vaporizers in den Bong geleitet wird. Dies f\u00fchrt zu einer k\u00fchlen und angenehmen Dampferfahrung.<\/p>\n<p>Der Adapter erm\u00f6glicht eine Verwendung von 14,5 mm oder 18,8 mm Schliffen.<\/p>\n<h3>Lieferumfang<\/h3>\n<ul>\n<li>1x Pax Bong Adapter<\/li>\n<\/ul>\n<h3>\u00dcber Pax Labs:<\/h3>\n<p>UNSERE MISSION IST ES, DAS LEBEN DER MENSCHEN ZU VERBESSERN<\/p>\n<p>Unsere Gemeinschaften sind f\u00fcr ihr Wohlbefinden auf Cannabis angewiesen. Deshalb arbeiten wir jeden Tag daran, das Beste aus der Blume herauszuholen, damit sie das Beste aus uns herausholen kann.<\/p>\n<p>Es treibt unsere unerm\u00fcdliche Innovation und unseren Respekt f\u00fcr die zeitlosen Vorteile von Cannabis an.<\/p>\n<p>Das ist der Grund, warum PAX-Ger\u00e4te erhitzen und niemals verbrennen, damit jede Session, jedes Mal, bl\u00fctengetreu und besser f\u00fcr Sie ist. Und es ist der Grund, warum alles, was wir machen, mit reinem, nat\u00fcrlichem, 100%igem Cannabis beginnt.<\/p>\n","protected":false},"excerpt":{"rendered":"<p>PAX Bong Adapter Der PAX Bong Adapter ist ein bahnbrechendes Zubeh\u00f6rteil f\u00fcr alle PAX Vaporizer-Besitzer, das die Verbindung zwischen dem<\/p>\n","protected":false},"featured_media":41593,"comment_status":"open","ping_status":"closed","template":"","meta":{"_acf_changed":false},"product_cat":[2489,2566,2625,3664,2623],"product_tag":[3665],"acf":[],"_links":{"self":[{"href":"https:\/\/donaulife-new.ogrisdigital.at\/fi\/wp-json\/wp\/v2\/product\/55015"}],"collection":[{"href":"https:\/\/donaulife-new.ogrisdigital.at\/fi\/wp-json\/wp\/v2\/product"}],"about":[{"href":"https:\/\/donaulife-new.ogrisdigital.at\/fi\/wp-json\/wp\/v2\/types\/product"}],"replies":[{"embeddable":true,"href":"https:\/\/donaulife-new.ogrisdigital.at\/fi\/wp-json\/wp\/v2\/comments?post=55015"}],"wp:featuredmedia":[{"embeddable":true,"href":"https:\/\/donaulife-new.ogrisdigital.at\/fi\/wp-json\/wp\/v2\/media\/41593"}],"wp:attachment":[{"href":"https:\/\/donaulife-new.ogrisdigital.at\/fi\/wp-json\/wp\/v2\/media?parent=55015"}],"wp:term":[{"taxonomy":"product_cat","embeddable":true,"href":"https:\/\/donaulife-new.ogrisdigital.at\/fi\/wp-json\/wp\/v2\/product_cat?post=55015"},{"taxonomy":"product_tag","embeddable":true,"href":"https:\/\/donaulife-new.ogrisdigital.at\/fi\/wp-json\/wp\/v2\/product_tag?post=55015"}],"curies":[{"name":"wp","href":"https:\/\/api.w.org\/{rel}","templated":true}]}}