{"id":54998,"date":"2023-09-13T12:44:17","date_gmt":"2023-09-13T12:44:17","guid":{"rendered":"https:\/\/donaulife-new.ogrisdigital.at\/produkt\/pax-plus-mundstuecke\/"},"modified":"2024-07-01T01:11:16","modified_gmt":"2024-07-01T01:11:16","slug":"pax-plus-mundstuecke","status":"publish","type":"product","link":"https:\/\/donaulife-new.ogrisdigital.at\/fi\/pax-plus-mundstuecke\/","title":{"rendered":"PAX Plus Mundst\u00fccke"},"content":{"rendered":"<h2 class=\"h-large\"><strong>PAX 3 oder Pax Plus Mundst\u00fcck<\/strong><\/h2>\n<p>Diese hochwertigen Mundst\u00fccke sind speziell f\u00fcr den Pax entwickelt worden und bieten eine perfekte Passform und Funktionalit\u00e4t.<\/p>\n<p>Eines der bemerkenswerten Merkmale dieser Mundst\u00fccke ist ihre hygienische und leicht zu reinigende Oberfl\u00e4che. Sie bestehen aus hochwertigem Silikon, was bedeutet, dass sie leicht zu pflegen und zu desinfizieren sind.<\/p>\n<p>Die Pax Mundst\u00fccke sind auch ergonomisch gestaltet, um einen bequemen und angenehmen Zug zu gew\u00e4hrleisten. Sie bieten eine optimale Luftstr\u00f6mung und helfen, die Temperatur des Dampfes angenehm zu halten.<\/p>\n<h3>Lieferumfang<\/h3>\n<ul>\n<li>1x Pax Mundst\u00fcck<\/li>\n<\/ul>\n<h3>\u00dcber Pax Labs:<\/h3>\n<p>UNSERE MISSION IST ES, DAS LEBEN DER MENSCHEN ZU VERBESSERN<\/p>\n<p>Unsere Gemeinschaften sind f\u00fcr ihr Wohlbefinden auf Cannabis angewiesen. Deshalb arbeiten wir jeden Tag daran, das Beste aus der Blume herauszuholen, damit sie das Beste aus uns herausholen kann.<\/p>\n<p>Es treibt unsere unerm\u00fcdliche Innovation und unseren Respekt f\u00fcr die zeitlosen Vorteile von Cannabis an.<\/p>\n<p>Das ist der Grund, warum PAX-Ger\u00e4te erhitzen und niemals verbrennen, damit jede Session, jedes Mal, bl\u00fctengetreu und besser f\u00fcr Sie ist. Und es ist der Grund, warum alles, was wir machen, mit reinem, nat\u00fcrlichem, 100%igem Cannabis beginnt.<\/p>\n","protected":false},"excerpt":{"rendered":"<p>PAX 3 oder Pax Plus Mundst\u00fcck Diese hochwertigen Mundst\u00fccke sind speziell f\u00fcr den Pax entwickelt worden und bieten eine perfekte<\/p>\n","protected":false},"featured_media":41512,"comment_status":"open","ping_status":"closed","template":"","meta":{"_acf_changed":false},"product_cat":[2489,2566,2625,3664,2623],"product_tag":[3665],"acf":[],"_links":{"self":[{"href":"https:\/\/donaulife-new.ogrisdigital.at\/fi\/wp-json\/wp\/v2\/product\/54998"}],"collection":[{"href":"https:\/\/donaulife-new.ogrisdigital.at\/fi\/wp-json\/wp\/v2\/product"}],"about":[{"href":"https:\/\/donaulife-new.ogrisdigital.at\/fi\/wp-json\/wp\/v2\/types\/product"}],"replies":[{"embeddable":true,"href":"https:\/\/donaulife-new.ogrisdigital.at\/fi\/wp-json\/wp\/v2\/comments?post=54998"}],"wp:featuredmedia":[{"embeddable":true,"href":"https:\/\/donaulife-new.ogrisdigital.at\/fi\/wp-json\/wp\/v2\/media\/41512"}],"wp:attachment":[{"href":"https:\/\/donaulife-new.ogrisdigital.at\/fi\/wp-json\/wp\/v2\/media?parent=54998"}],"wp:term":[{"taxonomy":"product_cat","embeddable":true,"href":"https:\/\/donaulife-new.ogrisdigital.at\/fi\/wp-json\/wp\/v2\/product_cat?post=54998"},{"taxonomy":"product_tag","embeddable":true,"href":"https:\/\/donaulife-new.ogrisdigital.at\/fi\/wp-json\/wp\/v2\/product_tag?post=54998"}],"curies":[{"name":"wp","href":"https:\/\/api.w.org\/{rel}","templated":true}]}}