{"id":54979,"date":"2023-09-12T10:30:07","date_gmt":"2023-09-12T10:30:07","guid":{"rendered":"https:\/\/donaulife-new.ogrisdigital.at\/produkt\/roor-aktivkohleadapter-mit-siebnut-145-188-292-mm\/"},"modified":"2024-07-01T01:11:04","modified_gmt":"2024-07-01T01:11:04","slug":"roor-aktivkohleadapter-mit-siebnut-145-188-292-mm","status":"publish","type":"product","link":"https:\/\/donaulife-new.ogrisdigital.at\/fi\/roor-aktivkohleadapter-mit-siebnut-145-188-292-mm\/","title":{"rendered":"ROOR Aktivkohleadapter mit Siebnut | 14,5\/18,8\/29,2 mm"},"content":{"rendered":"<h2>Roor Aktivkohle Adapter<\/h2>\n<p>Der ROOR Aktivkohle Adapter mit Siebnut ist ein unverzichtbares Zubeh\u00f6rteil f\u00fcr anspruchsvolle Raucher, die ein verbessertes und reineres Raucherlebnis suchen. Dieser Adapter wurde entwickelt, um eine einfache und effektive M\u00f6glichkeit zur Aktivkohlefiltration in deine Bongs zu integrieren.<\/p>\n<p>Der Adapter verf\u00fcgt \u00fcber eine Siebnut, die es erm\u00f6glicht ein Sieb und das Aktivkohlegranulat sicher zu platzieren. Das innovative Design gew\u00e4hrleistet, dass du die Vorteile von Aktivkohlefiltration nutzen kannst, um unerw\u00fcnschte Verunreinigungen und Ger\u00fcche zu reduzieren, ohne die Qualit\u00e4t deines Raucherlebnisses zu beeintr\u00e4chtigen.<\/p>\n<p>Mit dem ROOR Aktivkohle Adapter kannst du dein Raucherlebnis auf die n\u00e4chste Stufe heben, indem du den Geschmack des Rauchs verbesserst.<\/p>\n<h3>\u00dcber ROOR:<\/h3>\n<div class=\"elementor-element elementor-element-96e4633 elementor-widget elementor-widget-text-editor\" data-id=\"96e4633\" data-element_type=\"widget\" data-widget_type=\"text-editor.default\">\n<div class=\"elementor-widget-container\">\n<div class=\"elementor-text-editor elementor-clearfix\">\n<p>Bereits Mitte der 1990er Jahre widmete sich der Kunsthandwerker Martin Birzle der Glaspfeifenherstellung. Seine Kompetenz im Glasbl\u00e4serhandwerk verbindet sich mit dem Anspruch, keine Massenware, sondern Kunstwerke zu erschaffen. Seine Philosophie: H\u00f6chste Qualit\u00e4t und beste Funktionalit\u00e4t bei individuellem und ansprechendem Design.<\/p>\n<p>Der Erfolg gibt ihm Recht: Die Marke ist in zahlreichen Headshops im In- und Ausland etabliert und hebt sich mehr als deutlich von minderwertigen Billigprodukten ab.<\/p>\n<p>Als 11-facher Gewinner des High-Times-Cup verstehen wir die Auszeichnungen auf internationalen Messen als Motivation, unserer Philosophie treu zu bleiben. Zu Recht hat RooR im Laufe der Jahre jede Menge prominente Fans und Freunde an sich gebunden: B-Real, System of a Down, Howard Marks und viele mehr.<\/p>\n<\/div>\n<\/div>\n<\/div>\n<div class=\"elementor-element elementor-element-dfbf275 elementor-widget elementor-widget-heading\" data-id=\"dfbf275\" data-element_type=\"widget\" data-widget_type=\"heading.default\">\n<div class=\"elementor-widget-container\"><span class=\"elementor-heading-title elementor-size-default\">DIE STORY GEHT WEITER&#8230;<\/span><\/div>\n<\/div>\n","protected":false},"excerpt":{"rendered":"<p>Roor Aktivkohle Adapter Der ROOR Aktivkohle Adapter mit Siebnut ist ein unverzichtbares Zubeh\u00f6rteil f\u00fcr anspruchsvolle Raucher, die ein verbessertes und<\/p>\n","protected":false},"featured_media":41428,"comment_status":"open","ping_status":"open","template":"","meta":{"_acf_changed":false},"product_cat":[2785,2459,2463,3656,2460],"product_tag":[3320],"acf":[],"_links":{"self":[{"href":"https:\/\/donaulife-new.ogrisdigital.at\/fi\/wp-json\/wp\/v2\/product\/54979"}],"collection":[{"href":"https:\/\/donaulife-new.ogrisdigital.at\/fi\/wp-json\/wp\/v2\/product"}],"about":[{"href":"https:\/\/donaulife-new.ogrisdigital.at\/fi\/wp-json\/wp\/v2\/types\/product"}],"replies":[{"embeddable":true,"href":"https:\/\/donaulife-new.ogrisdigital.at\/fi\/wp-json\/wp\/v2\/comments?post=54979"}],"wp:featuredmedia":[{"embeddable":true,"href":"https:\/\/donaulife-new.ogrisdigital.at\/fi\/wp-json\/wp\/v2\/media\/41428"}],"wp:attachment":[{"href":"https:\/\/donaulife-new.ogrisdigital.at\/fi\/wp-json\/wp\/v2\/media?parent=54979"}],"wp:term":[{"taxonomy":"product_cat","embeddable":true,"href":"https:\/\/donaulife-new.ogrisdigital.at\/fi\/wp-json\/wp\/v2\/product_cat?post=54979"},{"taxonomy":"product_tag","embeddable":true,"href":"https:\/\/donaulife-new.ogrisdigital.at\/fi\/wp-json\/wp\/v2\/product_tag?post=54979"}],"curies":[{"name":"wp","href":"https:\/\/api.w.org\/{rel}","templated":true}]}}