{"id":54972,"date":"2023-09-12T09:08:23","date_gmt":"2023-09-12T09:08:23","guid":{"rendered":"https:\/\/donaulife-new.ogrisdigital.at\/produkt\/purize-buegelglas-o-70-mm\/"},"modified":"2024-07-01T01:11:00","modified_gmt":"2024-07-01T01:11:00","slug":"purize-buegelglas-o-70-mm","status":"publish","type":"product","link":"https:\/\/donaulife-new.ogrisdigital.at\/fi\/purize-buegelglas-o-70-mm\/","title":{"rendered":"PURIZE B\u00fcgelglas | \u00d8 70 mm"},"content":{"rendered":"<div>\n<h2>Purize B\u00fcgelglas f\u00fcr 5 &#8211; 10 Gramm<\/h2>\n<\/div>\n<div>Das Purize B\u00fcgelglas ist die ultimative Wahl f\u00fcr die Aufbewahrung von Kr\u00e4utern. Mit einer Kapazit\u00e4t von 5-10 Gramm und einer hochwertigen Dichtung h\u00e4lt es Ger\u00fcche sicher im Inneren und bewahrt die Frische deiner Kr\u00e4uter.<\/div>\n<div><\/div>\n<div>\n<h3 style=\"margin: 0in; font-family: Calibri; font-size: 16.0pt;\">\u00dcber Purize:<\/h3>\n<p style=\"margin: 0in; font-family: Calibri; font-size: 11.0pt;\">PURIZE\u00ae Filters verfolgt die Vision, genussorientierten Rauchern \u2013 mit Hilfe eines PURIZE\u00ae Aktivkohlefilters \u2013 ein deutlich schadstoffreduziertes &amp; angenehmeres Raucherlebnis aufzuzeigen.<\/p>\n<\/div>\n","protected":false},"excerpt":{"rendered":"<p>Purize B\u00fcgelglas f\u00fcr 5 &#8211; 10 Gramm Das Purize B\u00fcgelglas ist die ultimative Wahl f\u00fcr die Aufbewahrung von Kr\u00e4utern. Mit<\/p>\n","protected":false},"featured_media":41380,"comment_status":"open","ping_status":"closed","template":"","meta":{"_acf_changed":false},"product_cat":[2607,2489,3142,2451,2861],"product_tag":[],"acf":[],"_links":{"self":[{"href":"https:\/\/donaulife-new.ogrisdigital.at\/fi\/wp-json\/wp\/v2\/product\/54972"}],"collection":[{"href":"https:\/\/donaulife-new.ogrisdigital.at\/fi\/wp-json\/wp\/v2\/product"}],"about":[{"href":"https:\/\/donaulife-new.ogrisdigital.at\/fi\/wp-json\/wp\/v2\/types\/product"}],"replies":[{"embeddable":true,"href":"https:\/\/donaulife-new.ogrisdigital.at\/fi\/wp-json\/wp\/v2\/comments?post=54972"}],"wp:featuredmedia":[{"embeddable":true,"href":"https:\/\/donaulife-new.ogrisdigital.at\/fi\/wp-json\/wp\/v2\/media\/41380"}],"wp:attachment":[{"href":"https:\/\/donaulife-new.ogrisdigital.at\/fi\/wp-json\/wp\/v2\/media?parent=54972"}],"wp:term":[{"taxonomy":"product_cat","embeddable":true,"href":"https:\/\/donaulife-new.ogrisdigital.at\/fi\/wp-json\/wp\/v2\/product_cat?post=54972"},{"taxonomy":"product_tag","embeddable":true,"href":"https:\/\/donaulife-new.ogrisdigital.at\/fi\/wp-json\/wp\/v2\/product_tag?post=54972"}],"curies":[{"name":"wp","href":"https:\/\/api.w.org\/{rel}","templated":true}]}}