{"id":54950,"date":"2023-09-11T13:47:23","date_gmt":"2023-09-11T13:47:23","guid":{"rendered":"https:\/\/donaulife-new.ogrisdigital.at\/produkt\/roor-vorkuehler-zylindrisch-mit-logo-rot\/"},"modified":"2024-07-01T01:10:46","modified_gmt":"2024-07-01T01:10:46","slug":"roor-vorkuehler-zylindrisch-mit-logo-rot","status":"publish","type":"product","link":"https:\/\/donaulife-new.ogrisdigital.at\/fi\/roor-vorkuehler-zylindrisch-mit-logo-rot\/","title":{"rendered":"ROOR Vork\u00fchler zylindrisch mit Logo | rot"},"content":{"rendered":"<h2>Roor Vork\u00fchler mit 14,5 mm oder 18,8 mm Schliff<\/h2>\n<p>Der ROOR Vork\u00fchler mit elegantem schwarzen Logo und dezenten gelben und orangefarbenen Akzenten ist ein Must-Have f\u00fcr jeden anspruchsvollen Raucher. Mit seiner hochwertigen Verarbeitung und der Wahlm\u00f6glichkeit zwischen den Schliffgr\u00f6\u00dfen 14,5 mm und 18,8 mm bietet er maximale Flexibilit\u00e4t f\u00fcr jedes Raucherlebnis. Dieser Vork\u00fchler ist nicht nur ein visuelles Highlight, sondern verbessert auch das Raucherlebnis erheblich. Er sorgt f\u00fcr eine sanfte K\u00fchlung und Filtration des Rauchs, was zu einem geschmacksintensiveren und angenehmeren Zug f\u00fchrt. Holen Sie sich den ROOR Vork\u00fchler und genie\u00dfen Sie das ultimative Raucherlebnis in Stil und Komfort. Die Wandst\u00e4rke betr\u00e4gt 3,2 mm.<\/p>\n<p>Das Chillum hat eine L\u00e4nge von 13 cm und ist nicht auf den Fotos zu sehen.<\/p>\n<div>\n<h3>\u00dcber Roor:<\/h3>\n<div>ROOR ist eine renommierte Marke in der Welt des Rauchens und bekannt f\u00fcr ihre hochwertigen Glasprodukte. Gegr\u00fcndet in Deutschland, hat sich ROOR einen Ruf f\u00fcr Handwerkskunst und Qualit\u00e4t erarbeitet. Die Marke ist besonders ber\u00fchmt f\u00fcr ihre erstklassigen Bongs, Pfeifen und Zubeh\u00f6rteile.<\/div>\n<div><\/div>\n<div>ROOR-Produkte zeichnen sich durch pr\u00e4zise Verarbeitung, langlebige Materialien und innovative Designs aus. Die Marke setzt auf klare Linien und zeitlose \u00c4sthetik, was ihre Produkte zu begehrten Sammlerst\u00fccken macht. Dank der jahrzehntelangen Erfahrung im Bereich des Glasblasens garantiert ROOR ein Raucherlebnis von h\u00f6chster Qualit\u00e4t und Genuss.<\/div>\n<div><\/div>\n<div>ROOR steht f\u00fcr Perfektion und Eleganz im Bereich des Rauchens.<\/div>\n<\/div>\n","protected":false},"excerpt":{"rendered":"<p>Roor Vork\u00fchler mit 14,5 mm oder 18,8 mm Schliff Der ROOR Vork\u00fchler mit elegantem schwarzen Logo und dezenten gelben und<\/p>\n","protected":false},"featured_media":41224,"comment_status":"open","ping_status":"open","template":"","meta":{"_acf_changed":false},"product_cat":[2592,2591,2459,2463,3656,2582,2460],"product_tag":[3320],"acf":[],"_links":{"self":[{"href":"https:\/\/donaulife-new.ogrisdigital.at\/fi\/wp-json\/wp\/v2\/product\/54950"}],"collection":[{"href":"https:\/\/donaulife-new.ogrisdigital.at\/fi\/wp-json\/wp\/v2\/product"}],"about":[{"href":"https:\/\/donaulife-new.ogrisdigital.at\/fi\/wp-json\/wp\/v2\/types\/product"}],"replies":[{"embeddable":true,"href":"https:\/\/donaulife-new.ogrisdigital.at\/fi\/wp-json\/wp\/v2\/comments?post=54950"}],"wp:featuredmedia":[{"embeddable":true,"href":"https:\/\/donaulife-new.ogrisdigital.at\/fi\/wp-json\/wp\/v2\/media\/41224"}],"wp:attachment":[{"href":"https:\/\/donaulife-new.ogrisdigital.at\/fi\/wp-json\/wp\/v2\/media?parent=54950"}],"wp:term":[{"taxonomy":"product_cat","embeddable":true,"href":"https:\/\/donaulife-new.ogrisdigital.at\/fi\/wp-json\/wp\/v2\/product_cat?post=54950"},{"taxonomy":"product_tag","embeddable":true,"href":"https:\/\/donaulife-new.ogrisdigital.at\/fi\/wp-json\/wp\/v2\/product_tag?post=54950"}],"curies":[{"name":"wp","href":"https:\/\/api.w.org\/{rel}","templated":true}]}}