{"id":54942,"date":"2023-09-11T10:39:21","date_gmt":"2023-09-11T10:39:21","guid":{"rendered":"https:\/\/donaulife-new.ogrisdigital.at\/produkt\/insomnia-glasbong-black-edition-icy-40-cm\/"},"modified":"2025-01-15T07:06:53","modified_gmt":"2025-01-15T07:06:53","slug":"insomnia-glasbong-black-edition-icy-40-cm","status":"publish","type":"product","link":"https:\/\/donaulife-new.ogrisdigital.at\/fi\/insomnia-glasbong-black-edition-icy-40-cm\/","title":{"rendered":"INSOMNIA Glasbong &#8216;Icy Dusk&#8217; | 40 cm"},"content":{"rendered":"<h2>Insomnia &#8216;Icy Dusk&#8217; Black Edition mit 40 cm<\/h2>\n<p>Die Insomnia Bong Black Edition ist ein wahres Kunstwerk f\u00fcr Liebhaber von hochwertigen Raucherlebnissen. Mit ihrem zylinderf\u00f6rmigen Design und einem beeindruckenden 6-Kant-Fu\u00df setzt sie sich von der Masse ab. Das sandgestrahlte Kopfteil verleiht dieser Bong eine einzigartige Textur und \u00c4sthetik, die sie zu einem Blickfang macht.<\/p>\n<p>Das farbig abgesetzte Mundst\u00fcck verleiht nicht nur einen Hauch von Pers\u00f6nlichkeit, sondern bietet auch einen angenehmen Griff. Dank des Stecksystems ist das Rauchen mit dieser Bong ein Kinderspiel, und das integrierte Kickloch erm\u00f6glicht die perfekte Kontrolle \u00fcber den Zug.<\/p>\n<p>Die Insomnia Bong Black Edition ist nicht nur ein Raucherzeugnis, sondern auch ein Kunstwerk, das Eleganz und Funktionalit\u00e4t vereint. Tauchen Sie ein in ein unvergleichliches Rauchererlebnis mit dieser exquisiten Bong.<\/p>\n<h3>\u00dcber Insomnia:<\/h3>\n<p>Schalflos? Bestimmt nicht mit den Modellen von Insomnia. Die Glaswaren des Herstellers kommen mit coolen Sandgestrahlten Designs daher, mit oder ohne Eisfach aber garantiert immer g\u00fcnstig und zuverl\u00e4ssig.<\/p>\n","protected":false},"excerpt":{"rendered":"<p>Insomnia &#8216;Icy Dusk&#8217; Black Edition mit 40 cm Die Insomnia Bong Black Edition ist ein wahres Kunstwerk f\u00fcr Liebhaber von<\/p>\n","protected":false},"featured_media":41179,"comment_status":"open","ping_status":"open","template":"","meta":{"_acf_changed":false},"product_cat":[2514,2459,2510,2507,2467,2515,2506,2463],"product_tag":[2474,2466],"acf":[],"_links":{"self":[{"href":"https:\/\/donaulife-new.ogrisdigital.at\/fi\/wp-json\/wp\/v2\/product\/54942"}],"collection":[{"href":"https:\/\/donaulife-new.ogrisdigital.at\/fi\/wp-json\/wp\/v2\/product"}],"about":[{"href":"https:\/\/donaulife-new.ogrisdigital.at\/fi\/wp-json\/wp\/v2\/types\/product"}],"replies":[{"embeddable":true,"href":"https:\/\/donaulife-new.ogrisdigital.at\/fi\/wp-json\/wp\/v2\/comments?post=54942"}],"wp:featuredmedia":[{"embeddable":true,"href":"https:\/\/donaulife-new.ogrisdigital.at\/fi\/wp-json\/wp\/v2\/media\/41179"}],"wp:attachment":[{"href":"https:\/\/donaulife-new.ogrisdigital.at\/fi\/wp-json\/wp\/v2\/media?parent=54942"}],"wp:term":[{"taxonomy":"product_cat","embeddable":true,"href":"https:\/\/donaulife-new.ogrisdigital.at\/fi\/wp-json\/wp\/v2\/product_cat?post=54942"},{"taxonomy":"product_tag","embeddable":true,"href":"https:\/\/donaulife-new.ogrisdigital.at\/fi\/wp-json\/wp\/v2\/product_tag?post=54942"}],"curies":[{"name":"wp","href":"https:\/\/api.w.org\/{rel}","templated":true}]}}