{"id":54940,"date":"2023-09-11T10:24:17","date_gmt":"2023-09-11T10:24:17","guid":{"rendered":"https:\/\/donaulife-new.ogrisdigital.at\/produkt\/vibes-tray-rolling-tray-drip\/"},"modified":"2024-07-01T01:10:38","modified_gmt":"2024-07-01T01:10:38","slug":"vibes-tray-rolling-tray-drip","status":"publish","type":"product","link":"https:\/\/donaulife-new.ogrisdigital.at\/fi\/vibes-tray-rolling-tray-drip\/","title":{"rendered":"VIBES Tray Rolling Tray | Drip"},"content":{"rendered":"<h2>Vibes Rolling Tray<\/h2>\n<p>Die VIBES Rolling Trays aus Metall sind die perfekten Begleiter f\u00fcr das bequeme und saubere Rollen deiner Custom Smokes. Mit ihren erh\u00f6hten und abgerundeten Ecken bewahren diese Tablets mit dem VIBES-Logo all deine wertvollen Materialien und Rauchutensilien sicher auf. Dieses Limited Edition Rolling Tray ist in M erh\u00e4ltlich und mit dem Bubblegum Drip-Logo von VIBES verziert.<\/p>\n<p>Alle VIBES Rolling Trays sind aus Metall gefertigt, was sie zu einem robusten und dennoch leichten Rolling Accessoire macht, das Sie \u00fcberall hin mitnehmen k\u00f6nnen.<\/p>\n<h2>Features<\/h2>\n<ul>\n<li>Vibes gebrandet<\/li>\n<li>Solides Material<\/li>\n<li>Glatte, gl\u00e4nzende Oberfl\u00e4che<\/li>\n<li>Konturierte Ecken<\/li>\n<li>Leicht Gewicht<\/li>\n<li>VIBES limitierte Auflage<\/li>\n<\/ul>\n<h2>Abmessungen<\/h2>\n<p>Gr\u00f6sse: 28 x 15,3 cm<\/p>\n<h3>\u00dcber Vibes:<\/h3>\n<div>Vibes &#8211; eine Kollektion von Premium-Rolling Papers &#8211; wird in Frankreich angebaut und hergestellt. Vibes wird in der Dominikanischen Republik geschnitten und gekittet und ist in einer Vielzahl von Mischungen und Gr\u00f6\u00dfen erh\u00e4ltlich; diese Papers sind mit Wasserzeichen versehenen und werden nach den h\u00f6chsten Qualit\u00e4tsstandards hergestellt. Vibes wurde entwickelt, um die Reinheit und Potenz deines Materials zu bewahren, und hat das ultimative Raucherlebnis f\u00fcr Kenner geschaffen.<\/div>\n","protected":false},"excerpt":{"rendered":"<p>Vibes Rolling Tray Die VIBES Rolling Trays aus Metall sind die perfekten Begleiter f\u00fcr das bequeme und saubere Rollen deiner<\/p>\n","protected":false},"featured_media":41170,"comment_status":"open","ping_status":"open","template":"","meta":{"_acf_changed":false},"product_cat":[2794,2489,2451,2793,3568],"product_tag":[3483],"acf":[],"_links":{"self":[{"href":"https:\/\/donaulife-new.ogrisdigital.at\/fi\/wp-json\/wp\/v2\/product\/54940"}],"collection":[{"href":"https:\/\/donaulife-new.ogrisdigital.at\/fi\/wp-json\/wp\/v2\/product"}],"about":[{"href":"https:\/\/donaulife-new.ogrisdigital.at\/fi\/wp-json\/wp\/v2\/types\/product"}],"replies":[{"embeddable":true,"href":"https:\/\/donaulife-new.ogrisdigital.at\/fi\/wp-json\/wp\/v2\/comments?post=54940"}],"wp:featuredmedia":[{"embeddable":true,"href":"https:\/\/donaulife-new.ogrisdigital.at\/fi\/wp-json\/wp\/v2\/media\/41170"}],"wp:attachment":[{"href":"https:\/\/donaulife-new.ogrisdigital.at\/fi\/wp-json\/wp\/v2\/media?parent=54940"}],"wp:term":[{"taxonomy":"product_cat","embeddable":true,"href":"https:\/\/donaulife-new.ogrisdigital.at\/fi\/wp-json\/wp\/v2\/product_cat?post=54940"},{"taxonomy":"product_tag","embeddable":true,"href":"https:\/\/donaulife-new.ogrisdigital.at\/fi\/wp-json\/wp\/v2\/product_tag?post=54940"}],"curies":[{"name":"wp","href":"https:\/\/api.w.org\/{rel}","templated":true}]}}