{"id":54907,"date":"2023-09-06T09:09:57","date_gmt":"2023-09-06T09:09:57","guid":{"rendered":"https:\/\/donaulife-new.ogrisdigital.at\/produkt\/puffco-cupsy\/"},"modified":"2024-07-01T01:10:21","modified_gmt":"2024-07-01T01:10:21","slug":"puffco-cupsy","status":"publish","type":"product","link":"https:\/\/donaulife-new.ogrisdigital.at\/fi\/puffco-cupsy\/","title":{"rendered":"PUFFCO Cupsy"},"content":{"rendered":"<h2>Puffco Cupsy Mini Bong<\/h2>\n<p>Puffco Cupsy ist eine innovative neue Art, Bl\u00fcten zu rauchen, ohne dass eine sperrige, stinkende Pfeife ben\u00f6tigt wird. Sein neuartiges Design verbindet ein gew\u00f6hnliches Produkt, das Sie oft benutzen, mit einem leistungsstarken Bubbler-System, das jeder genie\u00dfen kann. Cupsy verf\u00fcgt \u00fcber einen Keramikbeh\u00e4lter im Inneren und einen versteckten Stauraum an der Au\u00dfenseite, um sicherzustellen, dass dein Kundenerlebnis nicht weniger als unglaublich ist.<\/p>\n<p>Einfach zu benutzen; Einfach zu warten<br \/>\n1. F\u00fclle ihn mit Wasser<br \/>\n2. Kopf in den Ready Spot stellen<br \/>\n3. Z\u00fcnde &amp;&amp;&amp; fetz<\/p>\n<p><img fetchpriority=\"high\" decoding=\"async\" class=\"alignnone size-medium wp-image-49570\" style=\"font-size: 14.4px;\" src=\"https:\/\/www.donaulife.com\/wp-content\/uploads\/2023\/09\/easyTouse_0001_Bowl-with-Green_1-300x280.webp\" alt=\"\" width=\"300\" height=\"280\" \/> <img decoding=\"async\" class=\"alignnone size-medium wp-image-49568\" src=\"https:\/\/www.donaulife.com\/wp-content\/uploads\/2023\/09\/easyTouse_0002_Cup-Fill-Up_1_ead036f3-4ce7-4846-90f8-9fa422ffe494-300x280.webp\" alt=\"\" width=\"300\" height=\"280\" \/> <img decoding=\"async\" class=\"alignnone size-medium wp-image-49569\" src=\"https:\/\/www.donaulife.com\/wp-content\/uploads\/2023\/09\/easyTouse_0000_Layer-Comp-3_1-300x280.webp\" alt=\"\" width=\"300\" height=\"280\" \/><\/p>\n<p><strong>Technische Daten des Produkts<\/strong><\/p>\n<ul>\n<li>Keine elektrischen Teile<\/li>\n<li>Nur Kr\u00e4uter<\/li>\n<li>All-in-one Design<\/li>\n<li>Silikon-Deckel<\/li>\n<li>Tasse aus rostfreiem Stahl<\/li>\n<li>Leicht zu reinigen<\/li>\n<li>Keramische Schale<\/li>\n<li>Versteckte Aufbewahrung der Sch\u00fcssel<\/li>\n<li>Gamit Pulsar kalibriert<\/li>\n<li>Hochmoderne Remulatoren<\/li>\n<\/ul>\n<div style=\"width: 1920px;\" class=\"wp-video\"><!--[if lt IE 9]><script>document.createElement('video');<\/script><![endif]-->\n<video class=\"wp-video-shortcode\" id=\"video-54907-1\" width=\"1920\" height=\"1080\" preload=\"metadata\" controls=\"controls\"><source type=\"video\/mp4\" src=\"https:\/\/www.donaulife.com\/wp-content\/uploads\/2023\/09\/Cupsy-1080p.mp4?_=1\" \/><a href=\"https:\/\/www.donaulife.com\/wp-content\/uploads\/2023\/09\/Cupsy-1080p.mp4\" target=\"_blank\" rel=\"noopener\">https:\/\/www.donaulife.com\/wp-content\/uploads\/2023\/09\/Cupsy-1080p.mp4<\/a><\/video><\/div>\n<ul>\n<li>*VERWENDET EIN NORMALES FEUERZEUG, KEINE TORCH LIGHTER<\/li>\n<\/ul>\n<h3>\u00dcber Puffco:<\/h3>\n<p>Unsere Reise begann 2013, als CEO Roger Volodarsky die Nachfrage von Konzentrat Vapes erkannte. Mit dem Ziel, die beste Plattform f\u00fcr den Extraktkonsum zu schaffen, brachte er Design und Technologie zusammen, um Puffco zu gr\u00fcnden. Wir haben einen sichereren, einfacheren und viel geschmackvolleren Industriestandard entwickelt. Ob es die Geschmacksnuancen sind, die Sie bei Ihren Lieblingssorten noch nicht bemerkt haben, die neuen Gef\u00fchle in Ihrem K\u00f6rper und\/oder ein klarerer mentaler Zustand &#8211; der Puffco-Unterschied ist tiefgreifend.<\/p>\n<p>&nbsp;<\/p>\n<p>&nbsp;<\/p>\n","protected":false},"excerpt":{"rendered":"<p>Puffco Cupsy Mini Bong Puffco Cupsy ist eine innovative neue Art, Bl\u00fcten zu rauchen, ohne dass eine sperrige, stinkende Pfeife<\/p>\n","protected":false},"featured_media":41001,"comment_status":"open","ping_status":"open","template":"","meta":{"_acf_changed":false},"product_cat":[2459,2566],"product_tag":[],"acf":[],"_links":{"self":[{"href":"https:\/\/donaulife-new.ogrisdigital.at\/fi\/wp-json\/wp\/v2\/product\/54907"}],"collection":[{"href":"https:\/\/donaulife-new.ogrisdigital.at\/fi\/wp-json\/wp\/v2\/product"}],"about":[{"href":"https:\/\/donaulife-new.ogrisdigital.at\/fi\/wp-json\/wp\/v2\/types\/product"}],"replies":[{"embeddable":true,"href":"https:\/\/donaulife-new.ogrisdigital.at\/fi\/wp-json\/wp\/v2\/comments?post=54907"}],"wp:featuredmedia":[{"embeddable":true,"href":"https:\/\/donaulife-new.ogrisdigital.at\/fi\/wp-json\/wp\/v2\/media\/41001"}],"wp:attachment":[{"href":"https:\/\/donaulife-new.ogrisdigital.at\/fi\/wp-json\/wp\/v2\/media?parent=54907"}],"wp:term":[{"taxonomy":"product_cat","embeddable":true,"href":"https:\/\/donaulife-new.ogrisdigital.at\/fi\/wp-json\/wp\/v2\/product_cat?post=54907"},{"taxonomy":"product_tag","embeddable":true,"href":"https:\/\/donaulife-new.ogrisdigital.at\/fi\/wp-json\/wp\/v2\/product_tag?post=54907"}],"curies":[{"name":"wp","href":"https:\/\/api.w.org\/{rel}","templated":true}]}}