{"id":54896,"date":"2023-09-01T15:22:09","date_gmt":"2023-09-01T15:22:09","guid":{"rendered":"https:\/\/donaulife-new.ogrisdigital.at\/produkt\/heisenberg-bubbler-bubble-double-six-arm-38-cm\/"},"modified":"2025-01-15T07:06:55","modified_gmt":"2025-01-15T07:06:55","slug":"heisenberg-bubbler-bubble-double-six-arm-38-cm","status":"publish","type":"product","link":"https:\/\/donaulife-new.ogrisdigital.at\/fi\/heisenberg-bubbler-bubble-double-six-arm-38-cm\/","title":{"rendered":"HEISENBERG Bubbler &#8216;Bubble Double Six-Arm&#8217; | 38 cm"},"content":{"rendered":"<h2>Heisenberg Bubbler mit Doppel 6-Arm Perc<\/h2>\n<div id=\"description\" class=\"data item content\" role=\"tabpanel\" data-role=\"content\" aria-labelledby=\"tab-label-description\" aria-hidden=\"false\">\n<div class=\"product attribute description\">\n<div class=\"value\">\n<div class=\"teaser\"><strong>6-Arm Perkolator<\/strong>\u00a0&#8211; Bei den gro\u00dfen Perkolatoren handelt es sich um zwei Tree Perc mit 6 einzelnen Diffusor-Armen. Jedes einzelne \u00c4rmchen wird von 2 Schlitzen durchzogen, durch die der Rauch gezogen und intensiv verwirbelt wird, um ihn zu k\u00fchlen und von m\u00f6glichst vielen Schadstoffen zu befreien, bevor er eingeatmet werden kann.<\/div>\n<\/div>\n<\/div>\n<\/div>\n<div>\n<h3>\u00dcber Heisenberg:<\/h3>\n<div>\n<p>Heisenberg \u2013 nicht nur durch Breaking Bad ein Ph\u00e4nomen. Die Marke Heisenberg ist unter anderem durch ihre Glasbongs bekannt geworden. Keine Bong der Heisenberg Serie ist wie die andere. Hier werden verschiedene Gestaltungselemente geboten, wie beispielsweise poppige Farben oder mit Glow in the dark Funktion, Pl\u00e4tzen zum Einsetzen von LED Beleuchtung und anderen Extras.<\/p>\n<p>Bei dem interessanten Sortiment an Glasbongs, ist mit Sicherheit auch was f\u00fcr dich dabei!<\/p>\n<\/div>\n<\/div>\n","protected":false},"excerpt":{"rendered":"<p>Heisenberg Bubbler mit Doppel 6-Arm Perc 6-Arm Perkolator\u00a0&#8211; Bei den gro\u00dfen Perkolatoren handelt es sich um zwei Tree Perc mit<\/p>\n","protected":false},"featured_media":40927,"comment_status":"open","ping_status":"open","template":"","meta":{"_acf_changed":false},"product_cat":[2514,2459,2513,2507,3404,2506,2463,2520],"product_tag":[3405,2466],"acf":[],"_links":{"self":[{"href":"https:\/\/donaulife-new.ogrisdigital.at\/fi\/wp-json\/wp\/v2\/product\/54896"}],"collection":[{"href":"https:\/\/donaulife-new.ogrisdigital.at\/fi\/wp-json\/wp\/v2\/product"}],"about":[{"href":"https:\/\/donaulife-new.ogrisdigital.at\/fi\/wp-json\/wp\/v2\/types\/product"}],"replies":[{"embeddable":true,"href":"https:\/\/donaulife-new.ogrisdigital.at\/fi\/wp-json\/wp\/v2\/comments?post=54896"}],"wp:featuredmedia":[{"embeddable":true,"href":"https:\/\/donaulife-new.ogrisdigital.at\/fi\/wp-json\/wp\/v2\/media\/40927"}],"wp:attachment":[{"href":"https:\/\/donaulife-new.ogrisdigital.at\/fi\/wp-json\/wp\/v2\/media?parent=54896"}],"wp:term":[{"taxonomy":"product_cat","embeddable":true,"href":"https:\/\/donaulife-new.ogrisdigital.at\/fi\/wp-json\/wp\/v2\/product_cat?post=54896"},{"taxonomy":"product_tag","embeddable":true,"href":"https:\/\/donaulife-new.ogrisdigital.at\/fi\/wp-json\/wp\/v2\/product_tag?post=54896"}],"curies":[{"name":"wp","href":"https:\/\/api.w.org\/{rel}","templated":true}]}}