{"id":54868,"date":"2023-08-16T13:25:07","date_gmt":"2023-08-16T13:25:07","guid":{"rendered":"https:\/\/donaulife-new.ogrisdigital.at\/produkt\/hubertus-analytik-hanf-analyse-box\/"},"modified":"2024-07-01T01:09:53","modified_gmt":"2024-07-01T01:09:53","slug":"hubertus-analytik-hanf-analyse-box","status":"publish","type":"product","link":"https:\/\/donaulife-new.ogrisdigital.at\/fi\/hubertus-analytik-hanf-analyse-box\/","title":{"rendered":"HUBERTUS ANALYTIK Hanf Analyse Box"},"content":{"rendered":"<h2>Hubertus Analytik &#8211; Anonyme Analyse von Cannabinoiden<\/h2>\n<p>Erwerbe die HanfCheck Box und deine Probe wird komplett anonym behandelt.<\/p>\n<p>Beinhaltet ein umfangreiches Probenzugset und eine detaillierte Anleitung zur Probennahme und Versand einer Probe. Eine Analyse auf alle relevanten Cannabinoide (CBD, CBDA, CBDV, d8-THC, d9-THC, THCA, CBG, CBGA, CBC, CBN, THCV) ist beim Erwerb der HanfCheck Box bereits inkludiert.<\/p>\n<p>Das Probenzugset besteht aus einem Schutzbeutel f\u00fcr Pflanzenmaterial, einer Einmalspritze f\u00fcr fl\u00fcssige Proben, einer Versandbox f\u00fcr einen optimal gesch\u00fctzten Versand, sowie einem Code und Passwort zum\u00a0<strong><a href=\"https:\/\/hubertus-analytik.at\/analysenzertifikate\/\" target=\"_blank\" rel=\"noopener\">anonymen Abrufen der Ergebnisse<\/a><\/strong>.<\/p>\n<h3 class=\"fusion-responsive-typography-calculated\" data-fontsize=\"25\" data-lineheight=\"32.5px\"><strong>Wichtige Information zur Anonymit\u00e4t<\/strong><\/h3>\n<p>Wir ben\u00f6tigen deine Kundendaten f\u00fcr den Versand und die Rechnungslegung. Diese Daten werden jedoch nicht mit dem Code der versendeten HanfCheck Box in unserem Labor Informations Managament System (LIMS) verkn\u00fcpft. Daher bleibt der Prozess vom Probeneingang bis zum Abrufen des Analysenzertifikates komplett anonym.<\/p>\n<h3 class=\"fusion-responsive-typography-calculated\" data-fontsize=\"25\" data-lineheight=\"32.5px\"><strong>Anleitung zum Probenversand<\/strong><\/h3>\n<p>Die HanfCheck Box ist zum Versand einer Probe von Pflanzenmaterial oder fl\u00fcssigem Produkt, wie z.B. Extrakt oder \u00d6l, geeignet.<\/p>\n<p><strong>Bitte befolgen Sie diese Anleitung genau, um einen optimalen Ablauf zu gew\u00e4hrleisten:<\/strong><\/p>\n<ol>\n<li>Bewahre die innenliegende Code-Karte zum Abruf Ihrer Ergebnisse an einem sicheren Ort auf.<br \/>\nNur mit dieser hast du sp\u00e4ter Zugang zum Analysenergebnis.<\/li>\n<li>Vermerke die Art der Probe und das Datum der Probennahme auf dem Etikett des Schutzbeutels.<\/li>\n<li>Im Falle von Pflanzenmaterial befolgen Sie\u00a0<strong>Schritt 3a<\/strong>. F\u00fcr fl\u00fcssige Proben befolgen Sie\u00a0<strong>Schritt 3b<\/strong>.<br \/>\n<strong>3a) <\/strong>Platziere mindestens 5 Gramm (maximal 10 Gramm) Pflanzenmaterial in den transparenten Schutzbeutel, entferne die wei\u00dfe Schutzfolie im inneren oberen Rand und verklebe den Schutzbeutel.<br \/>\n<strong>3b) <\/strong>Ziehen Sie 3 ml Ihrer fl\u00fcssigen Probe mit der beigelegten Spritze auf. Reinigen Sie die Spitze der Spritze mit einem sauberen Tuch und verschlie\u00dfen Sie diese gut mit dem Stopfen! Platzieren Sie die Spritze in den Schutzbeutel, entfernen Sie die wei\u00dfe Schutzfolie iminneren oberen Rand und verkleben Sie den Schutzbeutel.<\/li>\n<li>Lege den verschlossenen Beutel in die wei\u00dfe Versandbox und verschlie\u00dfe die Versandbox mit dem beigelegten Hubertus Analytik Sicherheitsetikett.<\/li>\n<li>Versenden Sie die Versandbox ausreichend frankiert. Beachten Sie die Post-Versanddauer von bis zu 2 Tagen (ausgenommen Express-Versand).<br \/>\n<strong>Achtung<\/strong>: Frisches Pflanzenmaterial sollte nur von Montag bis Mittwoch versandt werden.<\/li>\n<li>Das Analysenergebnis deiner Probe findest du unter Bereithaltung deiner Code-Karte auf der Webseite des Herstellers &gt;&gt;&gt;&gt; <a href=\"https:\/\/hubertus-analytik.at\/analysenzertifikate\/\" target=\"_blank\" rel=\"noopener\"><strong>Website<\/strong><\/a><\/li>\n<\/ol>\n<h3>\u00dcber Hubertus Analytik:<\/h3>\n<div class=\"image-bar--description\">\n<div class=\"image-bar--description\">\n<div class=\"image-bar--description\">\n<p>Hubertus Analytik ist ein auf Hanf- sowie Trinkwasser-Analytik spezialisiertes, analytisches Speziallabor mit Sitz in Spittal an der Drau in K\u00e4rnten.Unser Ziel ist es, f\u00fcr unsere Kunden und Partner leicht zug\u00e4ngliche, unkomplizierte und sich am jeweiligen Bedarf orientierte chemische und mikrobiologische Analysen anzubieten.\u00a0Dies betrifft zum einen den Bereich Trinkwasser-Analysen, zum anderen die Hanf-Analytik.<\/p>\n<p>Unser Unternehmen geht aus der von Mag. pharm. Dr. Dominik Schantl geleiteten Hubertus Apotheke hervor, die sich unter anderem mit den hauseigenen Cannabisprodukten in GMP-Qualit\u00e4t und dem damit verbundenen Fachwissen \u00f6sterreichweit einen Namen gemacht hat. Au\u00dferdem ist die Hubertus Apotheke Hersteller von klinischen Pr\u00fcfmustern, die f\u00fcr Studien zum Hanf-Inhaltsstoff CBD (Cannabidiol) weltweit Verwendung finden.<\/p>\n<\/div>\n<\/div>\n<\/div>\n","protected":false},"excerpt":{"rendered":"<p>Hubertus Analytik &#8211; Anonyme Analyse von Cannabinoiden Erwerbe die HanfCheck Box und deine Probe wird komplett anonym behandelt. Beinhaltet ein<\/p>\n","protected":false},"featured_media":40707,"comment_status":"open","ping_status":"open","template":"","meta":{"_acf_changed":false},"product_cat":[2451],"product_tag":[],"acf":[],"_links":{"self":[{"href":"https:\/\/donaulife-new.ogrisdigital.at\/fi\/wp-json\/wp\/v2\/product\/54868"}],"collection":[{"href":"https:\/\/donaulife-new.ogrisdigital.at\/fi\/wp-json\/wp\/v2\/product"}],"about":[{"href":"https:\/\/donaulife-new.ogrisdigital.at\/fi\/wp-json\/wp\/v2\/types\/product"}],"replies":[{"embeddable":true,"href":"https:\/\/donaulife-new.ogrisdigital.at\/fi\/wp-json\/wp\/v2\/comments?post=54868"}],"wp:featuredmedia":[{"embeddable":true,"href":"https:\/\/donaulife-new.ogrisdigital.at\/fi\/wp-json\/wp\/v2\/media\/40707"}],"wp:attachment":[{"href":"https:\/\/donaulife-new.ogrisdigital.at\/fi\/wp-json\/wp\/v2\/media?parent=54868"}],"wp:term":[{"taxonomy":"product_cat","embeddable":true,"href":"https:\/\/donaulife-new.ogrisdigital.at\/fi\/wp-json\/wp\/v2\/product_cat?post=54868"},{"taxonomy":"product_tag","embeddable":true,"href":"https:\/\/donaulife-new.ogrisdigital.at\/fi\/wp-json\/wp\/v2\/product_tag?post=54868"}],"curies":[{"name":"wp","href":"https:\/\/api.w.org\/{rel}","templated":true}]}}