{"id":54788,"date":"2023-07-27T13:50:29","date_gmt":"2023-07-27T13:50:29","guid":{"rendered":"https:\/\/donaulife-new.ogrisdigital.at\/produkt\/black-leaf-honeycomb-bong-x2-ae-465-cm\/"},"modified":"2024-07-01T01:09:13","modified_gmt":"2024-07-01T01:09:13","slug":"black-leaf-honeycomb-bong-x2-ae-465-cm","status":"publish","type":"product","link":"https:\/\/donaulife-new.ogrisdigital.at\/fi\/black-leaf-honeycomb-bong-x2-ae-465-cm\/","title":{"rendered":"BLACK LEAF Honeycomb Bong &#8216;X2 AE&#8217; | 46,5 cm"},"content":{"rendered":"<h2>Black Leaf Glasbong mit zwei Honeycomb Scheiben<\/h2>\n<p>Die handgefertigte &#8216;HoneyComb&#8217;-Glasbong von &#8216;Black Leaf&#8217; hat zwei \u2018HoneyCombs\u2018. Diese Diffuser-Scheiben sorgen mit ihren zahlreichen L\u00f6chern f\u00fcr eine starke Wasser- und Luftverwirbelung, was wiederum Rauchabk\u00fchlung und -filterung bedeutet. Da die Eisdornen im Rauchrohr ziemlich tief liegen, passen f\u00fcr noch mehr Abk\u00fchlung jede Menge Eisw\u00fcrfel hinein.<\/p>\n<p>Dass der Ansatz f\u00fcr das Bl\u00fcten- und Kr\u00e4uterk\u00f6pfchen leicht schr\u00e4g angesetzt ist, macht das Rauchen mit dieser Pfeife besonders komfortabel. Das K\u00f6pfchen hat ein festes Glassieb sowie zwei Griffe, die sowohl Rollstopp sind als auch das Herausziehen f\u00fcr den letzten Kick erleichtern, da die Bong kein Kickloch hat.<br \/>\nDas \u2018Black Leaf\u2018-Logo ist dezent \u00fcber den stabilen Rundfu\u00df aufgedruckt.<\/p>\n<p>Der Schliffeinsatz der &#8216;X2&#8217; ist zweifach verst\u00e4rkt, was besonderen Schutz gegen Ersch\u00fctterungen bietet. Der Standfu\u00df besteht aus einem simplen Rundfu\u00df der dieser Bong einen stabilen Stand verleiht. Das Mundst\u00fcck ist ringf\u00f6rmig und passt sich optimal deinem Mund an.<\/p>\n<h3><span style=\"font-size: 20.16px;\">\u00dcber Black Leaf:<\/span><\/h3>\n<div>\n<p>In Weed We Trust ? Smoking\u00a0<em>Paraphernalia<\/em> seit 1988: Bongs, Pfeifen, Vaporizer, Grinder, Dabbing Zubeh\u00f6r, Paper &amp; Filter, Lifestyle Produkte. Es gibt viele Innovative Produkte der Marke die auch die ein oder andere Weltneuheit erschaffen haben. Im Shop bieten wir von allen Produkten die beste Auswahl.<\/p>\n<\/div>\n","protected":false},"excerpt":{"rendered":"<p>Black Leaf Glasbong mit zwei Honeycomb Scheiben Die handgefertigte &#8216;HoneyComb&#8217;-Glasbong von &#8216;Black Leaf&#8217; hat zwei \u2018HoneyCombs\u2018. Diese Diffuser-Scheiben sorgen mit<\/p>\n","protected":false},"featured_media":40373,"comment_status":"open","ping_status":"open","template":"","meta":{"_acf_changed":false},"product_cat":[2514,2548,2459,2510,2523,2737,2515,2506,2463],"product_tag":[2521],"acf":[],"_links":{"self":[{"href":"https:\/\/donaulife-new.ogrisdigital.at\/fi\/wp-json\/wp\/v2\/product\/54788"}],"collection":[{"href":"https:\/\/donaulife-new.ogrisdigital.at\/fi\/wp-json\/wp\/v2\/product"}],"about":[{"href":"https:\/\/donaulife-new.ogrisdigital.at\/fi\/wp-json\/wp\/v2\/types\/product"}],"replies":[{"embeddable":true,"href":"https:\/\/donaulife-new.ogrisdigital.at\/fi\/wp-json\/wp\/v2\/comments?post=54788"}],"wp:featuredmedia":[{"embeddable":true,"href":"https:\/\/donaulife-new.ogrisdigital.at\/fi\/wp-json\/wp\/v2\/media\/40373"}],"wp:attachment":[{"href":"https:\/\/donaulife-new.ogrisdigital.at\/fi\/wp-json\/wp\/v2\/media?parent=54788"}],"wp:term":[{"taxonomy":"product_cat","embeddable":true,"href":"https:\/\/donaulife-new.ogrisdigital.at\/fi\/wp-json\/wp\/v2\/product_cat?post=54788"},{"taxonomy":"product_tag","embeddable":true,"href":"https:\/\/donaulife-new.ogrisdigital.at\/fi\/wp-json\/wp\/v2\/product_tag?post=54788"}],"curies":[{"name":"wp","href":"https:\/\/api.w.org\/{rel}","templated":true}]}}