{"id":54775,"date":"2023-07-24T12:52:15","date_gmt":"2023-07-24T12:52:15","guid":{"rendered":"https:\/\/donaulife-new.ogrisdigital.at\/produkt\/rosintech-pro-rosin-presse-hydraulik-136-tonnen-8x24-cm\/"},"modified":"2024-07-01T01:09:04","modified_gmt":"2024-07-01T01:09:04","slug":"rosintech-pro-rosin-presse-hydraulik-136-tonnen-8x24-cm","status":"publish","type":"product","link":"https:\/\/donaulife-new.ogrisdigital.at\/fi\/rosintech-pro-rosin-presse-hydraulik-136-tonnen-8x24-cm\/","title":{"rendered":"ROSINTECH PRO Rosin Presse Hydraulik 13,6 Tonnen | 8&#215;24 cm"},"content":{"rendered":"<h2><strong>13,6 metrische Tonnen Druck.<\/strong><\/h2>\n<p>Rosin Tech Products neueste l\u00f6sungsmittelfreie Extraktionspresse, Rosin Tech Pro\u2122. Mit digitalen Temperatur- und Zeitreglern, 13,6 Tonnen Druck direkt an deinen Fingerspitzen. Einfach zu bedienen und mit eingebauten Sicherheitsfunktionen, um das Pressen sicher zu machen. So wirst du zum Profi im Rosin Bereich.<\/p>\n<p><img fetchpriority=\"high\" decoding=\"async\" class=\"alignnone size-medium wp-image-48471\" src=\"https:\/\/www.donaulife.com\/wp-content\/uploads\/2023\/07\/IMG_7286_large-300x225.webp\" alt=\"\" width=\"300\" height=\"225\" \/><\/p>\n<h2>EINFACH ZU BENUTZEN<\/h2>\n<p>Stelle den gew\u00fcnschten Druck, die Temperatur und die Pressdauer ein und verwende die beiden Tasten, um alles perfekt einzustellen.<br \/>\nStellen Sie den Druck auf die Maschine und die Geschwindigkeit des Luftdrucks ein, beides Funktionen, mit denen der Bediener die vollst\u00e4ndige Kontrolle hat. Diese Funktionen verhindern die M\u00f6glichkeit des Ausblasens. Die Presse verf\u00fcgt \u00fcber Sicherheitsmechanismen, einschlie\u00dflich einer Zweihandbedienung. Sollten Sie Ihre Presse abbrechen m\u00fcssen, dr\u00fccken Sie einfach die rote Stopptaste, um sie zu entriegeln.<\/p>\n<h2>PRODUKTION<\/h2>\n<p>Entwickelt f\u00fcr die Verwendung mit unseren Filterbeuteln.<br \/>\nDie Rosin Tech Pro ist eine hervorragende Wahl f\u00fcr Labore, die Rosin in gleichbleibender Qualit\u00e4t und in gro\u00dfen Mengen herstellen wollen. Sobald Sie die W\u00e4rmepresse anschlie\u00dfen und einschalten, k\u00f6nnen Sie sofort loslegen. Die Presse kann von jedermann bedient werden, sie ist so konzipiert, dass sie einfach zu bedienen ist und \u00fcber wichtige Sicherheitsfunktionen verf\u00fcgt.<\/p>\n<p><strong>Funktionsweise des Rosin-tech:<\/strong><\/p>\n<p>Die beiden Hauptfaktoren von Rosin-tech f\u00fcr das Dabbing sind Hitze und Druck.<\/p>\n<p>Die Kombination aus diesen beiden Faktoren vereint, f\u00fchrt dazu, dass die Trichome beginnen zu schmelzen und sich diese dann auf dem Pergamentpapier sammeln.<br \/>\nDas daraus resultierende Ergebnis ist ein wachsartiges Produkt.<\/p>\n<p><strong>Die Gr\u00fcnde daf\u00fcr liegen auf der Hand:<\/strong><\/p>\n<p>Es gibt kein ungewolltes Pflanzenmaterial in dem Produkt, da der Verbrennungspunkt bei 932-1292 \u00b0F liegt und der Rosin-Tech-Prozess nicht einmal ann\u00e4hernd an diesen Wert herankommt.<br \/>\nIm Gegensatz zu \u00d6len und Wachsen, die mit Hilfe von L\u00f6sungsmitteln extrahiert wurden, gibt es bei dieser Methode keine L\u00f6sungsmittel, welche sich in dem Resultat befinden. Somit kann ausgeschlossen werden, dass irgendwelche L\u00f6sungsmittel in dem Extrakt vorhanden sind. Somit kann auch garantiert werden, dass bei dem Konsum von diesem \u201epuren\u201c Extrakt, L\u00f6sungsmittel irgendeiner Art f\u00e4lschlicherweise konsumiert werden.<\/p>\n<p><strong>Bevorzugte Beutelgr\u00f6\u00dfen:<\/strong> 2&#8221; (5cm) x 3,5&#8221; (8,9cm) Beutel | 1,75&#8221; (4,45cm) x 5&#8221; (12,7cm) Beutel<\/p>\n<p><strong>Empfohlenes Zubeh\u00f6r:<\/strong> Mini Pre-Press | RTP Pergamentpapier<\/p>\n<h3>Rosin Tech BIG Smash\u2122 Merkmale<\/h3>\n<ul>\n<li>Druck: 13,6 Metrische Tonnen<\/li>\n<li><span style=\"color: #555555; font-size: 14.4px;\">24 cm x 8 cm massive Aluminium-Doppelheizplatten<\/span><\/li>\n<li>Gleichm\u00e4\u00dfige W\u00e4rmeverteilung mit Mikroprozessor-Pr\u00e4zisions-Temperaturanzeige;<\/li>\n<li>Temperaturbereich: 0\u00b0c &#8211; 200 \u00b0c;<\/li>\n<li>Digitale Temperaturkontrolle und digitaler automatischer Timer;<\/li>\n<\/ul>\n<h3>Spezifikationen:<\/h3>\n<ul>\n<li>Elektrisch: 220 Volt | 800 Watt | 8A<\/li>\n<li>Versandabmessungen: 86 cm x 45 cm x 40 cm; Gewicht: 90kg<\/li>\n<li>Inklusive RTP-Bedienungsanleitung<\/li>\n<li>*Versand am n\u00e4chsten Tag, au\u00dfer an Feiertagen und Wochenenden.<\/li>\n<\/ul>\n<p>R\u00fcckgabe- und Gew\u00e4hrleistungsbestimmungen: Alle Pressen werden mit einer einj\u00e4hrigen Garantie geliefert, die mit der Lieferung des Produkts beginnt. W\u00e4hrend dieser Zeit liefern wir kostenlos Ersatzteile f\u00fcr alles, was kaputt geht.<\/p>\n<p>Defekte Produkte m\u00fcssen innerhalb von 30 Tagen nach der urspr\u00fcnglichen Lieferung an unser Lager zur\u00fcckgeschickt werden und dort eingehen. Nach Ablauf der 30-Tage-Frist sind die Kunden f\u00fcr den Versand defekter Produkte verantwortlich. Wir \u00fcbernehmen die Kosten f\u00fcr den Versand von Ersatzprodukten an unsere Kunden.<\/p>\n<p><strong>Bitte beachte wir haben nicht alle Pressen lagernd. Diese werden direkt vom Hersteller an dich versendet. Die Lieferzeit betr\u00e4gt 1-2 Wochen innerhalb Europas. Die Rosin Tech Pressen werden direkt aus Tschechien versendet!<\/strong><\/p>\n","protected":false},"excerpt":{"rendered":"<p>13,6 metrische Tonnen Druck. Rosin Tech Products neueste l\u00f6sungsmittelfreie Extraktionspresse, Rosin Tech Pro\u2122. Mit digitalen Temperatur- und Zeitreglern, 13,6 Tonnen<\/p>\n","protected":false},"featured_media":40305,"comment_status":"open","ping_status":"closed","template":"","meta":{"_acf_changed":false},"product_cat":[2549,2571],"product_tag":[],"acf":[],"_links":{"self":[{"href":"https:\/\/donaulife-new.ogrisdigital.at\/fi\/wp-json\/wp\/v2\/product\/54775"}],"collection":[{"href":"https:\/\/donaulife-new.ogrisdigital.at\/fi\/wp-json\/wp\/v2\/product"}],"about":[{"href":"https:\/\/donaulife-new.ogrisdigital.at\/fi\/wp-json\/wp\/v2\/types\/product"}],"replies":[{"embeddable":true,"href":"https:\/\/donaulife-new.ogrisdigital.at\/fi\/wp-json\/wp\/v2\/comments?post=54775"}],"wp:featuredmedia":[{"embeddable":true,"href":"https:\/\/donaulife-new.ogrisdigital.at\/fi\/wp-json\/wp\/v2\/media\/40305"}],"wp:attachment":[{"href":"https:\/\/donaulife-new.ogrisdigital.at\/fi\/wp-json\/wp\/v2\/media?parent=54775"}],"wp:term":[{"taxonomy":"product_cat","embeddable":true,"href":"https:\/\/donaulife-new.ogrisdigital.at\/fi\/wp-json\/wp\/v2\/product_cat?post=54775"},{"taxonomy":"product_tag","embeddable":true,"href":"https:\/\/donaulife-new.ogrisdigital.at\/fi\/wp-json\/wp\/v2\/product_tag?post=54775"}],"curies":[{"name":"wp","href":"https:\/\/api.w.org\/{rel}","templated":true}]}}