{"id":54764,"date":"2023-07-10T13:25:53","date_gmt":"2023-07-10T13:25:53","guid":{"rendered":"https:\/\/donaulife-new.ogrisdigital.at\/produkt\/raw-mischschale-blondie-hochformat-l\/"},"modified":"2025-01-15T07:07:13","modified_gmt":"2025-01-15T07:07:13","slug":"raw-mischschale-blondie-hochformat-l","status":"publish","type":"product","link":"https:\/\/donaulife-new.ogrisdigital.at\/fi\/raw-mischschale-blondie-hochformat-l\/","title":{"rendered":"RAW Mischschale &#8216;Blondie&#8217; hochformat | L"},"content":{"rendered":"<h2>RAW Rolling Tray Blondie im Hochformat<\/h2>\n<p>In Sachen selbstgedrehte spielt RAW ganz vorne mit! Diese \u00e4u\u00dferst stabile Misch- und Drehunterlage eignet sich perfekt f\u00fcr deine eigens gedrehten Zigaretten. Das Design spricht selbst f\u00fcr sich \ud83d\ude42<\/p>\n<p>Ma\u00dfe: 27,5 cm x 34 cm<\/p>\n<h3>\u00dcber RAW:<\/h3>\n<p>RAW \u2013 Die nat\u00fcrliche Art zu rollen.<br \/>\nSeit dem 1. Tag hat RAW den Auftrag, die F\u00fchrungsrolle in der Papierrollenindustrie zu \u00fcbernehmen. RAW hat die Welt des Rauchens revolutioniert, indem sie Produkte geschaffen hat, die von Natur aus genial gestaltet sind, um das Raucherlebnis zu verbessern.<br \/>\nRAW stellt nur qualitativ hochwertige und umweltfreundliche Produkte her, die Ihr Raucherlebnis verbessern, und wir werden das wof\u00fcr wir stehen niemals \u00e4ndern. Wir genie\u00dfen es, unser unraffiniertes Papier jeden Tag zu rauchen, und wir werden es immer komplett rein also \u201cRAW\u201d belassen \u2013 f\u00fcr dich und uns!<\/p>\n","protected":false},"excerpt":{"rendered":"<p>RAW Rolling Tray Blondie im Hochformat In Sachen selbstgedrehte spielt RAW ganz vorne mit! Diese \u00e4u\u00dferst stabile Misch- und Drehunterlage<\/p>\n","protected":false},"featured_media":40255,"comment_status":"open","ping_status":"open","template":"","meta":{"_acf_changed":false},"product_cat":[2794,2489,2451,2793,2490],"product_tag":[2493],"acf":[],"_links":{"self":[{"href":"https:\/\/donaulife-new.ogrisdigital.at\/fi\/wp-json\/wp\/v2\/product\/54764"}],"collection":[{"href":"https:\/\/donaulife-new.ogrisdigital.at\/fi\/wp-json\/wp\/v2\/product"}],"about":[{"href":"https:\/\/donaulife-new.ogrisdigital.at\/fi\/wp-json\/wp\/v2\/types\/product"}],"replies":[{"embeddable":true,"href":"https:\/\/donaulife-new.ogrisdigital.at\/fi\/wp-json\/wp\/v2\/comments?post=54764"}],"wp:featuredmedia":[{"embeddable":true,"href":"https:\/\/donaulife-new.ogrisdigital.at\/fi\/wp-json\/wp\/v2\/media\/40255"}],"wp:attachment":[{"href":"https:\/\/donaulife-new.ogrisdigital.at\/fi\/wp-json\/wp\/v2\/media?parent=54764"}],"wp:term":[{"taxonomy":"product_cat","embeddable":true,"href":"https:\/\/donaulife-new.ogrisdigital.at\/fi\/wp-json\/wp\/v2\/product_cat?post=54764"},{"taxonomy":"product_tag","embeddable":true,"href":"https:\/\/donaulife-new.ogrisdigital.at\/fi\/wp-json\/wp\/v2\/product_tag?post=54764"}],"curies":[{"name":"wp","href":"https:\/\/api.w.org\/{rel}","templated":true}]}}